{"id":9,"date":"2012-09-19T11:29:06","date_gmt":"2012-09-19T11:29:06","guid":{"rendered":"http:\/\/dev.michaellaitman.kbb1.com\/?page_id=9"},"modified":"2025-06-25T13:01:42","modified_gmt":"2025-06-25T13:01:42","slug":"integral-persective","status":"publish","type":"page","link":"https:\/\/www.michaellaitman.com\/tr\/person\/integral-persective\/","title":{"rendered":"\u0130ntegral Perspektif"},"content":{"rendered":"<div id=\"attachment_127\" style=\"width: 242px\" class=\"wp-caption alignleft\"><a href=\"https:\/\/www.michaellaitman.com\/tr\/wp-content\/uploads\/2012\/09\/13.jpg\" rel=\"attachment wp-att-127\"><img loading=\"lazy\" decoding=\"async\" aria-describedby=\"caption-attachment-127\" class=\" wp-image-127\" src=\"https:\/\/www.michaellaitman.com\/tr\/wp-content\/uploads\/2012\/09\/13.jpg\" alt=\"International Conference &quot;Table of Free Voices&quot; in Berlin, Germany\" width=\"232\" height=\"139\"><\/a><p id=\"caption-attachment-127\" class=\"wp-caption-text\">Almanya, Berlin Uluslararas\u0131 \u201c\u00d6zg\u00fcr Sesler Masas\u0131\u201d Konferans\u0131<\/p><\/div>\n<p style=\"text-align: justify;\">Bug\u00fcn k\u00fcresel anlamda kar\u015f\u0131l\u0131kl\u0131 ba\u011f hayat\u0131m\u0131z\u0131n ka\u00e7\u0131n\u0131lmaz bir unsuru haline gelmi\u015ftir. Ancak insanl\u0131k, bu yeni a\u015famaya uyum sa\u011flamak i\u00e7in gereken sistemleri, de\u011ferleri ve fark\u0131ndal\u0131\u011f\u0131 hen\u00fcz edinememi\u015ftir.<\/p>\n<p style=\"text-align: justify;\">T\u00fcm bu sorunlara \u00e7\u00f6z\u00fcm bulmak i\u00e7in, d\u00fcnya genelinde sorumluluk i\u00e7inde ya\u015famay\u0131 bize \u00f6\u011fretecek olan yeni k\u00fcresel modele, nas\u0131l uyum sa\u011flayaca\u011f\u0131m\u0131z\u0131 \u00f6\u011frenmemiz gerekir.<\/p>\n<p style=\"text-align: justify;\">Bug\u00fcn g\u00f6rd\u00fc\u011f\u00fcm\u00fcz \u015fey \u015fudur ki, y\u0131llard\u0131r i\u00e7inde ya\u015fad\u0131\u011f\u0131m\u0131z sosyal, politik ve ekonomik sistemler, asl\u0131nda k\u00fcresel anlamda birbirimize ba\u011fl\u0131 oldu\u011fumuz olgusunu idrak etmemize olanak vermemektedir. Bu sebeple d\u00fcnya genelinde de\u011fi\u015fime sebep olan finansal krizle ate\u015flenen sorunlarda b\u00fcy\u00fck art\u0131\u015f g\u00f6r\u00fcyoruz.<\/p>\n<p style=\"text-align: justify;\">Bug\u00fcn\u00fcn bireysel de\u011ferlere dayanan ekonomisi, bu yeni model birbirine ba\u011fl\u0131 k\u00fcresel d\u00fcnyada i\u015fe yaramayacak. Bu yeni ko\u015fullar insanlardan kendilerini k\u00fcresel anlamda belirgin bir \u015fekilde de\u011fi\u015ftirmelerini ve ya\u015famlar\u0131n\u0131 nas\u0131l d\u00fczenleyeceklerini \u00f6\u011frenmelerini talep eder.<\/p>\n","protected":false},"excerpt":{"rendered":"<p>Bug\u00fcn k\u00fcresel anlamda kar\u015f\u0131l\u0131kl\u0131 ba\u011f hayat\u0131m\u0131z\u0131n ka\u00e7\u0131n\u0131lmaz bir unsuru haline gelmi\u015ftir. Ancak insanl\u0131k, bu yeni a\u015famaya uyum sa\u011flamak i\u00e7in gereken sistemleri, de\u011ferleri ve fark\u0131ndal\u0131\u011f\u0131 hen\u00fcz edinememi\u015ftir. T\u00fcm bu sorunlara \u00e7\u00f6z\u00fcm bulmak i\u00e7in, d\u00fcnya genelinde sorumluluk i\u00e7inde ya\u015famay\u0131 bize \u00f6\u011fretecek olan<span class=\"ellipsis\">&hellip;<\/span><\/p>\n<div class=\"read-more\"><a href=\"https:\/\/www.michaellaitman.com\/tr\/person\/integral-persective\/\">Read more &#8250;<\/a><\/div>\n<p><!-- end of .read-more --><\/p>\n","protected":false},"author":1,"featured_media":0,"parent":56,"menu_order":1,"comment_status":"open","ping_status":"open","template":"sidebar-content-page.php","meta":{"ngg_post_thumbnail":0,"footnotes":""},"class_list":["post-9","page","type-page","status-publish","hentry"],"_links":{"self":[{"href":"https:\/\/www.michaellaitman.com\/tr\/wp-json\/wp\/v2\/pages\/9","targetHints":{"allow":["GET"]}}],"collection":[{"href":"https:\/\/www.michaellaitman.com\/tr\/wp-json\/wp\/v2\/pages"}],"about":[{"href":"https:\/\/www.michaellaitman.com\/tr\/wp-json\/wp\/v2\/types\/page"}],"author":[{"embeddable":true,"href":"https:\/\/www.michaellaitman.com\/tr\/wp-json\/wp\/v2\/users\/1"}],"replies":[{"embeddable":true,"href":"https:\/\/www.michaellaitman.com\/tr\/wp-json\/wp\/v2\/comments?post=9"}],"version-history":[{"count":2,"href":"https:\/\/www.michaellaitman.com\/tr\/wp-json\/wp\/v2\/pages\/9\/revisions"}],"predecessor-version":[{"id":445,"href":"https:\/\/www.michaellaitman.com\/tr\/wp-json\/wp\/v2\/pages\/9\/revisions\/445"}],"up":[{"embeddable":true,"href":"https:\/\/www.michaellaitman.com\/tr\/wp-json\/wp\/v2\/pages\/56"}],"wp:attachment":[{"href":"https:\/\/www.michaellaitman.com\/tr\/wp-json\/wp\/v2\/media?parent=9"}],"curies":[{"name":"wp","href":"https:\/\/api.w.org\/{rel}","templated":true}]}}