{"id":66,"date":"2012-09-23T21:36:40","date_gmt":"2012-09-23T21:36:40","guid":{"rendered":"http:\/\/dev.michaellaitman.kbb1.com\/?page_id=66"},"modified":"2013-02-04T16:17:18","modified_gmt":"2013-02-04T16:17:18","slug":"a-guide-to-the-new-world","status":"publish","type":"page","link":"https:\/\/www.michaellaitman.com\/tr\/books\/a-guide-to-the-new-world\/","title":{"rendered":"A Guide to the New World"},"content":{"rendered":"<p><img loading=\"lazy\" decoding=\"async\" class=\"alignleft size-medium wp-image-119\" src=\"http:\/\/static.idefix.com\/cache\/0\/270\/415399\" alt=\"\" width=\"195\" height=\"300\" \/><\/p>\n<p style=\"text-align: justify\"><strong>B\u00fct\u00fcnsel Toplumun Psikolojisi<\/strong><\/p>\n<p style=\"text-align: justify\">\u201c<em>B\u00fct\u00fcnsel Toplumun Psikolojisi<\/em> e\u011fitime k\u00f6kten de\u011fi\u015fimci bir yakla\u015f\u0131m sunar. Kar\u015f\u0131l\u0131kl\u0131 olarak birbirimize ba\u011fl\u0131 ve ba\u011f\u0131ml\u0131 oldu\u011fumuz bir d\u00fcnyada \u00e7ocuklara akranlar\u0131 ile rekabet etmeyi \u00f6\u011fretmek, ancak sol elin sa\u011f ele kurnazl\u0131k taslamas\u0131 kadar \u201cak\u0131ll\u0131ca\u201d\u00a0 olur. B\u00fct\u00fcnsel bir toplum,\u00a0 t\u00fcm elemanlar\u0131n\u0131n toplumun refah\u0131na ve ba\u015far\u0131s\u0131na katk\u0131da bulundu\u011fu bir toplumdur. Bunun kar\u015f\u0131l\u0131\u011f\u0131nda da t\u00fcm elemanlar\u0131n\u0131n refah\u0131 ve ba\u015far\u0131s\u0131ndan sorumlu olan bir toplumdur, b\u00f6ylece kar\u015f\u0131l\u0131kl\u0131 bir ba\u011f\u0131ml\u0131l\u0131k olu\u015fur. K\u00fcresel ve b\u00fct\u00fcnsel bir d\u00fcnyada, anlaml\u0131 ve s\u00fcrd\u00fcr\u00fclebilir tek hayat tarz\u0131 da budur.<\/p>\n<p style=\"text-align: justify\">Bu kitapta, Profes\u00f6r Michael Laitman ve Profes\u00f6r Anatoly Ulianov bir seri kar\u015f\u0131l\u0131kl\u0131 konu\u015fma ile e\u011fitime ufuk a\u00e7\u0131c\u0131 bir yakla\u015f\u0131mla \u0131\u015f\u0131k tutmaktalar. Rekabet i\u00e7inde olmamak, sosyal bir \u00e7evre i\u00e7inde yeti\u015ftirilmek, akranlar\u0131n e\u015fitli\u011fi, kar\u015f\u0131l\u0131ks\u0131z verenlerin \u00f6d\u00fcllendirilmesi, s\u00fcrekli de\u011fi\u015fen grup ve \u00f6\u011fretmen yap\u0131s\u0131, bu kitap i\u00e7indeki yeni kavramlardan sadece birka\u00e7 tanesidir. \u00a021. inci y\u00fczy\u0131lda daha iyi bir anne-baba, daha iyi bir \u00f6\u011fretmen ve daha iyi bir insan olmak isteyen herkesin bu kitab\u0131 okumas\u0131 mutlaka gerekli.\u201d<\/p>\n<p style=\"text-align: justify\">____________________________________________________________________________<\/p>\n<p><img loading=\"lazy\" decoding=\"async\" class=\"alignleft\" src=\"http:\/\/static.idefix.com\/cache\/0\/270\/415395\" alt=\"\" width=\"195\" height=\"300\" \/><\/p>\n<p><strong>Yeni D\u00fcnya Rehberi<\/strong><\/p>\n<p>Neden Kar\u015f\u0131l\u0131kl\u0131 Sorumluluk? \u00c7\u00fcnk\u00fc bu, k\u00fcresel krizden kurtulma anahtar\u0131m\u0131z<\/p>\n<p style=\"text-align: justify\">Neden d\u00fcnya n\u00fcfusunun y\u00fczde biri t\u00fcm zenginli\u011finin y\u00fczde k\u0131rk\u0131na sahip? Neden d\u00fcnya genelinde e\u011fitim sistemi, mutsuz ve e\u011fitilmemi\u015f \u00e7ocuklar yeti\u015ftiriyor? Neden a\u00e7l\u0131k var? Her bir \u00fcr\u00fcnden herkese yetecek kadar fazlas\u0131yla \u00fcretildi\u011fi halde, neden ya\u015fam maliyetleri art\u0131yor? Neden h\u00e2l\u00e2 sosyal adaletin ve insanl\u0131\u011fa verilen de\u011ferin olmad\u0131\u011f\u0131 \u00fclkeler var? Her \u015feyden \u00f6nemlisi, nas\u0131l ve ne zaman bu yanl\u0131\u015flar d\u00fczeltilecek?<\/p>\n<p style=\"text-align: justify\">___________________________________________________________________________<\/p>\n<p style=\"text-align: justify\">\n<p style=\"text-align: justify\">\n<p style=\"text-align: justify\">\n<p style=\"text-align: justify\"><strong><img loading=\"lazy\" decoding=\"async\" class=\"alignleft\" src=\"http:\/\/static.idefix.com\/cache\/0\/270\/415382\" alt=\"\" width=\"195\" height=\"300\" \/>Yeni Ekonominin Yararlar\u0131<\/strong><\/p>\n<p style=\"text-align: justify\">Ekonomik krizlerin d\u00fcnyan\u0131n en iyi ekonomistlerinin t\u00fcm \u00e7abalar\u0131na ra\u011fmen neden sona ermedi\u011fini hi\u00e7 merak etti\u011finiz oldu mu? Bunun cevab\u0131 bizde, hepimizde yatar. Ekonomi aram\u0131zdaki ili\u015fkilerin bir yans\u0131mas\u0131d\u0131r. Do\u011fal geli\u015fim sonucu, d\u00fcnya hepimizin birbirine ba\u011f\u0131ml\u0131 oldu\u011fu b\u00fct\u00fcnle\u015fmi\u015f ve k\u00fcreselle\u015fmi\u015f bir k\u00f6y halini ald\u0131.<\/p>\n<p style=\"text-align: justify\">Kar\u015f\u0131l\u0131kl\u0131 ba\u011f\u0131ml\u0131l\u0131k ve k\u00fcreselle\u015fme d\u00fcnyan\u0131n bir par\u00e7as\u0131nda olan bir \u015feyin di\u011fer t\u00fcm par\u00e7alar\u0131n\u0131 da etkileyece\u011fi anlam\u0131na gelir. Bunun sonucu olarak, ba\u015fka par\u00e7alar hala hastayken bir par\u00e7an\u0131n iyile\u015ftirilmesi bu par\u00e7ay\u0131 da tekrar hasta edece\u011fi i\u00e7in, k\u00fcresel krizlerin \u00e7\u00f6z\u00fcm\u00fc t\u00fcm d\u00fcnyay\u0131 kapsamak zorundad\u0131r.<\/p>\n<p style=\"text-align: justify\"><em>Yeni Ekonominin Yararlar\u0131<\/em>: k\u00fcresel krizleri ortak sorumluluk yolu ile \u00e7\u00f6zmek, \u00a0ortak gelece\u011fimize duyulan endi\u015fe nedeni ile yaz\u0131lm\u0131\u015ft\u0131r. Amac\u0131 bug\u00fcn\u00fcn ekonomik karga\u015fas\u0131na, bu karga\u015fan\u0131n nedenlerine, bunun nas\u0131l \u00e7\u00f6z\u00fclece\u011fine ve beklenebilecek sonu\u00e7lar\u0131na olan anlay\u0131\u015f\u0131m\u0131z\u0131 geli\u015ftirmektir. Yeni ekonominin yolu yeni vergi d\u00fczenlemeleri, para basmak veya ge\u00e7mi\u015fteki iyile\u015ftirme yollar\u0131n\u0131n hi\u00e7birinden ge\u00e7mez. Aksine, \u00e7\u00f6z\u00fcm herkesin birbirini ortak g\u00fcvence ile destekledi\u011fi bir toplumda yatar. Bu birbirine duyarl\u0131 ve d\u00fc\u015f\u00fcnceli bir toplumsal \u00e7evre ve kar\u015f\u0131l\u0131kl\u0131 olarak birbirimize ba\u011f\u0131ml\u0131 olmam\u0131z nedeni ile herkesin birlikte y\u00fckselip birlikte d\u00fc\u015fece\u011fi anlay\u0131\u015f\u0131ni yarat\u0131r.<\/p>\n","protected":false},"excerpt":{"rendered":"<p>B\u00fct\u00fcnsel Toplumun Psikolojisi \u201cB\u00fct\u00fcnsel Toplumun Psikolojisi e\u011fitime k\u00f6kten de\u011fi\u015fimci bir yakla\u015f\u0131m sunar. Kar\u015f\u0131l\u0131kl\u0131 olarak birbirimize ba\u011fl\u0131 ve ba\u011f\u0131ml\u0131 oldu\u011fumuz bir d\u00fcnyada \u00e7ocuklara akranlar\u0131 ile rekabet etmeyi \u00f6\u011fretmek, ancak sol elin sa\u011f ele kurnazl\u0131k taslamas\u0131 kadar \u201cak\u0131ll\u0131ca\u201d\u00a0 olur. B\u00fct\u00fcnsel bir toplum,\u00a0<span class=\"ellipsis\">&hellip;<\/span><\/p>\n<div class=\"read-more\"><a href=\"https:\/\/www.michaellaitman.com\/tr\/books\/a-guide-to-the-new-world\/\">Read more &#8250;<\/a><\/div>\n<p><!-- end of .read-more --><\/p>\n","protected":false},"author":1,"featured_media":0,"parent":40,"menu_order":0,"comment_status":"open","ping_status":"open","template":"sidebar-content-page.php","meta":{"ngg_post_thumbnail":0,"footnotes":""},"class_list":["post-66","page","type-page","status-publish","hentry"],"_links":{"self":[{"href":"https:\/\/www.michaellaitman.com\/tr\/wp-json\/wp\/v2\/pages\/66","targetHints":{"allow":["GET"]}}],"collection":[{"href":"https:\/\/www.michaellaitman.com\/tr\/wp-json\/wp\/v2\/pages"}],"about":[{"href":"https:\/\/www.michaellaitman.com\/tr\/wp-json\/wp\/v2\/types\/page"}],"author":[{"embeddable":true,"href":"https:\/\/www.michaellaitman.com\/tr\/wp-json\/wp\/v2\/users\/1"}],"replies":[{"embeddable":true,"href":"https:\/\/www.michaellaitman.com\/tr\/wp-json\/wp\/v2\/comments?post=66"}],"version-history":[{"count":1,"href":"https:\/\/www.michaellaitman.com\/tr\/wp-json\/wp\/v2\/pages\/66\/revisions"}],"predecessor-version":[{"id":320,"href":"https:\/\/www.michaellaitman.com\/tr\/wp-json\/wp\/v2\/pages\/66\/revisions\/320"}],"up":[{"embeddable":true,"href":"https:\/\/www.michaellaitman.com\/tr\/wp-json\/wp\/v2\/pages\/40"}],"wp:attachment":[{"href":"https:\/\/www.michaellaitman.com\/tr\/wp-json\/wp\/v2\/media?parent=66"}],"curies":[{"name":"wp","href":"https:\/\/api.w.org\/{rel}","templated":true}]}}