{"id":62,"date":"2012-09-23T20:52:03","date_gmt":"2012-09-23T20:52:03","guid":{"rendered":"http:\/\/dev.michaellaitman.kbb1.com\/?page_id=62"},"modified":"2025-06-25T13:05:21","modified_gmt":"2025-06-25T13:05:21","slug":"leader-in-global-change","status":"publish","type":"page","link":"https:\/\/www.michaellaitman.com\/tr\/person\/leader-in-global-change\/","title":{"rendered":"K\u00fcresel De\u011fi\u015fimin \u00d6nc\u00fcs\u00fc"},"content":{"rendered":"<div id=\"attachment_131\" style=\"width: 205px\" class=\"wp-caption alignleft\"><a href=\"https:\/\/www.michaellaitman.com\/tr\/wp-content\/uploads\/2012\/09\/unesco.jpg\" rel=\"attachment wp-att-131\"><img loading=\"lazy\" decoding=\"async\" aria-describedby=\"caption-attachment-131\" class=\"size-thumbnail wp-image-131\" src=\"https:\/\/www.michaellaitman.com\/tr\/wp-content\/uploads\/2012\/09\/unesco.jpg\" alt=\"&quot;A true visionary.&quot; Irina Bokova Director-General of UNESCO Paris, 2011\" width=\"195\" height=\"290\" \/><\/a><p id=\"caption-attachment-131\" class=\"wp-caption-text\">&#8220;Ger\u00e7ek bir vizyoner.&#8221; Irina Bokova, UNESCO&#8217;nun Paris&#8217;te, 2011 Genel Direkt\u00f6r\u00fc<\/p><\/div>\n<p style=\"text-align: justify\">Dr. Laitman\u2019\u0131n k\u00fcresel e\u011fitim metodu kendisini \u201cger\u00e7ek bir vizyoner\u201d olarak tan\u0131mlayan UNESCO Genel Direkt\u00f6r\u00fc Mrs. Irina Bokova\u2019ya sunulmu\u015ftur.<\/p>\n<p style=\"text-align: justify\">Bu toplant\u0131 s\u0131ras\u0131nda hali haz\u0131rdaki e\u011fitim meseleleri ve Dr. Laitman\u2019\u0131n \u00e7\u00f6z\u00fcm \u00f6nerisi konu\u015fulmu\u015ftur. Dr.Laitman, bug\u00fcn\u00fcn gen\u00e7li\u011finin bir yandan ileti\u015fim teknolojisinin avantajlar\u0131n\u0131 kullan\u0131rken, di\u011fer yandan olduk\u00e7a dinamik olan k\u00fcresel d\u00fcnyaya kendilerini haz\u0131rlama ve ihtiya\u00e7lar\u0131n\u0131n kar\u015f\u0131lanmas\u0131 konusundaki eksiklikleri i\u00e7in endi\u015fe duymaktad\u0131r. ARI Enstit\u00fcs\u00fc, Birle\u015fmi\u015f Milletler\/UNESCO e\u011fitim giri\u015fimi program\u0131nda yer almas\u0131 i\u00e7in davet edilmi\u015ftir.<\/p>\n<p style=\"text-align: justify\">Bug\u00fcn Dr. Laitman, Birle\u015fmi\u015f Milletler e\u011fitim konular\u0131 dan\u0131\u015fman\u0131 olarak hizmet vermektedir. Kendisi \u015fu yay\u0131nlarda yer alm\u0131\u015ft\u0131r: Corriere della Sera gazetesi, Chicago Tribune, Miami Herald, Jerusalem Post ve Globe gazeteleri. Ayr\u0131ca SKY TV, Mediaset TV, Univision ve Bloomberg TV gibi \u00e7e\u015fitli televizyon programlar\u0131nda da yer alm\u0131\u015ft\u0131r.<\/p>\n","protected":false},"excerpt":{"rendered":"<p>Dr. Laitman\u2019\u0131n k\u00fcresel e\u011fitim metodu kendisini \u201cger\u00e7ek bir vizyoner\u201d olarak tan\u0131mlayan UNESCO Genel Direkt\u00f6r\u00fc Mrs. Irina Bokova\u2019ya sunulmu\u015ftur. Bu toplant\u0131 s\u0131ras\u0131nda hali haz\u0131rdaki e\u011fitim meseleleri ve Dr. Laitman\u2019\u0131n \u00e7\u00f6z\u00fcm \u00f6nerisi konu\u015fulmu\u015ftur. Dr.Laitman, bug\u00fcn\u00fcn gen\u00e7li\u011finin bir yandan ileti\u015fim teknolojisinin avantajlar\u0131n\u0131 kullan\u0131rken,<span class=\"ellipsis\">&hellip;<\/span><\/p>\n<div class=\"read-more\"><a href=\"https:\/\/www.michaellaitman.com\/tr\/person\/leader-in-global-change\/\">Read more &#8250;<\/a><\/div>\n<p><!-- end of .read-more --><\/p>\n","protected":false},"author":1,"featured_media":0,"parent":56,"menu_order":6,"comment_status":"open","ping_status":"open","template":"sidebar-content-page.php","meta":{"ngg_post_thumbnail":0,"footnotes":""},"class_list":["post-62","page","type-page","status-publish","hentry"],"_links":{"self":[{"href":"https:\/\/www.michaellaitman.com\/tr\/wp-json\/wp\/v2\/pages\/62","targetHints":{"allow":["GET"]}}],"collection":[{"href":"https:\/\/www.michaellaitman.com\/tr\/wp-json\/wp\/v2\/pages"}],"about":[{"href":"https:\/\/www.michaellaitman.com\/tr\/wp-json\/wp\/v2\/types\/page"}],"author":[{"embeddable":true,"href":"https:\/\/www.michaellaitman.com\/tr\/wp-json\/wp\/v2\/users\/1"}],"replies":[{"embeddable":true,"href":"https:\/\/www.michaellaitman.com\/tr\/wp-json\/wp\/v2\/comments?post=62"}],"version-history":[{"count":2,"href":"https:\/\/www.michaellaitman.com\/tr\/wp-json\/wp\/v2\/pages\/62\/revisions"}],"predecessor-version":[{"id":449,"href":"https:\/\/www.michaellaitman.com\/tr\/wp-json\/wp\/v2\/pages\/62\/revisions\/449"}],"up":[{"embeddable":true,"href":"https:\/\/www.michaellaitman.com\/tr\/wp-json\/wp\/v2\/pages\/56"}],"wp:attachment":[{"href":"https:\/\/www.michaellaitman.com\/tr\/wp-json\/wp\/v2\/media?parent=62"}],"curies":[{"name":"wp","href":"https:\/\/api.w.org\/{rel}","templated":true}]}}