{"id":61,"date":"2012-09-23T20:51:16","date_gmt":"2012-09-23T20:51:16","guid":{"rendered":"http:\/\/dev.michaellaitman.kbb1.com\/?page_id=61"},"modified":"2025-06-25T13:04:41","modified_gmt":"2025-06-25T13:04:41","slug":"internationally-best-selling-author","status":"publish","type":"page","link":"https:\/\/www.michaellaitman.com\/tr\/person\/internationally-best-selling-author\/","title":{"rendered":"Uluslararas\u0131 \u00c7ok Satan Yazar"},"content":{"rendered":"<div id=\"attachment_130\" style=\"width: 210px\" class=\"wp-caption alignleft\"><a href=\"https:\/\/www.michaellaitman.com\/tr\/wp-content\/uploads\/2012\/09\/index_img_7.jpg\" rel=\"attachment wp-att-130\"><img loading=\"lazy\" decoding=\"async\" aria-describedby=\"caption-attachment-130\" class=\"size-full wp-image-130\" src=\"https:\/\/www.michaellaitman.com\/tr\/wp-content\/uploads\/2012\/09\/index_img_7.jpg\" alt=\"High Panel on Peace and Dialogue among Cultures. UN Headquarters, New York\" width=\"200\" height=\"149\" \/><\/a><p id=\"caption-attachment-130\" class=\"wp-caption-text\">K\u00fclt\u00fcrler aras\u0131 Diyalog ve Bar\u0131\u015f Paneli,\u00a0 Birle\u015fmi\u015f Milletler Merkezi, New York<\/p><\/div>\n<p style=\"text-align: justify\">Son otuz y\u0131ld\u0131r Dr Laitman, bireylerin kendi i\u00e7lerinde ve etraflar\u0131ndaki \u00e7evrede ahengi bulmalar\u0131na yard\u0131m etme amac\u0131 ta\u015f\u0131yan 18 dile \u00e7evrilmi\u015f k\u0131rktan fazla kitap yay\u0131mlam\u0131\u015ft\u0131r.<\/p>\n<p style=\"text-align: justify\">Son kitab\u0131 <em>B\u00fct\u00fcnsel Toplum Psikolojisi(<\/em>krizi \u00e7\u00f6zmek i\u00e7in<em> <\/em>integral ve k\u00fcresel e\u011fitime olan ihtiya\u00e7la ilgili)<em> <\/em>ile ilgili \u015fu yorumlar yap\u0131lm\u0131\u015ft\u0131r:<\/p>\n<p style=\"text-align: justify\">\u201c<em>Toplum olarak rekabet etmekle ve \u00f6z\u00fcnde m\u00fcthi\u015f olan beraberce \u00e7al\u0131\u015fma kavram\u0131na tutunmaya \u00e7al\u0131\u015fmakla \u00e7ok zaman harc\u0131yoruz\u2026\u201d <\/em><\/p>\n<p style=\"text-align: justify\"><em>K\u00fcresel Alanda Bireycilik ve \u00d6zgecilik: Toplum Kar\u015f\u0131l\u0131kl\u0131 Olmaya Nas\u0131l Gelebilir: 21.Y\u00fczy\u0131lda Mutlu \u00c7ocuklar Yeti\u015ftirme Rehberi <\/em>kitab\u0131 i\u00e7in \u015fu yorum yap\u0131lm\u0131\u015ft\u0131r:<\/p>\n<p style=\"text-align: justify\">\u201c<em>Toplumun gelece\u011finin insanlar\u0131n i\u015fbirli\u011fi i\u00e7inde olmas\u0131na dayand\u0131\u011f\u0131n\u0131 ve son y\u0131llardaki toplumsal bozulmalar\u0131n sebebinin narsisizm ve a\u00e7 g\u00f6zl\u00fcl\u00fck oldu\u011funu belirten \u201cBireysellik ve \u00d6zgecilik\u201d, insan do\u011fas\u0131nda var olan iyimserli\u011fe inanlar i\u00e7in \u015fiddetle tavsiye edilir.\u201d\u00a0<\/em><\/p>\n","protected":false},"excerpt":{"rendered":"<p>Son otuz y\u0131ld\u0131r Dr Laitman, bireylerin kendi i\u00e7lerinde ve etraflar\u0131ndaki \u00e7evrede ahengi bulmalar\u0131na yard\u0131m etme amac\u0131 ta\u015f\u0131yan 18 dile \u00e7evrilmi\u015f k\u0131rktan fazla kitap yay\u0131mlam\u0131\u015ft\u0131r. Son kitab\u0131 B\u00fct\u00fcnsel Toplum Psikolojisi(krizi \u00e7\u00f6zmek i\u00e7in integral ve k\u00fcresel e\u011fitime olan ihtiya\u00e7la ilgili) ile ilgili<span class=\"ellipsis\">&hellip;<\/span><\/p>\n<div class=\"read-more\"><a href=\"https:\/\/www.michaellaitman.com\/tr\/person\/internationally-best-selling-author\/\">Read more &#8250;<\/a><\/div>\n<p><!-- end of .read-more --><\/p>\n","protected":false},"author":1,"featured_media":0,"parent":56,"menu_order":5,"comment_status":"open","ping_status":"open","template":"sidebar-content-page.php","meta":{"ngg_post_thumbnail":0,"footnotes":""},"class_list":["post-61","page","type-page","status-publish","hentry"],"_links":{"self":[{"href":"https:\/\/www.michaellaitman.com\/tr\/wp-json\/wp\/v2\/pages\/61","targetHints":{"allow":["GET"]}}],"collection":[{"href":"https:\/\/www.michaellaitman.com\/tr\/wp-json\/wp\/v2\/pages"}],"about":[{"href":"https:\/\/www.michaellaitman.com\/tr\/wp-json\/wp\/v2\/types\/page"}],"author":[{"embeddable":true,"href":"https:\/\/www.michaellaitman.com\/tr\/wp-json\/wp\/v2\/users\/1"}],"replies":[{"embeddable":true,"href":"https:\/\/www.michaellaitman.com\/tr\/wp-json\/wp\/v2\/comments?post=61"}],"version-history":[{"count":2,"href":"https:\/\/www.michaellaitman.com\/tr\/wp-json\/wp\/v2\/pages\/61\/revisions"}],"predecessor-version":[{"id":448,"href":"https:\/\/www.michaellaitman.com\/tr\/wp-json\/wp\/v2\/pages\/61\/revisions\/448"}],"up":[{"embeddable":true,"href":"https:\/\/www.michaellaitman.com\/tr\/wp-json\/wp\/v2\/pages\/56"}],"wp:attachment":[{"href":"https:\/\/www.michaellaitman.com\/tr\/wp-json\/wp\/v2\/media?parent=61"}],"curies":[{"name":"wp","href":"https:\/\/api.w.org\/{rel}","templated":true}]}}