{"id":366,"date":"2014-10-25T10:15:44","date_gmt":"2014-10-25T10:15:44","guid":{"rendered":"http:\/\/www.michaellaitman.com\/tr\/?page_id=366"},"modified":"2014-10-25T10:15:44","modified_gmt":"2014-10-25T10:15:44","slug":"yahudilerin-dunyaya-ne-borclari-var","status":"publish","type":"page","link":"https:\/\/www.michaellaitman.com\/tr\/israil-halki-sen-kimsin\/yahudilerin-dunyaya-ne-borclari-var\/","title":{"rendered":"Yahudilerin D\u00fcnyaya Ne Bor\u00e7lar\u0131 Var?"},"content":{"rendered":"<p style=\"text-align: justify\">Yazar: Michael Laitman<\/p>\n<p style=\"text-align: justify\"><strong>Cennete Giden Yolumuzu Sat\u0131nalmak <\/strong><\/p>\n<p style=\"text-align: justify\">Yahudiler i\u00e7in y\u0131l\u0131n en kutsal g\u00fcn\u00fc, oru\u00e7 tutup, dua ettikleri Yom Kipur (Kefaret G\u00fcn\u00fc)\u2019dur. Duan\u0131n \u00f6nemli bir par\u00e7as\u0131 da peygamber Yona\u2019n\u0131n (Yunus Peygamber) kitab\u0131n\u0131n okunmas\u0131d\u0131r. \u0130lgin\u00e7 bir \u015fekilde, bir\u00e7ok dinine ba\u011fl\u0131 Yahudi, bu kitab\u0131 dua s\u0131ras\u0131nda okuma hakk\u0131n\u0131 sat\u0131nalman\u0131n, y\u0131l\u0131n geri kalan k\u0131sm\u0131 i\u00e7in kendilerini ba\u015far\u0131l\u0131 k\u0131laca\u011f\u0131na inan\u0131rlar.<\/p>\n<p style=\"text-align: justify\">Do\u011fald\u0131r ki, o cemaatin sadece en zengininin g\u00fcc\u00fc, bu konuda rekabet etmeye yeter. \u00c7\u0131k\u0131lan rakamlar, o cemaatin refah\u0131na g\u00f6re de\u011fi\u015fiklikler g\u00f6sterir ve baz\u0131 durumlarda bu hakk\u0131n yar\u0131m milyon dolardan daha fazlas\u0131na da sat\u0131ld\u0131\u011f\u0131 g\u00f6r\u00fcl\u00fcr.<\/p>\n<p style=\"text-align: justify\"><strong>\u015eifreyi K\u0131rmak<\/strong><\/p>\n<p style=\"text-align: justify\">Her nas\u0131lsa, insanlar\u0131n fark\u0131nda olmad\u0131klar\u0131, Yona kitab\u0131n\u0131n bu kadar \u00f6nemli olmas\u0131n\u0131n <em>ger\u00e7ek<\/em> nedenidir. Kabalistler, bu okuman\u0131n, y\u0131l i\u00e7erisindeki en \u00f6nemli okuma oldu\u011funu tespit ettiler, \u00e7\u00fcnk\u00fc, bu kitap, insanl\u0131\u011f\u0131 kurtarman\u0131n \u015fifrelerinin detaylar\u0131n\u0131 verir ve bu, Kabalistlerin g\u00f6z\u00fcnde, her\u015feyden \u00e7ok daha \u00f6nemlidir.<\/p>\n<p style=\"text-align: justify\">Yona\u2019n\u0131n hikayesi olduk\u00e7a \u00f6zeldir, \u00e7\u00fcnk\u00fc, ilk olarak g\u00f6revinden ka\u00e7maya \u00e7al\u0131\u015fan, fakat, sonunda pi\u015fman olan bir peygamberden bahseder. Yona\u2019n\u0131n hikayesinin bir di\u011fer \u00f6zel y\u00f6n\u00fc ise, g\u00f6revinin \u0130srail halk\u0131n\u0131 uyarmak de\u011fil de, halk\u0131n\u0131n Yahudi olmad\u0131\u011f\u0131 Nineve \u015fehrini kurtarmak olmas\u0131d\u0131r. G\u00fcn\u00fcm\u00fcz d\u00fcnyas\u0131n\u0131n bu istikrars\u0131z ko\u015fullar\u0131nda, bu hikayeye ve herbirimiz i\u00e7in i\u00e7erdi\u011fi anlama \u00e7ok daha yak\u0131ndan bakmam\u0131z gerekmektedir.<\/p>\n<p style=\"text-align: justify\"><strong>Ya Gemiden D\u0131\u015far\u0131 \u00c7\u0131k, ya da Yola Gel<\/strong><\/p>\n<p style=\"text-align: justify\">Yaradan, Yona\u2019ya, birbirlerine kar\u015f\u0131 ahlaks\u0131z davran\u0131\u015flar sergileyen Nineve halk\u0131na, hayatta kalmak istiyorlarsa, aralar\u0131ndaki ili\u015fkileri d\u00fczeltmeleri gerekti\u011fini s\u00f6ylemesi emrini verir. Ancak, Yona g\u00f6revinden kurtulmak ve Yaradan\u2019\u0131n emrinden ka\u00e7mak \u00e7abas\u0131yla denize a\u00e7\u0131l\u0131r.<\/p>\n<p style=\"text-align: justify\">T\u0131pk\u0131 Yona gibi, biz Yahudiler de, son 2000 y\u0131ld\u0131r g\u00f6revimizden ka\u00e7\u0131yorduk. Ve art\u0131k, ka\u00e7maya devam etmeyi ba\u015faramaz bir hale geldik. Hz. \u0130brahim\u2019in bizleri di\u011ferlerini sevme \u00fczerine kurulu bir ulus haline getirmesinden bu yana, bizlere ge\u00e7en bir \u00f6devimiz var ve bu da, d\u00fcnyan\u0131n geri kalan\u0131 i\u00e7in bir birlik olma \u00f6rne\u011fi olu\u015fturmam\u0131z y\u00fck\u00fcml\u00fcl\u00fc\u011f\u00fcd\u00fcr. \u0130brahim, t\u00fcm insanl\u0131\u011f\u0131 birle\u015ftirmeyi istedi, fakat o zamanlarda sadece k\u00fc\u00e7\u00fck bir grup olu\u015fturmay\u0131 ba\u015farabildi<em>.(bu konuda daha fazla bilgi i\u00e7in, \u201c<a href=\"http:\/\/www.michaellaitman.com\/tr\/israil-halki-sen-kimsin\/\">\u0130srail Halk\u0131, Sen Kimsin?<\/a>\u201d makalemi inceleyebilirsiniz, 20 Eyl\u00fcl 2014 tarihinde New York Times gazetesinde yay\u0131mlanm\u0131\u015ft\u0131r).\u00a0\u00a0 <\/em><\/p>\n<p style=\"text-align: justify\">\u0130smi, \u0130srail Halk\u0131 olan bu grup, h\u00e2l\u00e2 d\u00fcnya i\u00e7in bir rol model haline gelmelidir. Avraaam Itzhak AKohen Kook (Raiah), \u0130srail\u2019in ilk Hahamba\u015f\u0131s\u0131, <em>Orot Kodesh<\/em> (<em>Kutsal I\u015f\u0131klar<\/em>) isimli kitab\u0131nda bunu \u015fiirsel olarak ortaya koymu\u015ftur, \u201cAs\u0131ls\u0131z bir nefretten harap oldu\u011fumuzdan,\u00a0 d\u00fcnya da bizimle harap oldu ve as\u0131ls\u0131z bir sevgiden yeniden in\u015fa olaca\u011f\u0131z ve d\u00fcnya da bizimle birlikte yeniden in\u015fa olacak.\u201d<\/p>\n<p style=\"text-align: justify\"><strong>F\u0131rt\u0131na Boyunca Uyumak<\/strong><\/p>\n<p style=\"text-align: justify\">Hikayede, Yona\u2019n\u0131n g\u00f6revinden bir gemi ile ka\u00e7mas\u0131, denizin kabarmas\u0131na ve nerdeyse geminin batmas\u0131na neden olur. F\u0131rt\u0131nan\u0131n en \u015fiddetli an\u0131nda, Yona, kendini gemideki karga\u015fadan ayr\u0131 tutarak, gemicileri kendi kaderlerine b\u0131rakmak \u00fczere uyumaya gider. Yava\u015f yava\u015f, gemidekiler, bu f\u0131rt\u0131nan\u0131n nedeninin aralar\u0131ndaki bir ki\u015fi y\u00fcz\u00fcnden oldu\u011fundan \u015f\u00fcphelenmeye ba\u015flarlar. Herkesi g\u00f6zden ge\u00e7irirler ve sonunda gemide yer alan tek Yahudi olan, Yona\u2019n\u0131n bu ki\u015fi oldu\u011funu ke\u015ffederler.<\/p>\n<p style=\"text-align: justify\">Bir\u00e7ok y\u00f6nden, g\u00fcn\u00fcm\u00fcz d\u00fcnyas\u0131 ile Yona\u2019n\u0131n gemisi benzer durumdad\u0131r: D\u00fcnyam\u0131z global bir k\u00f6y haline gelmi\u015ftir, sanki bizler hepimiz tek bir bot i\u00e7erisindeyiz ve etraf\u0131m\u0131zdaki deniz de kabar\u0131yor. Ve gemiciler yani t\u00fcm insanl\u0131k, t\u00fcm s\u0131k\u0131nt\u0131lar\u0131 i\u00e7in gemideki Yahudi\u2019yi su\u00e7luyorlar.<\/p>\n<p style=\"text-align: justify\">T\u0131pk\u0131 Yona gibi, bizler de uyuya kalm\u0131\u015f g\u00f6r\u00fcn\u00fcyoruz. Her ne kadar, bizlere kar\u015f\u0131 olan nefretin varl\u0131\u011f\u0131na uyanmaya ba\u015fl\u0131yor olsak da, bu nefretin nedeninin, t\u0131pk\u0131 Yona gibi, g\u00f6revimizi hala\u00a0 yerine getirmedi\u011fimizden kaynakland\u0131\u011f\u0131n\u0131n da fark\u0131na varmak zorunday\u0131z. E\u011fer, yak\u0131nda uyanmazsak, gemiciler bizleri gemiden d\u0131\u015far\u0131 f\u0131rlatacaklar, Yona\u2019ya yapm\u0131\u015f olduklar\u0131 gibi. Zohar kitab\u0131n\u0131n tefsiri olan, \u015eulam (Merdiven)\u00a0 kitab\u0131nda Yehuda A\u015flag\u2019\u0131n s\u00f6zlerinden: \u201cKendini ve d\u00fcnyadaki di\u011fer insanlar\u0131 tan\u0131mlamas\u0131 \u0130srail Ulus\u2019unun bir g\u00f6revidir\u2026 di\u011ferlerini sevmenin bu y\u00fcce \u00e7al\u0131\u015fmas\u0131n\u0131 \u00fcstlenerek geli\u015fmesi\u201d (Arvut &#8211; Kar\u015f\u0131l\u0131kl\u0131 Sorumluluk).<\/p>\n<p style=\"text-align: justify\"><strong>Uyanma \u00c7a\u011fr\u0131s\u0131<\/strong><\/p>\n<p style=\"text-align: justify\">Yona\u2019n\u0131n da i\u00e7inde bulundu\u011fu gemideki gemiciler, denizi sakinle\u015ftirmek i\u00e7in umutsuzca bir giri\u015fimde bulunurlar ve Yona\u2019n\u0131n talimat\u0131 ile onu denize f\u0131rlat\u0131rlar. Yona, denizdeyken, f\u0131rt\u0131na diner ancak bir balina gelir ve Yona\u2019y\u0131 yutar. \u00dc\u00e7 g\u00fcn, \u00fc\u00e7 gece boyunca Yona, balinan\u0131n midesindeyken bir i\u00e7sel de\u011ferlendirme ger\u00e7ekle\u015ftirir. Hayat\u0131 i\u00e7in yalvar\u0131r ve g\u00f6revini yerine getirece\u011fina dair s\u00f6z verir.<\/p>\n<p style=\"text-align: justify\">Yona gibi, herbirimiz de, bu d\u00fcnyay\u0131 uyand\u0131rmak i\u00e7in, i\u00e7imizde bir mesaj ta\u015f\u0131r\u0131z. Bizler, \u0130srail halk\u0131, ba\u011f kurma, birlik olma vas\u0131tas\u0131yla, bu d\u00fcnyada bar\u0131\u015f\u0131 sa\u011flamak i\u00e7in i\u00e7imizde bir metot ta\u015f\u0131r\u0131z. Birlik, varl\u0131\u011f\u0131m\u0131z\u0131n temel k\u00f6k\u00fcd\u00fcr. Bu DNA, bizleri insan yapar ve g\u00fcn\u00fcm\u00fczde bunu yeniden canland\u0131rmam\u0131z gerekmektedir, \u00e7\u00fcnk\u00fc her nereye gidersek, bu kullan\u0131lmam\u0131\u015f g\u00fc\u00e7, bizleri birli\u011fe getirmek i\u00e7in, etraf\u0131m\u0131zdaki d\u00fcnyay\u0131 dengesizle\u015ftirmeye devam etmekte.<\/p>\n<p style=\"text-align: justify\">Bizlerin aras\u0131ndaki birlik, uluslar\u0131n geri kalanlar\u0131na ilham kayna\u011f\u0131 olacak ve hatta onlar\u0131 bunu takip etmeye mecbur b\u0131rakacak, t\u0131pk\u0131 bizlerin aras\u0131ndaki ayr\u0131l\u0131\u011f\u0131n, b\u00f6l\u00fcnmenin, t\u00fcm insanl\u0131\u011fa b\u00f6l\u00fcnmeyi yans\u0131tt\u0131\u011f\u0131 gibi. Bu, antisemitizm dahil, t\u00fcm belalar\u0131m\u0131z\u0131n nedenidir. Bizler, birlik oldu\u011fumuzda, bu birlik, t\u00fcm insanl\u0131\u011fa, \u201ctek kalp\u2019de, tek adam gibi\u201d olarak ya\u015fayacaklar\u0131, d\u00fcnya genelindeki birle\u015fmeyi sa\u011flamak i\u00e7in gerekli olan enerjiyi sa\u011flayacakt\u0131r. O zaman, tek soru \u015fudur, bizler sorumlulu\u011fumuzu \u00fczerimize al\u0131yormuyuz yoksa gemiden denize at\u0131lmay\u0131 ve sonradan g\u00f6revimizi yerine getirmekle hemfikir olmay\u0131 m\u0131 tercih ediyoruz.<\/p>\n<p style=\"text-align: justify\">Ger\u00e7ekten de, e\u011fer sorunlar\u0131m\u0131z\u0131 sonland\u0131rmak ve antisemitizmden kurtulmak istiyorsak, e\u011fer yarg\u0131y\u0131, merhamete d\u00f6n\u00fc\u015ft\u00fcrmek ve g\u00fcvenli, mutlu bir hayat\u0131m\u0131z olsun istiyorsak, o zaman birle\u015fmeliyiz ve bu \u015fekilde de t\u00fcm uluslara birli\u011fin bir \u00f6rne\u011fi olmal\u0131y\u0131z. \u0130\u015fte, bu \u015fekilde d\u00fcnyaya bar\u0131\u015f ve s\u00fckunet getirebilece\u011fiz. Aksi takdirde, uluslar\u0131n bize kar\u015f\u0131 olan nefretleri giderek artmaya devam edecek. \u015eimdi, insanlar\u0131n <em>Yom Kipur<\/em>\u2019da Yona kitab\u0131n\u0131 okuma ayr\u0131cal\u0131\u011f\u0131n\u0131 edinmek i\u00e7in neden bu kadar \u00e7ok para \u00f6demeye istek duyduklar\u0131n\u0131 anlayabiliriz.<\/p>\n<p style=\"text-align: justify\">Bu yaz\u0131m\u0131, Kook (Raiah)\u2019dan yapaca\u011f\u0131m bir ba\u015fka al\u0131nt\u0131 ile sonland\u0131rmak istiyorum: \u201cD\u00fcnyadaki t\u00fcm karga\u015falar sadece \u0130srail i\u00e7in ger\u00e7ekle\u015firler. \u015eimdi, \u00e7ok b\u00fcy\u00fck bir g\u00f6revi isteyerek ve dikkatlice yerine getirmek i\u00e7in \u00e7a\u011fr\u0131ld\u0131k: kendimizi ve t\u00fcm bozulmu\u015f d\u00fcnyay\u0131 bizimle birlikte in\u015fa etmek.\u201d (<em>Igrot<\/em> &#8211; Mektuplar).<\/p>\n","protected":false},"excerpt":{"rendered":"<p>Yazar: Michael Laitman Cennete Giden Yolumuzu Sat\u0131nalmak Yahudiler i\u00e7in y\u0131l\u0131n en kutsal g\u00fcn\u00fc, oru\u00e7 tutup, dua ettikleri Yom Kipur (Kefaret G\u00fcn\u00fc)\u2019dur. Duan\u0131n \u00f6nemli bir par\u00e7as\u0131 da peygamber Yona\u2019n\u0131n (Yunus Peygamber) kitab\u0131n\u0131n okunmas\u0131d\u0131r. \u0130lgin\u00e7 bir \u015fekilde, bir\u00e7ok dinine ba\u011fl\u0131 Yahudi, bu<span class=\"ellipsis\">&hellip;<\/span><\/p>\n<div class=\"read-more\"><a href=\"https:\/\/www.michaellaitman.com\/tr\/israil-halki-sen-kimsin\/yahudilerin-dunyaya-ne-borclari-var\/\">Read more &#8250;<\/a><\/div>\n<p><!-- end of .read-more --><\/p>\n","protected":false},"author":18,"featured_media":280,"parent":346,"menu_order":0,"comment_status":"open","ping_status":"open","template":"","meta":{"ngg_post_thumbnail":0,"footnotes":""},"class_list":["post-366","page","type-page","status-publish","has-post-thumbnail","hentry"],"_links":{"self":[{"href":"https:\/\/www.michaellaitman.com\/tr\/wp-json\/wp\/v2\/pages\/366","targetHints":{"allow":["GET"]}}],"collection":[{"href":"https:\/\/www.michaellaitman.com\/tr\/wp-json\/wp\/v2\/pages"}],"about":[{"href":"https:\/\/www.michaellaitman.com\/tr\/wp-json\/wp\/v2\/types\/page"}],"author":[{"embeddable":true,"href":"https:\/\/www.michaellaitman.com\/tr\/wp-json\/wp\/v2\/users\/18"}],"replies":[{"embeddable":true,"href":"https:\/\/www.michaellaitman.com\/tr\/wp-json\/wp\/v2\/comments?post=366"}],"version-history":[{"count":0,"href":"https:\/\/www.michaellaitman.com\/tr\/wp-json\/wp\/v2\/pages\/366\/revisions"}],"up":[{"embeddable":true,"href":"https:\/\/www.michaellaitman.com\/tr\/wp-json\/wp\/v2\/pages\/346"}],"wp:featuredmedia":[{"embeddable":true,"href":"https:\/\/www.michaellaitman.com\/tr\/wp-json\/wp\/v2\/media\/280"}],"wp:attachment":[{"href":"https:\/\/www.michaellaitman.com\/tr\/wp-json\/wp\/v2\/media?parent=366"}],"curies":[{"name":"wp","href":"https:\/\/api.w.org\/{rel}","templated":true}]}}