{"id":346,"date":"2014-09-27T07:51:51","date_gmt":"2014-09-27T07:51:51","guid":{"rendered":"http:\/\/www.michaellaitman.com\/tr\/?page_id=346"},"modified":"2014-09-27T07:57:01","modified_gmt":"2014-09-27T07:57:01","slug":"israil-halki-sen-kimsin","status":"publish","type":"page","link":"https:\/\/www.michaellaitman.com\/tr\/israil-halki-sen-kimsin\/","title":{"rendered":"\u0130srail Halk\u0131, Sen Kimsin?"},"content":{"rendered":"<h3 style=\"text-align: justify\"><strong>Yazar: Michael Laitman<\/strong><\/h3>\n<p style=\"text-align: justify\">Yahudiler, bir kez daha zulme ve ac\u0131lara maruz b\u0131rak\u0131lm\u0131\u015flard\u0131r. Ben de bir Yahudi olarak, bu s\u00fcrekli devam eden \u0131st\u0131raplar\u0131n amac\u0131n\u0131n ne oldu\u011fu konusunda s\u0131k\u00e7a kafa yormu\u015fumdur. Baz\u0131lar\u0131, 2. D\u00fcnya Sava\u015f\u0131\u2019ndaki vah\u015fet uygulamalar\u0131n\u0131n g\u00fcn\u00fcm\u00fcz zaman\u0131nda d\u00fc\u015f\u00fcn\u00fclemeyece\u011fine inan\u0131yorlar. Ancak, g\u00f6r\u00fcyoruz ki, Holokost \u00f6ncesi d\u00fc\u015f\u00fcnce yap\u0131s\u0131 aniden ve ne kadar kolay, yeniden ortaya \u00e7\u0131kabiliyor ve \u201cHitler hakl\u0131yd\u0131\u201d ba\u011fr\u0131\u015fmalar\u0131 hem s\u0131kl\u0131kla hem de a\u00e7\u0131k bir \u015fekilde duyulmaya ba\u015flanabiliyor.<\/p>\n<p style=\"text-align: justify\">Fakat, bir umut var. Bu ak\u0131\u015f\u0131 tersine \u00e7evirebiliriz ve bunun\u00a0 i\u00e7in\u00a0 gerekli\u00a0 olan\u00a0 tek\u00a0 \u015fey\u00a0 b\u00fcy\u00fck\u00a0 resmin fark\u0131na varmam\u0131z.<\/p>\n<h3 style=\"text-align: justify\"><\/h3>\n<h3 style=\"text-align: justify\"><span style=\"color: #ff0000\">\u015eU ANDA NEREDEY\u0130Z ve BURAYA NEREDEN GELD\u0130K?<\/span><\/h3>\n<p style=\"text-align: justify\">\u0130nsanl\u0131k \u015fu anda bir d\u00f6n\u00fcm noktas\u0131nda. Globalizasyon, bizleri birbirine ba\u011fl\u0131 hale getirirken, insanlar da artan bir \u015fekilde birbirinden uzakla\u015fan ve nefret eden halde geli\u015fiyorlar. Bu s\u00fcrd\u00fcr\u00fclemez ve kolayca tutu\u015fup alev alabilecek durum, insanl\u0131\u011f\u0131n gelece\u011fi hakk\u0131nda bir karar al\u0131nmas\u0131n\u0131 gerektirmekte. Ancak, biz Yahudi Milletinin, bu senaryonun bir par\u00e7as\u0131 haline nas\u0131l geldi\u011fimizi anlamak i\u00e7in, t\u00fcm bunlar\u0131n ba\u015flad\u0131\u011f\u0131 yere geri gitmemiz gerekir.<\/p>\n<p style=\"text-align: justify\">\u0130srail halk\u0131 bundan 4000 y\u0131l kadar \u00f6nce antik Babil\u2019de ortaya \u00e7\u0131km\u0131\u015ft\u0131r. Babil, halk\u0131n\u0131n kendini birbirine ba\u011fl\u0131 ve birle\u015fmi\u015f hissetti\u011fi, geli\u015fmekte olan bir medeniyetti. Tora\u2019da ge\u00e7en kelimeler ile, \u201cT\u00fcm d\u00fcnya tek bir dilden ve sesten olu\u015fmaktayd\u0131\u201d (Bere\u015fit,11:1)<\/p>\n<p style=\"text-align: justify\">Fakat, beraberlikleri geli\u015fip, g\u00fc\u00e7lendik\u00e7e ayn\u0131 \u015fekilde egolar\u0131 da b\u00fcy\u00fcd\u00fc. Bunu k\u00f6t\u00fcye kullanmaya ba\u015flad\u0131lar ve en sonunda birbirlerinden nefret etmeye ba\u015flad\u0131lar. B\u00f6ylece, Babilliler kendilerini birbirlerine ba\u011fl\u0131 hissederlerken, \u015fiddetli bir \u015fekilde kuvvetlenen egolar\u0131 da, birbirlerine kar\u015f\u0131 artan bir \u015fekilde yabanc\u0131la\u015fmalar\u0131n\u0131 sa\u011flad\u0131. \u0130ki arada bir derede kalan Babilliler, bu durumlar\u0131na bir \u00e7\u00f6z\u00fcm aramaya ba\u015flad\u0131lar.<\/p>\n<h3 style=\"text-align: justify\"><\/h3>\n<h3 style=\"text-align: justify\"><span style=\"color: #ff0000\">KR\u0130ZE \u0130K\u0130 \u00c7\u00d6Z\u00dcM \u00d6NER\u0130S\u0130<\/span><\/h3>\n<p style=\"text-align: justify\">\u00c7\u00f6z\u00fcm aray\u0131\u015f\u0131, iki ayk\u0131r\u0131 d\u00fc\u015f\u00fcncenin \u015fekillenmesine yol a\u00e7t\u0131. \u0130lki, Babil Kral\u0131, Nimrod taraf\u0131ndan ortaya at\u0131ld\u0131, do\u011fal ve i\u00e7g\u00fcd\u00fcseldi: Da\u011f\u0131lmak. Kral Nimrod, insanlar birbirlerinden uzaktalarsa, kavga etmezler g\u00f6r\u00fc\u015f\u00fcn\u00fc savundu.<\/p>\n<p style=\"text-align: justify\">\u0130kinci \u00e7\u00f6z\u00fcm, \u00fcnl\u00fc Babilli bilge Avraham (Hz. \u0130brahim) taraf\u0131ndan \u00f6nerildi. \u0130nsan toplumunun Do\u011fa\u2019n\u0131n kanununa g\u00f6re, birle\u015fmeleri ve bir olmalar\u0131n\u0131n kaderlerinde oldu\u011funu savundu ve bu y\u00fczden geli\u015fmekte olan egolar\u0131na ra\u011fmen, bunun \u00fcst\u00fcnde Babillileri birle\u015ftirmek i\u00e7in m\u00fccadele etti.<\/p>\n<p style=\"text-align: justify\">\u00d6z\u00fcnde, \u0130brahim\u2019in metodu insanlar\u0131 egolar\u0131n\u0131n \u00fczerinde birle\u015ftirme \u015feklindeydi. Metodunu ya\u015fad\u0131\u011f\u0131 halk aras\u0131nda anlatmaya ba\u015flay\u0131nca, \u201cbinlerce ve on binlercesi onun etraf\u0131nda birle\u015ftiler ve \u201c\u2026 bu \u00f6\u011fretiyi onlar\u0131n kalplerine ekti\u201d diye yazar Maymonides (Mi\u015fne Tora, I. B\u00f6l\u00fcm). \u0130nsanlar\u0131n geri kalanlar\u0131 Nimrod\u2019un yolunu se\u00e7tiler: Da\u011f\u0131lmak, ge\u00e7imsiz kom\u015fular\u0131n, birbirlerinin yollar\u0131ndan uzak durmaya \u00e7al\u0131\u015fmalar\u0131 gibi. Bu da\u011f\u0131lm\u0131\u015f insanlar, yava\u015f yava\u015f, g\u00fcn\u00fcm\u00fczde \u201cinsan toplumu\u201d olarak bildi\u011fimiz hale geldiler.<\/p>\n<p style=\"text-align: justify\">Sadece \u015fimdi, 4000 y\u0131l kadar sonra, kimin yolunun do\u011fru oldu\u011funu art\u0131k de\u011ferlendirmeye ba\u015flayabiliriz.<\/p>\n<h3 style=\"text-align: justify\"><\/h3>\n<h3 style=\"text-align: justify\"><span style=\"color: #ff0000\">\u0130SRA\u0130L TOPLUMUNUN TEMEL\u0130<\/span><\/h3>\n<p style=\"text-align: justify\">Nimrod, \u0130brahim ve \u00f6\u011frencilerini, Babil\u2019den d\u0131\u015far\u0131 \u00e7\u0131kmaya zorlad\u0131 ve onlar da, daha sonra \u201c\u0130srail topraklar\u0131\u201d olarak bilinecek olan yere ta\u015f\u0131nd\u0131lar. \u201cKom\u015funu, kendin gibi sev\u201d \u00f6\u011fretisi ile uyumlu olacak \u015fekilde, birlik ve ba\u011fl\u0131l\u0131k \u00fczerinde \u00e7al\u0131\u015ft\u0131lar, egolar\u0131n\u0131n \u00fczerlerinde birle\u015ftiler ve bu sayede de \u201cbirli\u011fin g\u00fcc\u00fcn\u00fc\u201d ke\u015ffettiler. Do\u011fa\u2019n\u0131n gizli g\u00fcc\u00fcn\u00fc.<\/p>\n<p style=\"text-align: justify\">Her madde, birbirine z\u0131t iki g\u00fc\u00e7ten olu\u015fur; ba\u011flanma ve ayr\u0131lma -ki bu onlar\u0131 bir dengede tutar. Fakat insan toplumu, sadece negatif olan egonun g\u00fcc\u00fcn\u00fc kullanarak geli\u015fmektedir. Do\u011fa\u2019n\u0131n plan\u0131na g\u00f6re, bizlerin bu negatif g\u00fcc\u00fc bilin\u00e7li bir \u015fekilde pozitif g\u00fc\u00e7 olan birlik ile dengelememiz gerekmektedir. \u0130brahim, bu dengeyi sa\u011flayan bilgeli\u011fi ke\u015ffetti ve g\u00fcn\u00fcm\u00fczde bu bilgeli\u011fe \u201cKabala Bilgeli\u011fi\u201d diyoruz.<\/p>\n<h3 style=\"text-align: justify\"><\/h3>\n<h3 style=\"text-align: justify\"><span style=\"color: #ff0000\">\u0130SRA\u0130L, D\u0130REKT YARADAN\u2019A DO\u011eRU DEMEKT\u0130R<\/span><\/h3>\n<p style=\"text-align: justify\">\u0130brahim\u2019in \u00f6\u011frencileri, Ya\u015far El\u2019e (do\u011frudan Allah\u2019a \u2013 Yaradan\u2019a) ula\u015fma arzular\u0131ndan sonra kendilerini Ysrael (\u0130srail) olarak adland\u0131rd\u0131lar. Bu, Do\u011fa\u2019n\u0131n birlik olma g\u00fcc\u00fcn\u00fc ke\u015ffetmek ve b\u00f6ylece aralar\u0131nda bulunan egoyu dengelemek istedikleri anlam\u0131na gelmekteydi. Aralar\u0131ndaki birlik sayesinde, kendilerini birle\u015fme g\u00fcc\u00fcne, \u00fcst g\u00fc\u00e7 olan ger\u00e7ekli\u011fin g\u00fcc\u00fcn\u00fcn k\u00f6k\u00fcne dalm\u0131\u015f bir \u015fekilde buldular<\/p>\n<p style=\"text-align: justify\">Bu ke\u015fiflerine ek olarak, \u0130srail, ayn\u0131 zamanda insanl\u0131\u011f\u0131n geli\u015fim s\u00fcrecinde, di\u011fer Babillilerin de, (Nimrod\u2019un tavsiyesini dinleyerek, d\u00fcnyaya da\u011f\u0131lm\u0131\u015f olan ve g\u00fcn\u00fcm\u00fcz insanl\u0131\u011f\u0131n\u0131 olu\u015fturanlar\u0131n) birli\u011fi ba\u015farmalar\u0131 gerekti\u011fini \u00f6\u011frendiler.<\/p>\n<p style=\"text-align: justify\">Birlik sayesinde \u015fekillenen \u0130srail halk\u0131 ile, ayr\u0131\u015fma sayesinde \u015fekillenen insanl\u0131\u011f\u0131n geri kalan\u0131 aras\u0131ndaki bu tezatl\u0131k g\u00fcn\u00fcm\u00fczde bile h\u00e2l\u00e2 hissedilmektedir.<\/p>\n<h3 style=\"text-align: justify\"><\/h3>\n<h3 style=\"text-align: justify\"><span style=\"color: #ff0000\">S\u00dcRG\u00dcN<\/span><\/h3>\n<p style=\"text-align: justify\">Avraam\u2019\u0131n \u00f6\u011frencileri, \u0130srail halk\u0131, bir\u00e7ok i\u00e7sel m\u00fccadeleler deneyimlediler. Fakat, 2000 y\u0131ll\u0131k bir s\u00fcre i\u00e7in, aralar\u0131ndaki birlik galip geldi ve bu birlik onlar\u0131 bir arada tutan anahtar unsur olmu\u015ftu. Ger\u00e7ekten de ya\u015fad\u0131klar\u0131 \u00e7at\u0131\u015fmalar sadece aralar\u0131ndaki sevgiyi daha da g\u00fc\u00e7lendirecek kadard\u0131.<\/p>\n<p style=\"text-align: justify\">Ancak, yakla\u015f\u0131k olarak 2000 y\u0131l kadar \u00f6nce, egolar\u0131 \u00f6yle bir yo\u011funlu\u011fa ula\u015ft\u0131 ki, aralar\u0131ndaki birli\u011fi daha fazla koruyamaz hale geldiler. Aralar\u0131nda nedensiz bir nefret ve bencillik patlak verdi ve bu da aralar\u0131ndaki s\u00fcrg\u00fcne neden oldu. Asl\u0131nda, \u0130srail\u2019in s\u00fcrg\u00fcn\u00fc, fiziksel \u0130srail topraklar\u0131ndan olan s\u00fcrg\u00fcnden daha da fazlas\u0131d\u0131r; bu, birlikten s\u00fcr\u00fclmenin kendisidir. \u0130srail Ulusu i\u00e7erisindeki yabanc\u0131la\u015fma, onlar\u0131n di\u011fer uluslar aras\u0131nda da\u011f\u0131lmalar\u0131na neden oldu.<\/p>\n<p style=\"text-align: justify\">G\u00fcn\u00fcm\u00fcze geri d\u00f6necek olursak; insanl\u0131k da \u015fu anda, antik Babillilerin ya\u015fam\u0131\u015f olduklar\u0131 ko\u015fullara benzer bir durumda: Yabanc\u0131la\u015fman\u0131n yan\u0131nda ba\u011f\u0131ml\u0131l\u0131k. \u00c7\u00fcnk\u00fc, bizler i\u00e7inde ya\u015fad\u0131\u011f\u0131m\u0131z bu global k\u00f6yde tamamen birbirimize ba\u011f\u0131ml\u0131y\u0131z. Nimrod\u2019un yollar\u0131m\u0131z\u0131 ay\u0131rma \u00e7\u00f6z\u00fcm\u00fc art\u0131k uygulanabilir durumda de\u011fil. \u015eimdi, Hz. \u0130brahim\u2019in metodunu kullanmam\u0131z gerekmektedir. Bu nedenle, daha \u00f6nce \u0130brahim\u2019in y\u00f6ntemini uygulayarak birlik olan Yahudi milleti, aralar\u0131ndaki bu ba\u011f\u0131 tekrar alevlendirmeli ve t\u00fcm insanl\u0131\u011fa ba\u011f kurman\u0131n, birlik olman\u0131n metodunu \u00f6\u011fretmelidir. Ve ta ki bunu kendi iste\u011fimizle ger\u00e7ekle\u015ftirene kadar, d\u00fcnyadaki di\u011fer uluslar bizi zorla bunu yapmaya mecbur b\u0131rakacaklar.<\/p>\n<p style=\"text-align: justify\">Ayn\u0131 konuda, Ford Motor \u015eirketi\u2019nin kurucusu ve antisemit olarak bilinen Henry Ford\u2019un, Uluslararas\u0131 Yahudi; D\u00fcnya\u2019n\u0131n en \u00f6nemli problemi, kitab\u0131ndaki s\u00f6zlerini de okumak olduk\u00e7a ilgin\u00e7tir: \u201cToplumun, ona (Yahudi) kar\u015f\u0131 b\u00fcy\u00fck bir talebi vard\u0131r ki \u2026 onun \u00fcst\u00fcnden o antik kehaneti \u2026 yerine getirmeye ba\u015flar \u2026 d\u00fcnyadaki t\u00fcm uluslar kutsanm\u0131\u015f olacakt\u0131r.\u201d<\/p>\n<h3 style=\"text-align: justify\"><\/h3>\n<h3 style=\"text-align: justify\"><span style=\"color: #ff0000\">ANT\u0130-SEM\u0130T\u0130ZM\u2019\u0130N K\u00d6KLER\u0130<\/span><\/h3>\n<p style=\"text-align: justify\">Ba\u015far\u0131l\u0131 bir insan toplumu in\u015fa etmek i\u00e7in, binlerce y\u0131l Nimrod\u2019un metodunu uygulad\u0131ktan sonra, d\u00fcnyadaki uluslar, problemlerinin \u00e7\u00f6z\u00fcm\u00fcn\u00fcn ne teknolojik ne de ekonomik ya da askeri olmad\u0131\u011f\u0131n\u0131 anlamaya ba\u015fl\u0131yorlar.<\/p>\n<p style=\"text-align: justify\">Bilin\u00e7altlar\u0131nda, \u00e7\u00f6z\u00fcm\u00fcn birlikte, \u0130srail halk\u0131nda mevcut olan ba\u011f kurma metodunda yatt\u0131\u011f\u0131n\u0131 hissediyorlar ve bu y\u00fczden Yahudilere ba\u011f\u0131ml\u0131 olduklar\u0131n\u0131 fark etmeye ba\u015fl\u0131yorlar. Bu, onlar\u0131n, Yahudilerin d\u00fcnyan\u0131n mutlulu\u011funun anahtar\u0131n\u0131 ellerinde bulundurduklar\u0131na inanmalar\u0131na ve d\u00fcnyada yer alan b\u00fct\u00fcn problemler i\u00e7in Yahudileri su\u00e7lamalar\u0131na neden oluyor.<\/p>\n<p style=\"text-align: justify\">Ger\u00e7ekten de, \u0130srail halk\u0131, di\u011ferlerini sevmeye dair ahlaki de\u011ferlerinin doruklar\u0131ndan d\u00fc\u015ft\u00fc\u011f\u00fcnde, di\u011fer uluslar aras\u0131nda \u0130srail nefreti tekrar ba\u015flamaktad\u0131r. Ve bu y\u00fczden, anti-semitizm sayesinde, d\u00fcnyadaki uluslar bizleri ba\u011flant\u0131n\u0131n metodunu a\u00e7\u0131\u011fa \u00e7\u0131karmam\u0131za k\u0131\u015fk\u0131rtmaktad\u0131rlar. Kabalist Kook, \u0130srail\u2019in ilk Hahamba\u015f\u0131s\u0131, bu ger\u00e7e\u011fi s\u00f6zleri ile i\u015faret etmi\u015ftir: \u201cAmalek, Hitler ve benzerleri, bizleri kurtulu\u015f sayesinde uyand\u0131rm\u0131\u015flard\u0131r\u201d (Raiah\u2019\u0131n Denemeleri, 1.Cilt) (Orjinal ad\u0131: Essays of the Raiah)<\/p>\n<p style=\"text-align: justify\">Ancak, \u0130srail halk\u0131 d\u00fcnyan\u0131n mutlulu\u011funun anahtar\u0131n\u0131 ellerinde tuttu\u011funun ve de anti-semitizmin kayna\u011f\u0131n\u0131n, Yahudilerin i\u00e7lerinde ta\u015f\u0131d\u0131klar\u0131 ba\u011f kurma metodu oldu\u011funun, mutlulu\u011fa giden anahtar oldu\u011funun, Kabala Bilgeli\u011fi oldu\u011funun ancak bunun da herkese if\u015fa olmad\u0131\u011f\u0131n\u0131n fark\u0131nda de\u011fildir.<\/p>\n<h3 style=\"text-align: justify\"><\/h3>\n<h3 style=\"text-align: justify\"><span style=\"color: #ff0000\">B\u0130LGEL\u0130\u011e\u0130N ZORUNLU \u0130F\u015eASI<\/span><\/h3>\n<p style=\"text-align: justify\">D\u00fcnya, birbirine z\u0131t, ba\u011f kurman\u0131n global g\u00fcc\u00fc ile egonun ay\u0131r\u0131c\u0131 g\u00fcc\u00fcn\u00fcn bask\u0131s\u0131 alt\u0131nda inlerken, bizler de antik Babil\u2019in \u00e7\u00f6k\u00fc\u015f\u00fcnden \u00f6nce var olan ko\u015fula do\u011fru d\u00fc\u015f\u00fcyoruz. Fakat, bizler g\u00fcn\u00fcm\u00fczde, egolar\u0131m\u0131z\u0131 yat\u0131\u015ft\u0131rmak i\u00e7in birbirimizden ayr\u0131lamay\u0131z. Tek se\u00e7ene\u011fimiz, aram\u0131zda kuraca\u011f\u0131m\u0131z ba\u011f\u0131m\u0131z ve birli\u011fimiz \u00fczerine \u00e7al\u0131\u015fmakt\u0131r. Bizler, egomuzun negatif g\u00fcc\u00fcn\u00fc dengeleyecek olan pozitif g\u00fcc\u00fc d\u00fcnyam\u0131za eklemek zorunday\u0131z.<\/p>\n<p style=\"text-align: justify\">\u0130brahim\u2019i takip eden, antik Babillilerin soyundan gelen \u0130srail halk\u0131, ba\u011f kurma bilgeli\u011fini, yani Kabala bilgeli\u011fini uygulamak zorundad\u0131rlar. T\u00fcm insanl\u0131\u011fa bir \u00f6rnek olmak zorundad\u0131rlar ve \u201cbu y\u00fczden t\u00fcm uluslara I\u015f\u0131k olacaklard\u0131r\u201d<\/p>\n<p style=\"text-align: justify\">Do\u011fa\u2019n\u0131n kanunlar\u0131, hepimizin birlik ko\u015fulunu ba\u015faraca\u011f\u0131m\u0131z\u0131 bizlere dikte etmektedir. Ancak, bu sonuca ula\u015fmak i\u00e7in iki yolumuz var: 1) d\u00fcnyan\u0131n sava\u015flardan ac\u0131lar \u00e7ekece\u011fi, felaketlerin, belalar\u0131n, do\u011fal afetlerin olaca\u011f\u0131 yol ya da 2) egonun a\u015fama a\u015fama dengelenece\u011fi, \u0130brahim\u2019in \u00f6\u011frencilerinin aras\u0131nda tohumlar\u0131n\u0131 ekmi\u015f oldu\u011fu yol. Bizim tavsiye etti\u011fimiz yol, ikincisidir.<\/p>\n<h3 style=\"text-align: justify\"><\/h3>\n<h3 style=\"text-align: justify\"><span style=\"color: #ff0000\">B\u0130RL\u0130K \u00c7\u00d6Z\u00dcMD\u00dcR<\/span><\/h3>\n<p style=\"text-align: justify\">Zohar Kitab\u0131\u2019nda \u015f\u00f6yle yaz\u0131l\u0131d\u0131r: \u201cHer \u015fey sevginin \u00fczerinde durur\u201d (VaEtchanan Pera\u015fas\u0131). \u201cKom\u015funu kendin gibi sev,\u201d Tora\u2019n\u0131n b\u00fcy\u00fck bir \u00f6\u011fretisidir; bu ayn\u0131 zamanda Kabala bilgeli\u011finin insanl\u0131\u011fa sunmu\u015f oldu\u011fu de\u011fi\u015fimin de \u00f6z\u00fcd\u00fcr. Yahudi Milletinin kendi aralar\u0131nda birlik olmas\u0131, Hz. \u0130brahim\u2019in metodunu t\u00fcm insanl\u0131k ile payla\u015fmak ad\u0131na bir zorunluluktur.<\/p>\n<p style=\"text-align: justify\">Zohar Kitab\u0131\u2019n\u0131n tefsiri olan Sulam (Merdiven) kitab\u0131n\u0131n yazar\u0131, Yehuda A\u015flag\u2019a g\u00f6re, \u201cT\u00fcm d\u00fcnyan\u0131n ve kendisinin niteliklerini yeterli hale getirmek \u0130srail\u2019in sorumlulu\u011fu \u00fczerindedir \u2026 di\u011ferlerini sevmenin y\u00fcce g\u00f6revini kendi \u00fczerlerine alana kadar geli\u015fmek, Yarad\u0131l\u0131\u015f\u0131n amac\u0131na olan merdivendir.\u201d E\u011fer bunu ba\u015farabilirsek, antisemitizmin k\u00f6k\u00fcn\u00fc kurutmak dahil, d\u00fcnyan\u0131n t\u00fcm problemlerine \u00e7\u00f6z\u00fcmler bulmu\u015f olaca\u011f\u0131z.<\/p>\n","protected":false},"excerpt":{"rendered":"<p>Yazar: Michael Laitman Yahudiler, bir kez daha zulme ve ac\u0131lara maruz b\u0131rak\u0131lm\u0131\u015flard\u0131r. Ben de bir Yahudi olarak, bu s\u00fcrekli devam eden \u0131st\u0131raplar\u0131n amac\u0131n\u0131n ne oldu\u011fu konusunda s\u0131k\u00e7a kafa yormu\u015fumdur. Baz\u0131lar\u0131, 2. D\u00fcnya Sava\u015f\u0131\u2019ndaki vah\u015fet uygulamalar\u0131n\u0131n g\u00fcn\u00fcm\u00fcz zaman\u0131nda d\u00fc\u015f\u00fcn\u00fclemeyece\u011fine inan\u0131yorlar. Ancak,<span class=\"ellipsis\">&hellip;<\/span><\/p>\n<div class=\"read-more\"><a href=\"https:\/\/www.michaellaitman.com\/tr\/israil-halki-sen-kimsin\/\">Read more &#8250;<\/a><\/div>\n<p><!-- end of .read-more --><\/p>\n","protected":false},"author":18,"featured_media":110,"parent":0,"menu_order":0,"comment_status":"open","ping_status":"open","template":"","meta":{"ngg_post_thumbnail":0,"footnotes":""},"class_list":["post-346","page","type-page","status-publish","has-post-thumbnail","hentry"],"_links":{"self":[{"href":"https:\/\/www.michaellaitman.com\/tr\/wp-json\/wp\/v2\/pages\/346","targetHints":{"allow":["GET"]}}],"collection":[{"href":"https:\/\/www.michaellaitman.com\/tr\/wp-json\/wp\/v2\/pages"}],"about":[{"href":"https:\/\/www.michaellaitman.com\/tr\/wp-json\/wp\/v2\/types\/page"}],"author":[{"embeddable":true,"href":"https:\/\/www.michaellaitman.com\/tr\/wp-json\/wp\/v2\/users\/18"}],"replies":[{"embeddable":true,"href":"https:\/\/www.michaellaitman.com\/tr\/wp-json\/wp\/v2\/comments?post=346"}],"version-history":[{"count":0,"href":"https:\/\/www.michaellaitman.com\/tr\/wp-json\/wp\/v2\/pages\/346\/revisions"}],"wp:featuredmedia":[{"embeddable":true,"href":"https:\/\/www.michaellaitman.com\/tr\/wp-json\/wp\/v2\/media\/110"}],"wp:attachment":[{"href":"https:\/\/www.michaellaitman.com\/tr\/wp-json\/wp\/v2\/media?parent=346"}],"curies":[{"name":"wp","href":"https:\/\/api.w.org\/{rel}","templated":true}]}}