{"id":32,"date":"2012-09-19T13:21:13","date_gmt":"2012-09-19T13:21:13","guid":{"rendered":"http:\/\/dev.michaellaitman.kbb1.com\/?page_id=32"},"modified":"2013-02-04T14:51:05","modified_gmt":"2013-02-04T14:51:05","slug":"global-thinker","status":"publish","type":"page","link":"https:\/\/www.michaellaitman.com\/tr\/person\/global-thinker\/","title":{"rendered":"Global D\u00fc\u015f\u00fcn\u00fcr"},"content":{"rendered":"<div id=\"attachment_122\" style=\"width: 226px\" class=\"wp-caption alignleft\"><a href=\"http:\/\/www.michaellaitman.com\/person\/global-thinker\/un-secretary\/\" rel=\"attachment wp-att-122\"><img loading=\"lazy\" decoding=\"async\" aria-describedby=\"caption-attachment-122\" class=\" wp-image-122  \" src=\"http:\/\/www.michaellaitman.com\/tr\/wp-content\/uploads\/ --all-tables2012\/09\/un-secretary-277x300.jpg\" alt=\"Meeting with Dr. Asha-Rose Migiro, Deputy Secretary General of the United Nations.\" width=\"216\" height=\"235\" srcset=\"https:\/\/www.michaellaitman.com\/tr\/wp-content\/uploads\/2012\/09\/un-secretary-277x300.jpg 277w, https:\/\/www.michaellaitman.com\/tr\/wp-content\/uploads\/2012\/09\/un-secretary.jpg 414w\" sizes=\"auto, (max-width: 216px) 100vw, 216px\" \/><\/a><p id=\"caption-attachment-122\" class=\"wp-caption-text\">Birle\u015fmi\u015f Milletler Genel Sekreteri Dr. Asha-Rose Migiro ile tan\u0131\u015fma.<\/p><\/div>\n<p>Micheal Laitman, zaman\u0131m\u0131z\u0131n en \u00f6nemli meselelerinin \u00e7\u00f6z\u00fcm\u00fc olarak g\u00f6rd\u00fc\u011f\u00fc yeni bir k\u00fcresel e\u011fitim program\u0131 vas\u0131tas\u0131yla toplumun de\u011fi\u015fimine kendini adam\u0131\u015f bir d\u00fc\u015f\u00fcn\u00fcrd\u00fcr.<\/p>\n<p>Her seviyedeki k\u00fcresel krizi \u00e7\u00f6zmek i\u00e7in onun \u00f6ng\u00f6r\u00fcs\u00fc e\u011fitimde dahil olmak \u00fczere, iklim de\u011fi\u015fikli\u011fi, a\u00e7l\u0131k ve t\u00fcm di\u011fer sosyal ve ekonomik sorunlarla ilgili yeni, kapsaml\u0131 k\u00fcresel ve b\u00fct\u00fcnsel bir e\u011fitim program\u0131 olu\u015fturmakt\u0131r. Dr. Laitman yak\u0131n zamanda bu yeni e\u011fitim \u00f6rne\u011finin prensiplerini ve yararlar\u0131n\u0131, UN Genel Sekreteri Dr. Asha-Rose Migiro ile New York Birle\u015fmi\u015f Milletler merkezinde payla\u015ft\u0131.<\/p>\n<p>M\u00fcspet ve be\u015feri bilimlerdeki akademik ge\u00e7mi\u015fi, e\u011fitim alan\u0131ndaki ara\u015ft\u0131rmalar\u0131 ve vizyonu onu se\u00e7kin bir d\u00fc\u015f\u00fcn\u00fcr ve \u00e7ok ra\u011fbet edilen bir konu\u015fmac\u0131 haline getirmi\u015ftir.<\/p>\n<p>Dr. Laitman Ontoloji ve Bilgi Kuram\u0131 Profes\u00f6r\u00fcd\u00fcr, Rusya Bilimler Akademisi, Moskova Felsefe Enstit\u00fcs\u00fc Felsefe ve Kabala doktora derecesi ve ayr\u0131ca St.Petersburg Politeknik \u00dcniversitesi Medical Sibernetik mast\u0131r derecesi vard\u0131r.<\/p>\n<p>&nbsp;<\/p>\n<p><a class=\"read-more\" title=\"Michael Laitman, PhD\" href=\"http:\/\/www.michaellaitman.com\/tr\/about\/\">Devam\u0131n\u0131 okuyun<\/a><\/p>\n","protected":false},"excerpt":{"rendered":"<p>Micheal Laitman, zaman\u0131m\u0131z\u0131n en \u00f6nemli meselelerinin \u00e7\u00f6z\u00fcm\u00fc olarak g\u00f6rd\u00fc\u011f\u00fc yeni bir k\u00fcresel e\u011fitim program\u0131 vas\u0131tas\u0131yla toplumun de\u011fi\u015fimine kendini adam\u0131\u015f bir d\u00fc\u015f\u00fcn\u00fcrd\u00fcr. Her seviyedeki k\u00fcresel krizi \u00e7\u00f6zmek i\u00e7in onun \u00f6ng\u00f6r\u00fcs\u00fc e\u011fitimde dahil olmak \u00fczere, iklim de\u011fi\u015fikli\u011fi, a\u00e7l\u0131k ve t\u00fcm di\u011fer sosyal<span class=\"ellipsis\">&hellip;<\/span><\/p>\n<div class=\"read-more\"><a href=\"https:\/\/www.michaellaitman.com\/tr\/person\/global-thinker\/\">Read more &#8250;<\/a><\/div>\n<p><!-- end of .read-more --><\/p>\n","protected":false},"author":1,"featured_media":0,"parent":56,"menu_order":0,"comment_status":"open","ping_status":"open","template":"sidebar-content-page.php","meta":{"ngg_post_thumbnail":0,"footnotes":""},"class_list":["post-32","page","type-page","status-publish","hentry"],"_links":{"self":[{"href":"https:\/\/www.michaellaitman.com\/tr\/wp-json\/wp\/v2\/pages\/32","targetHints":{"allow":["GET"]}}],"collection":[{"href":"https:\/\/www.michaellaitman.com\/tr\/wp-json\/wp\/v2\/pages"}],"about":[{"href":"https:\/\/www.michaellaitman.com\/tr\/wp-json\/wp\/v2\/types\/page"}],"author":[{"embeddable":true,"href":"https:\/\/www.michaellaitman.com\/tr\/wp-json\/wp\/v2\/users\/1"}],"replies":[{"embeddable":true,"href":"https:\/\/www.michaellaitman.com\/tr\/wp-json\/wp\/v2\/comments?post=32"}],"version-history":[{"count":1,"href":"https:\/\/www.michaellaitman.com\/tr\/wp-json\/wp\/v2\/pages\/32\/revisions"}],"predecessor-version":[{"id":308,"href":"https:\/\/www.michaellaitman.com\/tr\/wp-json\/wp\/v2\/pages\/32\/revisions\/308"}],"up":[{"embeddable":true,"href":"https:\/\/www.michaellaitman.com\/tr\/wp-json\/wp\/v2\/pages\/56"}],"wp:attachment":[{"href":"https:\/\/www.michaellaitman.com\/tr\/wp-json\/wp\/v2\/media?parent=32"}],"curies":[{"name":"wp","href":"https:\/\/api.w.org\/{rel}","templated":true}]}}