{"id":11,"date":"2012-09-19T11:29:42","date_gmt":"2012-09-19T11:29:42","guid":{"rendered":"http:\/\/dev.michaellaitman.kbb1.com\/?page_id=11"},"modified":"2025-06-25T13:03:51","modified_gmt":"2025-06-25T13:03:51","slug":"education-provider","status":"publish","type":"page","link":"https:\/\/www.michaellaitman.com\/tr\/person\/education-provider\/","title":{"rendered":"E\u011fitimci"},"content":{"rendered":"<div id=\"attachment_129\" style=\"width: 242px\" class=\"wp-caption alignleft\"><a href=\"https:\/\/www.michaellaitman.com\/tr\/wp-content\/uploads\/2012\/09\/IMG_8985.jpg\" rel=\"attachment wp-att-129\"><img loading=\"lazy\" decoding=\"async\" aria-describedby=\"caption-attachment-129\" class=\" wp-image-129 \" src=\"https:\/\/www.michaellaitman.com\/tr\/wp-content\/uploads\/2012\/09\/IMG_8985.jpg\" alt=\"Key-note Speaker at Florida International University (FIU), Miami, Florida. \" width=\"232\" height=\"154\" \/><\/a><p id=\"caption-attachment-129\" class=\"wp-caption-text\">Florida Uluslararas\u0131 \u00dcniversitesindeki(FIU)\u00a0 Konu\u015fma, Miami, Florida<\/p><\/div>\n<p style=\"text-align: justify\">Dr. Laitman, t\u00fcm d\u00fcnyadaki \u015fubelerinde e\u011fitim ve ara\u015ft\u0131rma yoluyla kendini insanl\u0131\u011f\u0131n iyili\u011fine adanm\u0131\u015f kar g\u00fctmeyen bir organizasyon olan ARI Enstit\u00fcs\u00fc Y\u00f6netim Kurulu Ba\u015fkan\u0131d\u0131r.<\/p>\n<p style=\"text-align: justify\">Micheal Laitman gittik\u00e7e birbirine ba\u011flanan bug\u00fcn\u00fcn d\u00fcnyas\u0131nda ya\u015famak i\u00e7in bize bir rehber sa\u011flamaktad\u0131r. Onun 21.y\u00fczy\u0131l\u0131n zorluklar\u0131yla y\u00fczle\u015febilmemizi sa\u011flayacak ayd\u0131nlat\u0131c\u0131 bak\u0131\u015f a\u00e7\u0131s\u0131 ya\u015fam\u0131n t\u00fcm ko\u015fular\u0131na de\u011finir: sosyal, ekonomik, \u00e7evresel ve \u00f6zellikle de e\u011fitim konular\u0131na.\u00a0 Kendisi birbirine s\u0131k\u0131ca ba\u011flanm\u0131\u015f bu d\u00fcnyada uyumlu bir toplum yaratmak i\u00e7in evrensel de\u011ferlere ve prensiplere dayal\u0131 yeni bir k\u00fcresel e\u011fitim metodu geli\u015ftirmi\u015ftir.<\/p>\n","protected":false},"excerpt":{"rendered":"<p>Dr. Laitman, t\u00fcm d\u00fcnyadaki \u015fubelerinde e\u011fitim ve ara\u015ft\u0131rma yoluyla kendini insanl\u0131\u011f\u0131n iyili\u011fine adanm\u0131\u015f kar g\u00fctmeyen bir organizasyon olan ARI Enstit\u00fcs\u00fc Y\u00f6netim Kurulu Ba\u015fkan\u0131d\u0131r. Micheal Laitman gittik\u00e7e birbirine ba\u011flanan bug\u00fcn\u00fcn d\u00fcnyas\u0131nda ya\u015famak i\u00e7in bize bir rehber sa\u011flamaktad\u0131r. Onun 21.y\u00fczy\u0131l\u0131n zorluklar\u0131yla y\u00fczle\u015febilmemizi<span class=\"ellipsis\">&hellip;<\/span><\/p>\n<div class=\"read-more\"><a href=\"https:\/\/www.michaellaitman.com\/tr\/person\/education-provider\/\">Read more &#8250;<\/a><\/div>\n<p><!-- end of .read-more --><\/p>\n","protected":false},"author":1,"featured_media":0,"parent":56,"menu_order":3,"comment_status":"open","ping_status":"open","template":"sidebar-content-page.php","meta":{"ngg_post_thumbnail":0,"footnotes":""},"class_list":["post-11","page","type-page","status-publish","hentry"],"_links":{"self":[{"href":"https:\/\/www.michaellaitman.com\/tr\/wp-json\/wp\/v2\/pages\/11","targetHints":{"allow":["GET"]}}],"collection":[{"href":"https:\/\/www.michaellaitman.com\/tr\/wp-json\/wp\/v2\/pages"}],"about":[{"href":"https:\/\/www.michaellaitman.com\/tr\/wp-json\/wp\/v2\/types\/page"}],"author":[{"embeddable":true,"href":"https:\/\/www.michaellaitman.com\/tr\/wp-json\/wp\/v2\/users\/1"}],"replies":[{"embeddable":true,"href":"https:\/\/www.michaellaitman.com\/tr\/wp-json\/wp\/v2\/comments?post=11"}],"version-history":[{"count":1,"href":"https:\/\/www.michaellaitman.com\/tr\/wp-json\/wp\/v2\/pages\/11\/revisions"}],"predecessor-version":[{"id":447,"href":"https:\/\/www.michaellaitman.com\/tr\/wp-json\/wp\/v2\/pages\/11\/revisions\/447"}],"up":[{"embeddable":true,"href":"https:\/\/www.michaellaitman.com\/tr\/wp-json\/wp\/v2\/pages\/56"}],"wp:attachment":[{"href":"https:\/\/www.michaellaitman.com\/tr\/wp-json\/wp\/v2\/media?parent=11"}],"curies":[{"name":"wp","href":"https:\/\/api.w.org\/{rel}","templated":true}]}}