{"id":105,"date":"2012-09-25T12:29:33","date_gmt":"2012-09-25T12:29:33","guid":{"rendered":"http:\/\/dev.michaellaitman.kbb1.com\/?page_id=105"},"modified":"2020-05-21T15:35:20","modified_gmt":"2020-05-21T15:35:20","slug":"about","status":"publish","type":"page","link":"https:\/\/www.michaellaitman.com\/tr\/about\/","title":{"rendered":"Michael Laitman, PhD"},"content":{"rendered":"<p style=\"text-align: left\" align=\"center\"><strong><a href=\"http:\/\/www.michaellaitman.com\/about\/img_3070_abrener-2\/\" rel=\"attachment wp-att-110\"><img loading=\"lazy\" decoding=\"async\" class=\"alignleft size-full wp-image-110\" src=\"http:\/\/www.michaellaitman.com\/tr\/wp-content\/uploads\/ --all-tables2012\/09\/IMG_3070_abrener1.jpg\" alt=\"\" width=\"232\" height=\"224\" \/><\/a><\/strong><\/p>\n<p style=\"text-align: justify\"><strong>Micheal Laitman Ontoloji ve Bilgi Kuram\u0131 Profes\u00f6r\u00fcd\u00fcr, Felsefe ve Kabala doktora derecesi ve Medikal Bio-Sibernetik mast\u0131r derecesi vard\u0131r. <\/strong><\/p>\n<p style=\"text-align: justify\"><strong>ARI ve Kabala E\u011fitim ve Ara\u015ft\u0131rma Enstit\u00fcs\u00fc kurucusu ve ba\u015fkan\u0131d\u0131r.<\/strong><\/p>\n<p style=\"text-align: justify\">Dr. Laitman Bnei Baruch internet sitesinde <a href=\"http:\/\/www.kabala.info.tr\/\">kabala.info.tr<\/a>, her g\u00fcn d\u00fcnya genelinde iki milyondan fazla ki\u015fiye, sekiz dilde ( \u0130ngilizce, \u0130spanyolca, \u0130branice, \u0130talyanca, Rus\u00e7a, Frans\u0131zca, T\u00fcrk\u00e7e ve Almanca) e\u011fitim vermektedir.<\/p>\n<p style=\"text-align: justify\">Dr. Laitman Felsefe ve Kabala alan\u0131nda doktora derecesini Rusya Bilimler Akademisi, Moskova Felsefe Enstit\u00fcs\u00fcnden, mast\u0131r derecesini de St. Petersburg Eyalet Politeknik \u00dcniversitesinden alm\u0131\u015ft\u0131r. Rusya Federasyonu Y\u00fcksek Akademik Tasdik Komisyonu taraf\u0131ndan kendisine verilen Ontoloji ve Bilgi Kuram\u0131 Profes\u00f6r\u00fc derecesi sahibi olmas\u0131 nedeniyle geni\u015f e\u011fitim tecr\u00fcbesine sahiptir.<\/p>\n<p style=\"text-align: justify\">Bug\u00fcne kadar, 18 dile \u00e7evrilmi\u015f k\u0131rktan fazla kitap yay\u0131mlam\u0131\u015ft\u0131r. Bunlar\u0131n en ses getirenleri \u015funlard\u0131r:<\/p>\n<p style=\"text-align: justify\">\u25cf <em>Yeni D\u00fcnya Rehberi:<\/em> <em>neden k\u00fcresel krizden \u00e7\u0131kmam\u0131z\u0131n anahtar\u0131 kar\u015f\u0131l\u0131kl\u0131 sorumluluktur? \u00a0<\/em>Kitapla ilgili yap\u0131lan yorumlardan biri \u015fudur: \u201cKitab\u0131n k\u00fcreselle\u015fmeyi pozitif bir g\u00fc\u00e7 olarak g\u00f6rmekle ilgili provokatif ve yenilik\u00e7i oldu\u011funa hi\u00e7 \u015f\u00fcphe yok.\u201d<\/p>\n<p style=\"text-align: justify\">\u25cf <em>K\u00fcresel Alanda Bireysellik ve \u00d6zgecilik: toplum kendini bireysellikten kar\u015f\u0131l\u0131kl\u0131 yarar sa\u011flamaya getirebilir. <\/em>Kitapla ilgili \u015fu yorum yap\u0131ld\u0131: \u201cKitap, toplumun gelece\u011finin insanlar\u0131n beraber \u00e7al\u0131\u015farak i\u015fbirli\u011fi i\u00e7inde olmas\u0131na ve g\u00fcn\u00fcm\u00fcz toplum de\u011ferlerinin bozulmas\u0131n\u0131n narsisim ve a\u00e7g\u00f6zl\u00fcl\u00fc\u011fe dayanmas\u0131na de\u011finmektedir, bu bak\u0131mdan <em>Ki\u015fisel \u00c7\u0131kar ve \u00d6zgecilik<\/em> olduk\u00e7a ilgin\u00e7 ve okunmaya de\u011fer bir kitapt\u0131r.\u201d<\/p>\n<p style=\"text-align: justify\">\u25cf <em>B\u00fct\u00fcnsel Toplumun Psikolojisi <\/em>kitab\u0131yla ilgili de \u015fu yorum yap\u0131lm\u0131\u015ft\u0131r: \u201c<em>B\u00fct\u00fcnsel Toplumun Psikolojisi <\/em>kitab\u0131nda ifade edilenler insanlar\u0131 d\u00fc\u015f\u00fcnmeye sevk etmektedir.\u201d<\/p>\n<p style=\"text-align: justify\">Dr. Laitman say\u0131s\u0131z uluslararas\u0131 enstit\u00fcyle yak\u0131n ili\u015fki i\u00e7indedir. 2004-2005 y\u0131l\u0131nda Nobel Bar\u0131\u015f \u00f6d\u00fcl\u00fc aday\u0131 Prof. Ervin Laszlo taraf\u0131ndan y\u00fcr\u00fct\u00fclen Budape\u015fte Kul\u00fcb\u00fc fikir payla\u015f\u0131m toplant\u0131s\u0131 D\u00fcnya Ak\u0131l Konseyine(WWC) kat\u0131lmas\u0131 i\u00e7in davet edilmi\u015ftir. Bu konseyin di\u011fer \u00f6nemli kat\u0131l\u0131mc\u0131lar\u0131 Sovyetler Birli\u011fi eski ba\u015fkan\u0131 Micheal Gorbachev, Nobel \u00d6d\u00fcl\u00fc sahibi primatalog Jane Goodall ve \u015fark\u0131 s\u00f6z\u00fc yazar\u0131, sanat\u00e7\u0131 Peter Gabriel\u2019dir.<\/p>\n<p style=\"text-align: justify\">Son y\u0131llarda, WWC\u2019yle beraber UNESCO\u2019nun deste\u011fiyle organize edilen Tokyo Bar\u0131\u015f Vakf\u0131 ve Monterrey Evrensel K\u00fclt\u00fcr Forumu(Meksika) gibi bir\u00e7ok uluslararas\u0131 toplant\u0131ya kat\u0131lm\u0131\u015ft\u0131r. \u00a0T\u00fcm bu etkinliklerin amac\u0131 k\u00fcresel krizle ilgili verimli bir diyalog ba\u015flatmak ve k\u00fcresel fark\u0131ndal\u0131\u011f\u0131 olumlu y\u00f6nde artt\u0131rmakt\u0131r. \u00c7al\u0131\u015fmalar\u0131 aras\u0131nda Dr. Laitman, kendisini \u201cger\u00e7ek bir vizyoner\u201d olarak tan\u0131mlayan UNESCO Genel Direkt\u00f6r\u00fc Mrs. Irina Bokova ve Birle\u015fmi\u015f Milletler Genel Sekreteri Dr. Asha-Rose Migiro ile d\u00fczenli olarak g\u00f6r\u00fc\u015fmektedir.<\/p>\n<p style=\"text-align: justify\">Laitman\u2019\u0131n makaleleri ve r\u00f6portajlar\u0131 Bloomberg TV, Fox News, Chicago Tribune, Corriere della Sera ve Miami Herald\u2019da yay\u0131nlanm\u0131\u015ft\u0131r.<\/p>\n<p>Evli, \u00fc\u00e7 \u00e7ocuk ve d\u00f6rt torun sahibidir.<\/p>\n","protected":false},"excerpt":{"rendered":"<p>Micheal Laitman Ontoloji ve Bilgi Kuram\u0131 Profes\u00f6r\u00fcd\u00fcr, Felsefe ve Kabala doktora derecesi ve Medikal Bio-Sibernetik mast\u0131r derecesi vard\u0131r. ARI ve Kabala E\u011fitim ve Ara\u015ft\u0131rma Enstit\u00fcs\u00fc kurucusu ve ba\u015fkan\u0131d\u0131r. Dr. Laitman Bnei Baruch internet sitesinde kabala.info.tr, her g\u00fcn d\u00fcnya genelinde iki<span class=\"ellipsis\">&hellip;<\/span><\/p>\n<div class=\"read-more\"><a href=\"https:\/\/www.michaellaitman.com\/tr\/about\/\">Read more &#8250;<\/a><\/div>\n<p><!-- end of .read-more --><\/p>\n","protected":false},"author":1,"featured_media":0,"parent":0,"menu_order":0,"comment_status":"open","ping_status":"open","template":"content-sidebar-page.php","meta":{"ngg_post_thumbnail":0,"footnotes":""},"class_list":["post-105","page","type-page","status-publish","hentry"],"_links":{"self":[{"href":"https:\/\/www.michaellaitman.com\/tr\/wp-json\/wp\/v2\/pages\/105","targetHints":{"allow":["GET"]}}],"collection":[{"href":"https:\/\/www.michaellaitman.com\/tr\/wp-json\/wp\/v2\/pages"}],"about":[{"href":"https:\/\/www.michaellaitman.com\/tr\/wp-json\/wp\/v2\/types\/page"}],"author":[{"embeddable":true,"href":"https:\/\/www.michaellaitman.com\/tr\/wp-json\/wp\/v2\/users\/1"}],"replies":[{"embeddable":true,"href":"https:\/\/www.michaellaitman.com\/tr\/wp-json\/wp\/v2\/comments?post=105"}],"version-history":[{"count":1,"href":"https:\/\/www.michaellaitman.com\/tr\/wp-json\/wp\/v2\/pages\/105\/revisions"}],"predecessor-version":[{"id":315,"href":"https:\/\/www.michaellaitman.com\/tr\/wp-json\/wp\/v2\/pages\/105\/revisions\/315"}],"wp:attachment":[{"href":"https:\/\/www.michaellaitman.com\/tr\/wp-json\/wp\/v2\/media?parent=105"}],"curies":[{"name":"wp","href":"https:\/\/api.w.org\/{rel}","templated":true}]}}