{"id":10,"date":"2012-09-19T11:29:28","date_gmt":"2012-09-19T11:29:28","guid":{"rendered":"http:\/\/dev.michaellaitman.kbb1.com\/?page_id=10"},"modified":"2025-06-25T13:02:28","modified_gmt":"2025-06-25T13:02:28","slug":"economic-outlook","status":"publish","type":"page","link":"https:\/\/www.michaellaitman.com\/tr\/person\/economic-outlook\/","title":{"rendered":"Ekonomik Bak\u0131\u015f"},"content":{"rendered":"<div id=\"attachment_128\" style=\"width: 210px\" class=\"wp-caption alignleft\"><a href=\"https:\/\/www.michaellaitman.com\/tr\/wp-content\/uploads\/2012\/09\/index_img_5.jpg\" rel=\"attachment wp-att-128\"><img loading=\"lazy\" decoding=\"async\" aria-describedby=\"caption-attachment-128\" class=\"size-full wp-image-128\" src=\"https:\/\/www.michaellaitman.com\/tr\/wp-content\/uploads\/2012\/09\/index_img_5.jpg\" alt=\"Interview with Mike Schneider, from &quot;Night Talk&quot;, on Bloomberg TV\" width=\"200\" height=\"161\" \/><\/a><p id=\"caption-attachment-128\" class=\"wp-caption-text\">Bloomberg TV\u2019deki Mike Schneider\u2019le \u201cGece Sohbeti\u201d program\u0131ndan.<\/p><\/div>\n<p style=\"text-align: justify\">\u0130nsan ili\u015fkilerinin do\u011fas\u0131n\u0131n ekonomi \u00fczerindeki etkisini anlarsak, onu istikrarl\u0131 k\u0131lmak ve i\u015flevini efektif olarak yerine getirmesini sa\u011flamak i\u00e7in yeni bir ekonomik sistem in\u015fa etmemiz gerekti\u011fini de anlar\u0131z. \u00dclkeleri ve \u015firketleri birbirine ba\u011flayan ekonomik ve finansal sistemler kendilerini k\u00fcresel integral d\u00fcnyaya adapte ettikleri zaman, sosyoekonomik sistemin de istikrarl\u0131 olmas\u0131n\u0131 sa\u011flam\u0131\u015f olurlar. Ancak t\u00fcm bunlardan sonra, \u00fczerimizde b\u00fcy\u00fck bask\u0131 yapan ve s\u00fcreklilik arz eden krizlerden ve \u015foklardan ka\u00e7abiliriz.<\/p>\n<p style=\"text-align: justify\">Dahas\u0131 ekonomik ve finansal sistemler insan ili\u015fkilerinin bir yans\u0131mas\u0131 oldu\u011fundan de\u011fi\u015fen sadece ekonomi olmaz ayn\u0131 zamanda t\u00fcm uluslararas\u0131 komiteler, insan ili\u015fkileri sisteminin yeniden yap\u0131land\u0131r\u0131lmas\u0131 i\u00e7in \u00e7\u00f6z\u00fcm bulma aray\u0131\u015f\u0131na da gelirler. \u0130li\u015fkilerimiz ba\u011f kurmaya, birle\u015fmeye, sosyal i\u015fbirli\u011fine, ba\u015fkalar\u0131yla ilgilenmeye ve kar\u015f\u0131l\u0131kl\u0131 sayg\u0131ya do\u011fru de\u011fi\u015fmeye ba\u015flad\u0131\u011f\u0131nda, ekonomik modeli de buna g\u00f6re nas\u0131l d\u00fczenleyece\u011fimizi \u00f6\u011freniriz.<\/p>\n","protected":false},"excerpt":{"rendered":"<p>\u0130nsan ili\u015fkilerinin do\u011fas\u0131n\u0131n ekonomi \u00fczerindeki etkisini anlarsak, onu istikrarl\u0131 k\u0131lmak ve i\u015flevini efektif olarak yerine getirmesini sa\u011flamak i\u00e7in yeni bir ekonomik sistem in\u015fa etmemiz gerekti\u011fini de anlar\u0131z. \u00dclkeleri ve \u015firketleri birbirine ba\u011flayan ekonomik ve finansal sistemler kendilerini k\u00fcresel integral d\u00fcnyaya<span class=\"ellipsis\">&hellip;<\/span><\/p>\n<div class=\"read-more\"><a href=\"https:\/\/www.michaellaitman.com\/tr\/person\/economic-outlook\/\">Read more &#8250;<\/a><\/div>\n<p><!-- end of .read-more --><\/p>\n","protected":false},"author":1,"featured_media":0,"parent":56,"menu_order":2,"comment_status":"open","ping_status":"open","template":"sidebar-content-page.php","meta":{"ngg_post_thumbnail":0,"footnotes":""},"class_list":["post-10","page","type-page","status-publish","hentry"],"_links":{"self":[{"href":"https:\/\/www.michaellaitman.com\/tr\/wp-json\/wp\/v2\/pages\/10","targetHints":{"allow":["GET"]}}],"collection":[{"href":"https:\/\/www.michaellaitman.com\/tr\/wp-json\/wp\/v2\/pages"}],"about":[{"href":"https:\/\/www.michaellaitman.com\/tr\/wp-json\/wp\/v2\/types\/page"}],"author":[{"embeddable":true,"href":"https:\/\/www.michaellaitman.com\/tr\/wp-json\/wp\/v2\/users\/1"}],"replies":[{"embeddable":true,"href":"https:\/\/www.michaellaitman.com\/tr\/wp-json\/wp\/v2\/comments?post=10"}],"version-history":[{"count":1,"href":"https:\/\/www.michaellaitman.com\/tr\/wp-json\/wp\/v2\/pages\/10\/revisions"}],"predecessor-version":[{"id":446,"href":"https:\/\/www.michaellaitman.com\/tr\/wp-json\/wp\/v2\/pages\/10\/revisions\/446"}],"up":[{"embeddable":true,"href":"https:\/\/www.michaellaitman.com\/tr\/wp-json\/wp\/v2\/pages\/56"}],"wp:attachment":[{"href":"https:\/\/www.michaellaitman.com\/tr\/wp-json\/wp\/v2\/media?parent=10"}],"curies":[{"name":"wp","href":"https:\/\/api.w.org\/{rel}","templated":true}]}}