{"id":9,"date":"2012-09-19T11:29:06","date_gmt":"2012-09-19T11:29:06","guid":{"rendered":"http:\/\/dev.michaellaitman.kbb1.com\/?page_id=9"},"modified":"2015-04-20T20:25:58","modified_gmt":"2015-04-20T19:25:58","slug":"integral-persective","status":"publish","type":"page","link":"https:\/\/www.michaellaitman.com\/se\/person\/integral-persective\/","title":{"rendered":"Integrerat perspektiv"},"content":{"rendered":"<div id=\"attachment_127\" style=\"width: 242px\" class=\"wp-caption alignleft\"><a href=\"http:\/\/www.michaellaitman.com\/se\/person\/integral-persective\/13-2\/\" rel=\"attachment wp-att-127\"><img loading=\"lazy\" decoding=\"async\" aria-describedby=\"caption-attachment-127\" class=\" wp-image-127\" src=\"http:\/\/www.michaellaitman.com\/se\/wp-content\/uploads\/2012\/09\/131-290x174.jpg\" alt=\"Den internationella konferensen \u201cFria r\u00f6sters bord\u201d i Berlin, Tyskland\" width=\"232\" height=\"139\" \/><\/a><p id=\"caption-attachment-127\" class=\"wp-caption-text\">Den internationella konferensen \u201cFria r\u00f6sters bord\u201d i Berlin, Tyskland<\/p><\/div>\n<p>I dag har den globala sammankopplingen blivit ett ofr\u00e5nkomligt faktum i v\u00e5ra liv. Dock har m\u00e4nskligheten \u00e4nnu inte avslutat \u00f6verg\u00e5ngen i sitt medvetande, sina v\u00e4rderingar och system f\u00f6r att anpassa sig till denna nya fas.<\/p>\n<p>Att hitta en l\u00f6sning p\u00e5 dessa fr\u00e5gor innefattar att l\u00e4ra sig hur m\u00e4nskligheten b\u00e4st kan integreras i det nya, globalt sammanl\u00e4nkade paradigm som i huvudsak inneb\u00e4r att l\u00e4ra sig att leva ansvarsfullt i global skala.<\/p>\n<p>Det vi ser i dag \u00e4r att de sociala, politiska och ekonomiska system vi levt med i m\u00e5nga \u00e5r inte \u00e4r anpassade att hantera det framv\u00e4xande fenomenet globalt \u00f6msesidigt beroende. Detta \u00e4r anledningen till att vi upplever ett v\u00e4rldsomsp\u00e4nnande v\u00e4gsk\u00e4l av problem och uppror som ant\u00e4nds av den ekonomiska krisen, vilket genererar en v\u00e4xande f\u00f6rvandling p\u00e5 en global skala.<\/p>\n<p>Dagens ekonomi, som drivs med v\u00e4rderingar av egenintresse, fungerar inte l\u00e4ngre inom dessa globalt sammanl\u00e4nkade ramar. Dessa nya omst\u00e4ndigheter kr\u00e4ver att vi m\u00e4nniskor g\u00f6r betydande f\u00f6r\u00e4ndringar f\u00f6r att bokstavligen g\u00f6ra oss sj\u00e4lva globala och l\u00e4ra oss att anpassa v\u00e5r livsstil till de nya globala f\u00f6rh\u00e5llandena.<\/p>\n","protected":false},"excerpt":{"rendered":"<p>I dag har den globala sammankopplingen blivit ett ofr\u00e5nkomligt faktum i v\u00e5ra liv. Dock har m\u00e4nskligheten \u00e4nnu inte avslutat \u00f6verg\u00e5ngen i sitt medvetande, sina v\u00e4rderingar och system f\u00f6r att anpassa sig till denna nya fas. Att hitta en l\u00f6sning p\u00e5<span class=\"ellipsis\">&hellip;<\/span><\/p>\n<div class=\"read-more\"><a href=\"https:\/\/www.michaellaitman.com\/se\/person\/integral-persective\/\">L\u00e4s mer &#8250;<\/a><\/div>\n<p><!-- end of .read-more --><\/p>\n","protected":false},"author":1,"featured_media":0,"parent":56,"menu_order":2,"comment_status":"open","ping_status":"open","template":"sidebar-content-page.php","meta":{"ngg_post_thumbnail":0,"footnotes":""},"class_list":["post-9","page","type-page","status-publish","hentry"],"_links":{"self":[{"href":"https:\/\/www.michaellaitman.com\/se\/wp-json\/wp\/v2\/pages\/9","targetHints":{"allow":["GET"]}}],"collection":[{"href":"https:\/\/www.michaellaitman.com\/se\/wp-json\/wp\/v2\/pages"}],"about":[{"href":"https:\/\/www.michaellaitman.com\/se\/wp-json\/wp\/v2\/types\/page"}],"author":[{"embeddable":true,"href":"https:\/\/www.michaellaitman.com\/se\/wp-json\/wp\/v2\/users\/1"}],"replies":[{"embeddable":true,"href":"https:\/\/www.michaellaitman.com\/se\/wp-json\/wp\/v2\/comments?post=9"}],"version-history":[{"count":1,"href":"https:\/\/www.michaellaitman.com\/se\/wp-json\/wp\/v2\/pages\/9\/revisions"}],"predecessor-version":[{"id":624,"href":"https:\/\/www.michaellaitman.com\/se\/wp-json\/wp\/v2\/pages\/9\/revisions\/624"}],"up":[{"embeddable":true,"href":"https:\/\/www.michaellaitman.com\/se\/wp-json\/wp\/v2\/pages\/56"}],"wp:attachment":[{"href":"https:\/\/www.michaellaitman.com\/se\/wp-json\/wp\/v2\/media?parent=9"}],"curies":[{"name":"wp","href":"https:\/\/api.w.org\/{rel}","templated":true}]}}