{"id":64,"date":"2012-09-23T21:10:08","date_gmt":"2012-09-23T21:10:08","guid":{"rendered":"http:\/\/dev.michaellaitman.kbb1.com\/?page_id=64"},"modified":"2025-06-25T13:48:34","modified_gmt":"2025-06-25T12:48:34","slug":"integral-education-page","status":"publish","type":"page","link":"https:\/\/www.michaellaitman.com\/se\/integral-education-page\/","title":{"rendered":"Integrerande utbildning"},"content":{"rendered":"<p>Michael Laitman \u00e4r en global t\u00e4nkare h\u00e4ngiven att generera ett paradigmskifte i samh\u00e4llet genom en ny global utbildning, vilken han ser som nyckeln till att l\u00f6sa de mest angel\u00e4gna fr\u00e5gorna i v\u00e5r tid. Hans vision f\u00f6r att l\u00f6sa den globala krisen p\u00e5 alla niv\u00e5er, inklusive utbildning, klimatf\u00f6r\u00e4ndringar, sv\u00e4lt och alla sociala och ekonomiska problem, inneb\u00e4r att genomf\u00f6ra ett nytt, omfattande globalt och integrerande utbildningsprogram.<\/p>\n<h1><\/h1>\n<h1><strong><b>Principer f\u00f6r integrerande utbildning<\/b><\/strong><\/h1>\n<p>V\u00e4rlden vi lever i \u00e4r ett stort, f\u00f6runderligt och intrikat system. Varje del av det \u00e4r kopplad till och beroende av alla de andra delarna. Under m\u00e5nga \u00e5rtionden var denna komplexitet g\u00f6md f\u00f6r oss. Vi s\u00e5g v\u00e4rlden som en samling element som inte n\u00f6dv\u00e4ndigtvis var kopplade till varandra och definitivt inte s\u00e5 beroende av varandra som vi uppt\u00e4cker nu.<\/p>\n<p>Uppfattningen av verkligheten som separata element uppdelade i \u00e5tskiljda \u00e4mnen, \u00e4r fortfarande det dominerande paradigmet inom nuvarande utbildningssystem. Det nya integrerande beaktandet relaterar till v\u00e4rlden som ett sammanl\u00e4nkat system. Denna uppfattning \u00e4r grunden f\u00f6r den integrerande utbildningen och definierar en ny integrerande strategi f\u00f6r undervisning. Att g\u00f6ra s\u00e5 leder oss till en integrerande uppfattning av verkligheten. I den integrerande utbildningsmetoden l\u00e4r sig inte studenterna separerade \u00e4mnen i en \u201clinj\u00e4r\u201d form. Snarare presenteras varje \u00e4mne utifr\u00e5n ett \u201ccirkul\u00e4rt\u201d perspektiv, vilket illustrerar dess sammankoppling med alla andra \u00e4mnen.<\/p>\n<p>&nbsp;<\/p>\n<h1><\/h1>\n<h1><strong><b>M\u00f6ten med FN och UNESCO<\/b><\/strong><\/h1>\n<p>Dr Laitman delade nyligen principerna f\u00f6r detta nya utbildningsparadigm, och f\u00f6rdelarna med en gemensam, global samverkan, med FN:s bitr\u00e4dande generalsekreterare dr Asha-Rose Migiro, vid FN:s h\u00f6gkvarter i New York.<\/p>\n<p>Kombinationen av hans akademiska bakgrund inom naturvetenskap, humaniora och hans forskning inom utbildningsomr\u00e5det g\u00f6r honom till en av de mest eftertraktade globala t\u00e4nkarna och talarna i v\u00e4rlden.<\/p>\n<p><img decoding=\"async\" class=\"aligncenter size-full wp-image-520\" src=\"http:\/\/www.michaellaitman.com\/se\/wp-content\/uploads\/2012\/09\/meetings.jpg\" alt=\"meetings\" width=\"560\" srcset=\"https:\/\/www.michaellaitman.com\/se\/wp-content\/uploads\/2012\/09\/meetings.jpg 615w, https:\/\/www.michaellaitman.com\/se\/wp-content\/uploads\/2012\/09\/meetings-300x198.jpg 300w\" sizes=\"(max-width: 615px) 100vw, 615px\" \/><\/p>\n<p>&nbsp;<\/p>\n<ul>\n<li>F\u00f6rslag till en integrerande utbildningsmetod presenteras f\u00f6r UNESCO:s generaldirekt\u00f6r Irina Bokova i Frankrike.<\/li>\n<li>Deltagande p\u00e5 UNESCO:s \u00e5rliga utv\u00e4rdering \u201cEducation for All Global Monitoring Report\u201d vid Columbia University, New York.<\/li>\n<li>Deltagande i \u201cAtt bygga fred: Att komma \u00f6verens genom utbildning, vetenskap, kultur och kommunikation,\u201d som h\u00f6lls vid FN:s h\u00f6gkvarter i New York.<\/li>\n<li>Deltagande vid UNESCO:s konferens \u201cUngdomsdeltagande i social f\u00f6r\u00e4ndring: Initiativ och deltagande,\u201d i Moskva.<\/li>\n<li>Deltagande vid den 27:e internationella konferensen f\u00f6r kvinnliga ledare inom \u201cVetenskap, teknologi och innovation: Utbildning och tr\u00e4ning f\u00f6r kvinnor och flickor,\u201d organiserad av UNESCO.<\/li>\n<li>F\u00f6rslaget \u201cGlobal och integrerande utbildning som en l\u00f6sning p\u00e5 krisen\u201d presenteras vid det 8:e forumet f\u00f6r ministerr\u00e5d inom social utveckling i Latinamerika organiserat av UNESCO, i El Salvador.<\/li>\n<li>F\u00f6rslaget \u201cGlobal och integrerande utbildning som en l\u00f6sning p\u00e5 krisen\u201d presenteras f\u00f6r FN:s generalsekreterare Dr Asha Rose Migiro.<\/li>\n<li>Presentationen \u201cBarns sammanl\u00e4nkande genom idrottslekar\u201d presenteras vid ICSSPE:s internationella konferens om Idrott f\u00f6r utveckling och fred.<\/li>\n<li>Deltagande i symposiet \u201cKvinnliga akt\u00f6rer f\u00f6r utveckling genom globala utmaningar\u201d i Paris, som en del av Millenium 2015:s internationella projekt.<\/li>\n<li>F\u00f6rslag till en integrerande utbildningskurs som en l\u00f6sning f\u00f6r att hantera ett v\u00e4xande antal arbetsl\u00f6sa, presenterad f\u00f6r FN:s generalsekreterare Ban Ki-Moon.<\/li>\n<\/ul>\n<h1><\/h1>\n<h1>Publikationer<\/h1>\n<h2><strong><b>F\u00f6rslag\/Presentationer<\/b><\/strong><\/h2>\n<ul>\n<li><a href=\"http:\/\/www.michaellaitman.com\/se\/wp-content\/uploads\/2014\/09\/globalization-school_ari-institute.pdf\">Globaliseringsskola f\u00f6r medborgare av den sammanl\u00e4nkade v\u00e4rlden \u2013 \u00d6versikt<\/a><\/li>\n<li><a href=\"http:\/\/www.michaellaitman.com\/se\/wp-content\/uploads\/2014\/09\/toward-mutual-commitment_ari-institute.pdf\">Mot \u00f6msesidigt engagemang<\/a><\/li>\n<li><a href=\"http:\/\/www.michaellaitman.com\/se\/wp-content\/uploads\/2014\/09\/we-the-world_ari-institute.pdf\">Vi, v\u00e4rlden<\/a><\/li>\n<li><a href=\"http:\/\/www.michaellaitman.com\/se\/wp-content\/uploads\/2014\/09\/women-leaders-conference-presentation_ari-institute.pdf\">Presentation p\u00e5 Konferensen f\u00f6r kvinnliga ledare<\/a><\/li>\n<\/ul>\n<h2><strong><b>Artiklar<\/b><\/strong><\/h2>\n<ul>\n<li><a href=\"http:\/\/www.michaellaitman.com\/se\/articles\/letter-influencers-advance-g-20-cannes-summit\/\">Brev till makthavare inf\u00f6r G-20:s toppm\u00f6te i Cannes<\/a><\/li>\n<li><a href=\"http:\/\/www.michaellaitman.com\/se\/articles\/global-education-remedy-crisis\/\">Global utbildning som ett botemedel mot krisen<\/a><\/li>\n<li><a href=\"http:\/\/www.michaellaitman.com\/se\/articles\/solution-crisis-education-globalism\/\">L\u00f6sningen p\u00e5 krisen: utbildning f\u00f6r globalism<\/a><\/li>\n<li><a href=\"http:\/\/www.michaellaitman.com\/se\/articles\/internet-engine-change\/\">Internet: F\u00f6r\u00e4ndringens motor<\/a><\/li>\n<li><a href=\"http:\/\/www.michaellaitman.com\/se\/articles\/good-education\/\">Bra utbildning<\/a><\/li>\n<li><a href=\"http:\/\/www.michaellaitman.com\/se\/articles\/climate-ball-court\/\">Klimatet: Bollen \u00e4r i v\u00e5r hand<\/a><\/li>\n<\/ul>\n","protected":false},"excerpt":{"rendered":"<p>Michael Laitman \u00e4r en global t\u00e4nkare h\u00e4ngiven att generera ett paradigmskifte i samh\u00e4llet genom en ny global utbildning, vilken han ser som nyckeln till att l\u00f6sa de mest angel\u00e4gna fr\u00e5gorna i v\u00e5r tid. Hans vision f\u00f6r att l\u00f6sa den globala<span class=\"ellipsis\">&hellip;<\/span><\/p>\n<div class=\"read-more\"><a href=\"https:\/\/www.michaellaitman.com\/se\/integral-education-page\/\">L\u00e4s mer &#8250;<\/a><\/div>\n<p><!-- end of .read-more --><\/p>\n","protected":false},"author":1,"featured_media":0,"parent":0,"menu_order":5,"comment_status":"open","ping_status":"open","template":"content-sidebar-page.php","meta":{"ngg_post_thumbnail":0,"footnotes":""},"class_list":["post-64","page","type-page","status-publish","hentry"],"_links":{"self":[{"href":"https:\/\/www.michaellaitman.com\/se\/wp-json\/wp\/v2\/pages\/64","targetHints":{"allow":["GET"]}}],"collection":[{"href":"https:\/\/www.michaellaitman.com\/se\/wp-json\/wp\/v2\/pages"}],"about":[{"href":"https:\/\/www.michaellaitman.com\/se\/wp-json\/wp\/v2\/types\/page"}],"author":[{"embeddable":true,"href":"https:\/\/www.michaellaitman.com\/se\/wp-json\/wp\/v2\/users\/1"}],"replies":[{"embeddable":true,"href":"https:\/\/www.michaellaitman.com\/se\/wp-json\/wp\/v2\/comments?post=64"}],"version-history":[{"count":3,"href":"https:\/\/www.michaellaitman.com\/se\/wp-json\/wp\/v2\/pages\/64\/revisions"}],"predecessor-version":[{"id":790,"href":"https:\/\/www.michaellaitman.com\/se\/wp-json\/wp\/v2\/pages\/64\/revisions\/790"}],"wp:attachment":[{"href":"https:\/\/www.michaellaitman.com\/se\/wp-json\/wp\/v2\/media?parent=64"}],"curies":[{"name":"wp","href":"https:\/\/api.w.org\/{rel}","templated":true}]}}