{"id":62,"date":"2012-09-23T20:52:03","date_gmt":"2012-09-23T20:52:03","guid":{"rendered":"http:\/\/dev.michaellaitman.kbb1.com\/?page_id=62"},"modified":"2015-04-21T12:51:33","modified_gmt":"2015-04-21T11:51:33","slug":"leader-in-global-change","status":"publish","type":"page","link":"https:\/\/www.michaellaitman.com\/se\/person\/leader-in-global-change\/","title":{"rendered":"Ledare inom global f\u00f6r\u00e4ndring"},"content":{"rendered":"<div id=\"attachment_131\" style=\"width: 205px\" class=\"wp-caption alignleft\"><a href=\"http:\/\/www.michaellaitman.com\/se\/person\/leader-in-global-change\/unesco\/\" rel=\"attachment wp-att-131\"><img loading=\"lazy\" decoding=\"async\" aria-describedby=\"caption-attachment-131\" class=\"size-thumbnail wp-image-131\" src=\"http:\/\/www.michaellaitman.com\/se\/wp-content\/uploads\/2012\/09\/unesco-195x290.jpg\" alt=\"\u201cEn sann vision\u00e4r\u201d - Irina Bokova, generaldirekt\u00f6r f\u00f6r UNESCO, Paris, 2011\" width=\"195\" height=\"290\" \/><\/a><p id=\"caption-attachment-131\" class=\"wp-caption-text\">\u201cEn sann vision\u00e4r\u201d &#8211; Irina Bokova, generaldirekt\u00f6r f\u00f6r UNESCO, Paris, 2011<\/p><\/div>\n<p>Dr Laitmans nya globala utbildningsmetod presenterades f\u00f6r UNESCO:s generaldirekt\u00f6r Irina Bokova, som kallade honom en \u201csann vision\u00e4r\u201d.<\/p>\n<p>Under sitt m\u00f6te diskuterade de aktuella globala utbildningsfr\u00e5gor och dr Laitmans vision f\u00f6r att l\u00f6sa dem. Han understr\u00f6k vikten av att beakta de unika ambitioner dagens ungdomar har och behovet av att f\u00f6rbereda dem f\u00f6r livet i en mycket dynamisk, global v\u00e4rld och samtidigt dra nytta av den framv\u00e4xande kommunikationstekniken. ARI-institutet blev omedelbart inbjudet att delta i en serie utbildningsinitiativ arrangerade av FN \/ UNESCO.<\/p>\n<p>Idag \u00e4r dr Laitman strategisk r\u00e5dgivare f\u00f6r FN i utbildningsrelaterade initiativ. Dr Michael Laitman har varit med i bland annat f\u00f6ljande publikationer: <i>Corriere della Sera<\/i>, <i>Chicago Tribune<\/i>, <i>The Miami Herald<\/i>, <i>The Jerusalem Post<\/i>, och <i>The Globe<\/i>. Han har medverkat i flera tv-program inklusive SKY TV (Skytg24) och Mediaset TV (Tg5), Univision och Bloomberg TV.<\/p>\n<p><a href=\"http:\/\/www.michaellaitman.com\/se\/person\/leader-in-global-change\/#video2\">Se videon<\/a><\/p>\n<p><iframe loading=\"lazy\" title=\"Dr. Michael Laitman meeting with UNESCO Director-General Irina Bokova\" width=\"550\" height=\"413\" src=\"https:\/\/www.youtube.com\/embed\/kOu_stRvSgw?feature=oembed\" frameborder=\"0\" allow=\"accelerometer; autoplay; clipboard-write; encrypted-media; gyroscope; picture-in-picture; web-share\" referrerpolicy=\"strict-origin-when-cross-origin\" allowfullscreen><\/iframe><\/p>\n<p style=\"font-size: 14px\">Dr Michael Laitman m\u00f6ter UNESCO:s generaldirekt\u00f6r Irina Bokova<\/p>\n","protected":false},"excerpt":{"rendered":"<p>Dr Laitmans nya globala utbildningsmetod presenterades f\u00f6r UNESCO:s generaldirekt\u00f6r Irina Bokova, som kallade honom en \u201csann vision\u00e4r\u201d. Under sitt m\u00f6te diskuterade de aktuella globala utbildningsfr\u00e5gor och dr Laitmans vision f\u00f6r att l\u00f6sa dem. Han understr\u00f6k vikten av att beakta de<span class=\"ellipsis\">&hellip;<\/span><\/p>\n<div class=\"read-more\"><a href=\"https:\/\/www.michaellaitman.com\/se\/person\/leader-in-global-change\/\">L\u00e4s mer &#8250;<\/a><\/div>\n<p><!-- end of .read-more --><\/p>\n","protected":false},"author":1,"featured_media":0,"parent":56,"menu_order":6,"comment_status":"open","ping_status":"open","template":"sidebar-content-page.php","meta":{"ngg_post_thumbnail":0,"footnotes":""},"class_list":["post-62","page","type-page","status-publish","hentry"],"_links":{"self":[{"href":"https:\/\/www.michaellaitman.com\/se\/wp-json\/wp\/v2\/pages\/62","targetHints":{"allow":["GET"]}}],"collection":[{"href":"https:\/\/www.michaellaitman.com\/se\/wp-json\/wp\/v2\/pages"}],"about":[{"href":"https:\/\/www.michaellaitman.com\/se\/wp-json\/wp\/v2\/types\/page"}],"author":[{"embeddable":true,"href":"https:\/\/www.michaellaitman.com\/se\/wp-json\/wp\/v2\/users\/1"}],"replies":[{"embeddable":true,"href":"https:\/\/www.michaellaitman.com\/se\/wp-json\/wp\/v2\/comments?post=62"}],"version-history":[{"count":3,"href":"https:\/\/www.michaellaitman.com\/se\/wp-json\/wp\/v2\/pages\/62\/revisions"}],"predecessor-version":[{"id":633,"href":"https:\/\/www.michaellaitman.com\/se\/wp-json\/wp\/v2\/pages\/62\/revisions\/633"}],"up":[{"embeddable":true,"href":"https:\/\/www.michaellaitman.com\/se\/wp-json\/wp\/v2\/pages\/56"}],"wp:attachment":[{"href":"https:\/\/www.michaellaitman.com\/se\/wp-json\/wp\/v2\/media?parent=62"}],"curies":[{"name":"wp","href":"https:\/\/api.w.org\/{rel}","templated":true}]}}