{"id":61,"date":"2012-09-23T20:51:16","date_gmt":"2012-09-23T20:51:16","guid":{"rendered":"http:\/\/dev.michaellaitman.kbb1.com\/?page_id=61"},"modified":"2015-04-20T20:42:04","modified_gmt":"2015-04-20T19:42:04","slug":"internationally-best-selling-author","status":"publish","type":"page","link":"https:\/\/www.michaellaitman.com\/se\/person\/internationally-best-selling-author\/","title":{"rendered":"Internationell b\u00e4sts\u00e4ljande f\u00f6rfattare"},"content":{"rendered":"<div id=\"attachment_130\" style=\"width: 210px\" class=\"wp-caption alignleft\"><a href=\"http:\/\/www.michaellaitman.com\/se\/person\/internationally-best-selling-author\/index_img_7\/\" rel=\"attachment wp-att-130\"><img loading=\"lazy\" decoding=\"async\" aria-describedby=\"caption-attachment-130\" class=\"size-full wp-image-130\" src=\"http:\/\/www.michaellaitman.com\/se\/wp-content\/uploads\/2012\/09\/index_img_7.jpg\" alt=\"H\u00f6gniv\u00e5panel om Fred och dialog mellan kulturer. FN:s h\u00f6gkvarter i New York\" width=\"200\" height=\"149\" \/><\/a><p id=\"caption-attachment-130\" class=\"wp-caption-text\">H\u00f6gniv\u00e5panel om Fred och dialog mellan kulturer. FN:s h\u00f6gkvarter i New York<\/p><\/div>\n<p>Under de senaste tre decennierna har dr Laitman publicerat fler \u00e4n 40 b\u00f6cker som har \u00f6versatts till \u00f6ver 20 spr\u00e5k, alla med m\u00e5let att hj\u00e4lpa individer uppn\u00e5 harmoni inom sig sj\u00e4lva och med milj\u00f6n omkring dem.<\/p>\n<p><i>Foreword<\/i>\u2018s recension av hans senaste bok: <i>The Psychology of the Integral Society<\/i> (om behovet av integrerande och global utbildning f\u00f6r att l\u00f6sa krisen) konstaterar:<\/p>\n<p style=\"padding-left: 30px\"><i>\u201dSom samh\u00e4lle \u00e4gnar vi s\u00e5 mycket tid \u00e5t att t\u00e4vla och f\u00e5 ett f\u00f6rspr\u00e5ng att begreppet att helt enkelt arbeta tillsammans i sig l\u00e5ter banbrytande&#8230;\u201d<\/i><\/p>\n<p>Andra nya boktitlar inkluderar<i>: Egenintresse kontra altruism i den globala eran (Self-Interest vs. Altruism in the Global Era): Hur kan samh\u00e4llet v\u00e4nda egenintresse till \u00f6msesidig nytta<\/i> och <i>Morgondagens barn (Childen of Tomorrow): Riktlinjer f\u00f6r att uppfostra lyckliga barn p\u00e5 2000-talet<\/i>, som recenserades av Midwest Book Review.<\/p>\n<p style=\"padding-left: 30px\"><i>\u201dGenom p\u00e5st\u00e5endet att samh\u00e4llets framtid \u00e4r beroende av att m\u00e4nniskor f\u00f6renas och arbetar tillsammans f\u00f6r samh\u00e4llet, och att en stor del av samh\u00e4llets nedbrytning under de senaste decennierna \u00e4r en f\u00f6ljd av narcissism och girighet, g\u00f6r \u201cSelf Interest vs. Altruism\u201d till intressant och rekommenderad l\u00e4sning f\u00f6r de som tror att optimismen i den m\u00e4nskliga naturen inte g\u00e5tt helt f\u00f6rlorad\u201d.<\/i><\/p>\n","protected":false},"excerpt":{"rendered":"<p>Under de senaste tre decennierna har dr Laitman publicerat fler \u00e4n 40 b\u00f6cker som har \u00f6versatts till \u00f6ver 20 spr\u00e5k, alla med m\u00e5let att hj\u00e4lpa individer uppn\u00e5 harmoni inom sig sj\u00e4lva och med milj\u00f6n omkring dem. Foreword\u2018s recension av hans<span class=\"ellipsis\">&hellip;<\/span><\/p>\n<div class=\"read-more\"><a href=\"https:\/\/www.michaellaitman.com\/se\/person\/internationally-best-selling-author\/\">L\u00e4s mer &#8250;<\/a><\/div>\n<p><!-- end of .read-more --><\/p>\n","protected":false},"author":1,"featured_media":0,"parent":56,"menu_order":5,"comment_status":"open","ping_status":"open","template":"sidebar-content-page.php","meta":{"ngg_post_thumbnail":0,"footnotes":""},"class_list":["post-61","page","type-page","status-publish","hentry"],"_links":{"self":[{"href":"https:\/\/www.michaellaitman.com\/se\/wp-json\/wp\/v2\/pages\/61","targetHints":{"allow":["GET"]}}],"collection":[{"href":"https:\/\/www.michaellaitman.com\/se\/wp-json\/wp\/v2\/pages"}],"about":[{"href":"https:\/\/www.michaellaitman.com\/se\/wp-json\/wp\/v2\/types\/page"}],"author":[{"embeddable":true,"href":"https:\/\/www.michaellaitman.com\/se\/wp-json\/wp\/v2\/users\/1"}],"replies":[{"embeddable":true,"href":"https:\/\/www.michaellaitman.com\/se\/wp-json\/wp\/v2\/comments?post=61"}],"version-history":[{"count":2,"href":"https:\/\/www.michaellaitman.com\/se\/wp-json\/wp\/v2\/pages\/61\/revisions"}],"predecessor-version":[{"id":626,"href":"https:\/\/www.michaellaitman.com\/se\/wp-json\/wp\/v2\/pages\/61\/revisions\/626"}],"up":[{"embeddable":true,"href":"https:\/\/www.michaellaitman.com\/se\/wp-json\/wp\/v2\/pages\/56"}],"wp:attachment":[{"href":"https:\/\/www.michaellaitman.com\/se\/wp-json\/wp\/v2\/media?parent=61"}],"curies":[{"name":"wp","href":"https:\/\/api.w.org\/{rel}","templated":true}]}}