{"id":514,"date":"2014-09-17T07:46:39","date_gmt":"2014-09-17T07:46:39","guid":{"rendered":"http:\/\/www.michaellaitman.com\/se\/?page_id=514"},"modified":"2015-04-20T21:09:03","modified_gmt":"2015-04-20T20:09:03","slug":"like-bundle-reeds","status":"publish","type":"page","link":"https:\/\/www.michaellaitman.com\/se\/books\/like-bundle-reeds\/","title":{"rendered":"Likt en bunt av vass"},"content":{"rendered":"<p><em><img loading=\"lazy\" decoding=\"async\" class=\"alignleft\" src=\"http:\/\/webshop.kabbalakurser.info\/media\/com_hikashop\/upload\/liktenbuntvasscover.jpg\" alt=\"\" width=\"199\" height=\"300\" \/>Likt en bunt av vass<\/em>\u00a0\u00e4r en djupg\u00e5ende bok av dr Laitman p\u00e5 mer \u00e4n 150\u00a0sidor \u00a0som ger insikter och verktyg f\u00f6r att bryta den \u00f6kande antisemitiska trenden, och f\u00f6r ist\u00e4llet fram ett helt nytt perspektiv och en l\u00f6sning p\u00e5 detta gamla sp\u00f6ke.<\/p>\n<p>Ladda ner boken gratis fr\u00e5n: <a title=\"Likt en bunt av vass\" href=\"http:\/\/webshop.kabbalakurser.info\/index.php\/hikashop-menu-for-categories-listing\/product\/195-likt-en-bunt-av-vass\" target=\"_blank\">webshop.kabbalakurser.info<\/a><\/p>\n<p>Bes\u00f6k bokens\u00a0officiella sida:\u00a0<a title=\"Like a Bundle of Reeds\" href=\"http:\/\/bundleofreeds.com\/\" target=\"_blank\">BundleOfReeds.com<\/a><\/p>\n","protected":false},"excerpt":{"rendered":"<p>Likt en bunt av vass\u00a0\u00e4r en djupg\u00e5ende bok av dr Laitman p\u00e5 mer \u00e4n 150\u00a0sidor \u00a0som ger insikter och verktyg f\u00f6r att bryta den \u00f6kande antisemitiska trenden, och f\u00f6r ist\u00e4llet fram ett helt nytt perspektiv och en l\u00f6sning p\u00e5 detta<span class=\"ellipsis\">&hellip;<\/span><\/p>\n<div class=\"read-more\"><a href=\"https:\/\/www.michaellaitman.com\/se\/books\/like-bundle-reeds\/\">L\u00e4s mer &#8250;<\/a><\/div>\n<p><!-- end of .read-more --><\/p>\n","protected":false},"author":1,"featured_media":0,"parent":40,"menu_order":1,"comment_status":"open","ping_status":"open","template":"sidebar-content-page.php","meta":{"ngg_post_thumbnail":0,"footnotes":""},"class_list":["post-514","page","type-page","status-publish","hentry"],"_links":{"self":[{"href":"https:\/\/www.michaellaitman.com\/se\/wp-json\/wp\/v2\/pages\/514","targetHints":{"allow":["GET"]}}],"collection":[{"href":"https:\/\/www.michaellaitman.com\/se\/wp-json\/wp\/v2\/pages"}],"about":[{"href":"https:\/\/www.michaellaitman.com\/se\/wp-json\/wp\/v2\/types\/page"}],"author":[{"embeddable":true,"href":"https:\/\/www.michaellaitman.com\/se\/wp-json\/wp\/v2\/users\/1"}],"replies":[{"embeddable":true,"href":"https:\/\/www.michaellaitman.com\/se\/wp-json\/wp\/v2\/comments?post=514"}],"version-history":[{"count":0,"href":"https:\/\/www.michaellaitman.com\/se\/wp-json\/wp\/v2\/pages\/514\/revisions"}],"up":[{"embeddable":true,"href":"https:\/\/www.michaellaitman.com\/se\/wp-json\/wp\/v2\/pages\/40"}],"wp:attachment":[{"href":"https:\/\/www.michaellaitman.com\/se\/wp-json\/wp\/v2\/media?parent=514"}],"curies":[{"name":"wp","href":"https:\/\/api.w.org\/{rel}","templated":true}]}}