{"id":32,"date":"2012-09-19T13:21:13","date_gmt":"2012-09-19T13:21:13","guid":{"rendered":"http:\/\/dev.michaellaitman.kbb1.com\/?page_id=32"},"modified":"2015-04-20T20:21:12","modified_gmt":"2015-04-20T19:21:12","slug":"global-thinker","status":"publish","type":"page","link":"https:\/\/www.michaellaitman.com\/se\/person\/global-thinker\/","title":{"rendered":"Global t\u00e4nkare"},"content":{"rendered":"<div id=\"attachment_122\" style=\"width: 226px\" class=\"wp-caption alignleft\"><a href=\"http:\/\/www.michaellaitman.com\/se\/person\/global-thinker\/un-secretary\/\" rel=\"attachment wp-att-122\"><img loading=\"lazy\" decoding=\"async\" aria-describedby=\"caption-attachment-122\" class=\" wp-image-122  \" src=\"http:\/\/www.michaellaitman.com\/se\/wp-content\/uploads\/2012\/09\/un-secretary-267x290.jpg\" alt=\"M\u00f6te med dr Asha-Rose Migiro, FN:s bitr\u00e4dande generalsekreterare.\" width=\"216\" height=\"235\" \/><\/a><p id=\"caption-attachment-122\" class=\"wp-caption-text\">M\u00f6te med dr Asha-Rose Migiro, FN:s bitr\u00e4dande generalsekreterare.<\/p><\/div>\n<p>Michael Laitman \u00e4r en global t\u00e4nkare, engagerad i att skapa en transformell f\u00f6r\u00e4ndring i samh\u00e4llet genom en ny global utbildning, vilken han ser som nyckeln till att l\u00f6sa de mest angel\u00e4gna fr\u00e5gorna i v\u00e5r tid.<\/p>\n<p>Hans vision om att l\u00f6sa den globala krisen p\u00e5 alla plan, inklusive utbildning, klimatf\u00f6r\u00e4ndring, sv\u00e4lt och alla sociala och ekonomiska problem, inneb\u00e4r att genomf\u00f6ra ett nytt, omfattande globalt och integrerande utbildningsprogram. Dr Laitman delade nyligen principerna f\u00f6r detta nya utbildningsparadigm och f\u00f6rdelarna med gemensamt globalt samarbete, med FN:s bitr\u00e4dande generalsekreterare dr Asha-Rose Migiro vid FN-h\u00f6gkvarteret i New York.<\/p>\n<p>Kombinationen av hans akademiska bakgrund inom naturvetenskap och humaniora, samt hans forskning inom utbildningsomr\u00e5det och vision\u00e4ra perspektiv f\u00f6r samh\u00e4llet, g\u00f6r honom till en framst\u00e5ende global t\u00e4nkare och en eftertraktad talare.<\/p>\n<p>Dr Laitman \u00e4r professor i ontologi och kunskapsteori och har en fil dr i filosofi och kabbala, titlar han fick p\u00e5 Moskvas institut f\u00f6r filosofi vid ryska vetenskapsakademin, han har ocks\u00e5 en MSc i medicinsk biocybernetik, som han tog vid St. Petersburgs statliga polytekniska universitet<i>.<\/i><\/p>\n<p><a href=\"http:\/\/www.michaellaitman.com\/se\/about\/\">L\u00e4s en l\u00e4ngre biografi<\/a><\/p>\n","protected":false},"excerpt":{"rendered":"<p>Michael Laitman \u00e4r en global t\u00e4nkare, engagerad i att skapa en transformell f\u00f6r\u00e4ndring i samh\u00e4llet genom en ny global utbildning, vilken han ser som nyckeln till att l\u00f6sa de mest angel\u00e4gna fr\u00e5gorna i v\u00e5r tid. Hans vision om att l\u00f6sa<span class=\"ellipsis\">&hellip;<\/span><\/p>\n<div class=\"read-more\"><a href=\"https:\/\/www.michaellaitman.com\/se\/person\/global-thinker\/\">L\u00e4s mer &#8250;<\/a><\/div>\n<p><!-- end of .read-more --><\/p>\n","protected":false},"author":1,"featured_media":0,"parent":56,"menu_order":1,"comment_status":"open","ping_status":"open","template":"sidebar-content-page.php","meta":{"ngg_post_thumbnail":0,"footnotes":""},"class_list":["post-32","page","type-page","status-publish","hentry"],"_links":{"self":[{"href":"https:\/\/www.michaellaitman.com\/se\/wp-json\/wp\/v2\/pages\/32","targetHints":{"allow":["GET"]}}],"collection":[{"href":"https:\/\/www.michaellaitman.com\/se\/wp-json\/wp\/v2\/pages"}],"about":[{"href":"https:\/\/www.michaellaitman.com\/se\/wp-json\/wp\/v2\/types\/page"}],"author":[{"embeddable":true,"href":"https:\/\/www.michaellaitman.com\/se\/wp-json\/wp\/v2\/users\/1"}],"replies":[{"embeddable":true,"href":"https:\/\/www.michaellaitman.com\/se\/wp-json\/wp\/v2\/comments?post=32"}],"version-history":[{"count":2,"href":"https:\/\/www.michaellaitman.com\/se\/wp-json\/wp\/v2\/pages\/32\/revisions"}],"predecessor-version":[{"id":623,"href":"https:\/\/www.michaellaitman.com\/se\/wp-json\/wp\/v2\/pages\/32\/revisions\/623"}],"up":[{"embeddable":true,"href":"https:\/\/www.michaellaitman.com\/se\/wp-json\/wp\/v2\/pages\/56"}],"wp:attachment":[{"href":"https:\/\/www.michaellaitman.com\/se\/wp-json\/wp\/v2\/media?parent=32"}],"curies":[{"name":"wp","href":"https:\/\/api.w.org\/{rel}","templated":true}]}}