{"id":11,"date":"2012-09-19T11:29:42","date_gmt":"2012-09-19T11:29:42","guid":{"rendered":"http:\/\/dev.michaellaitman.kbb1.com\/?page_id=11"},"modified":"2015-04-20T20:33:56","modified_gmt":"2015-04-20T19:33:56","slug":"education-provider","status":"publish","type":"page","link":"https:\/\/www.michaellaitman.com\/se\/person\/education-provider\/","title":{"rendered":"Utbildningsanordnare"},"content":{"rendered":"<div id=\"attachment_129\" style=\"width: 242px\" class=\"wp-caption alignleft\"><a href=\"http:\/\/www.michaellaitman.com\/se\/person\/education-provider\/img_8985\/\" rel=\"attachment wp-att-129\"><img loading=\"lazy\" decoding=\"async\" aria-describedby=\"caption-attachment-129\" class=\" wp-image-129 \" src=\"http:\/\/www.michaellaitman.com\/se\/wp-content\/uploads\/2012\/09\/IMG_8985-290x193.jpg\" alt=\"Huvudtalare vid Florida International University (FIU), Miami, Florida. \" width=\"232\" height=\"154\" \/><\/a><p id=\"caption-attachment-129\" class=\"wp-caption-text\">Huvudtalare vid Florida International University (FIU), Miami, Florida.<\/p><\/div>\n<p>Dr Laitman \u00e4r ordf\u00f6rande f\u00f6r ARI-institutet, en ideell organisation som arbetar f\u00f6r att f\u00f6rb\u00e4ttra m\u00e4nskligheten genom forskning och utbildning, med f\u00f6rgreningar i hela v\u00e4rlden.<\/p>\n<p>Michael Laitman tillhandah\u00e5ller s\u00e4rskilda riktlinjer f\u00f6r att leva i dagens alltmer sammanl\u00e4nkade v\u00e4rld. Hans fr\u00e4scha perspektiv f\u00f6r att m\u00f6ta 2000-talets utmaningar ber\u00f6r alla aspekter av m\u00e4nskligt liv: sociala, ekonomiska och milj\u00f6m\u00e4ssiga, med s\u00e4rskild tonvikt p\u00e5 utbildning. Han har utvecklat en ny global utbildningsmetod som omfattar principer, program och universella v\u00e4rden f\u00f6r att skapa ett f\u00f6renat samh\u00e4lle i v\u00e5r nya, v\u00e4xande, t\u00e4tt \u00f6msesidigt beroende v\u00e4rld.<\/p>\n","protected":false},"excerpt":{"rendered":"<p>Dr Laitman \u00e4r ordf\u00f6rande f\u00f6r ARI-institutet, en ideell organisation som arbetar f\u00f6r att f\u00f6rb\u00e4ttra m\u00e4nskligheten genom forskning och utbildning, med f\u00f6rgreningar i hela v\u00e4rlden. Michael Laitman tillhandah\u00e5ller s\u00e4rskilda riktlinjer f\u00f6r att leva i dagens alltmer sammanl\u00e4nkade v\u00e4rld. Hans fr\u00e4scha perspektiv<span class=\"ellipsis\">&hellip;<\/span><\/p>\n<div class=\"read-more\"><a href=\"https:\/\/www.michaellaitman.com\/se\/person\/education-provider\/\">L\u00e4s mer &#8250;<\/a><\/div>\n<p><!-- end of .read-more --><\/p>\n","protected":false},"author":1,"featured_media":0,"parent":56,"menu_order":4,"comment_status":"open","ping_status":"open","template":"sidebar-content-page.php","meta":{"ngg_post_thumbnail":0,"footnotes":""},"class_list":["post-11","page","type-page","status-publish","hentry"],"_links":{"self":[{"href":"https:\/\/www.michaellaitman.com\/se\/wp-json\/wp\/v2\/pages\/11","targetHints":{"allow":["GET"]}}],"collection":[{"href":"https:\/\/www.michaellaitman.com\/se\/wp-json\/wp\/v2\/pages"}],"about":[{"href":"https:\/\/www.michaellaitman.com\/se\/wp-json\/wp\/v2\/types\/page"}],"author":[{"embeddable":true,"href":"https:\/\/www.michaellaitman.com\/se\/wp-json\/wp\/v2\/users\/1"}],"replies":[{"embeddable":true,"href":"https:\/\/www.michaellaitman.com\/se\/wp-json\/wp\/v2\/comments?post=11"}],"version-history":[{"count":0,"href":"https:\/\/www.michaellaitman.com\/se\/wp-json\/wp\/v2\/pages\/11\/revisions"}],"up":[{"embeddable":true,"href":"https:\/\/www.michaellaitman.com\/se\/wp-json\/wp\/v2\/pages\/56"}],"wp:attachment":[{"href":"https:\/\/www.michaellaitman.com\/se\/wp-json\/wp\/v2\/media?parent=11"}],"curies":[{"name":"wp","href":"https:\/\/api.w.org\/{rel}","templated":true}]}}