{"id":105,"date":"2012-09-25T12:29:33","date_gmt":"2012-09-25T12:29:33","guid":{"rendered":"http:\/\/dev.michaellaitman.kbb1.com\/?page_id=105"},"modified":"2015-04-22T22:38:07","modified_gmt":"2015-04-22T21:38:07","slug":"about","status":"publish","type":"page","link":"https:\/\/www.michaellaitman.com\/se\/about\/","title":{"rendered":"Michael Laitman, fil dr"},"content":{"rendered":"<p style=\"text-align: left\" align=\"center\"><strong><a href=\"http:\/\/www.michaellaitman.com\/se\/about\/img_3070_abrener-2\/\" rel=\"attachment wp-att-110\"><img loading=\"lazy\" decoding=\"async\" class=\"alignleft size-full wp-image-110\" src=\"http:\/\/www.michaellaitman.com\/se\/wp-content\/uploads\/2012\/09\/IMG_3070_abrener1.jpg\" alt=\"\" width=\"232\" height=\"224\" \/><\/a><\/strong><\/p>\n<p><b>Michael Laitman \u00e4r professor i ontologi och kunskapsteori och har en fil dr i filosofi och kabbala och en MSc i medicinsk biocybernetik.<\/b><\/p>\n<p><b>Han \u00e4r grundare till och ordf\u00f6rande i ARI-institutet och Bnei Baruchs kabbalistiska utbildnings- och forskningsinstitut.<\/b><\/p>\n<p>Via Bnei Baruchs webbsida, <a href=\"http:\/\/www.kab.info\/\">www.kab.info<\/a>, undervisar han direkt i dagliga lektioner till en publik p\u00e5 cirka tv\u00e5 miljoner m\u00e4nniskor v\u00e4rlden \u00f6ver, simultantolkat p\u00e5 \u00e5tta spr\u00e5k: engelska, spanska, hebreiska, italienska, ryska, franska, turkiska och tyska (delvis \u00e4ven svenska).<\/p>\n<p>Dr Laitman tog sin fil dr i filosofi och kabbala vid Moskvas filosofiska institut vid ryska vetenskapsakademin och sin MSc i medicinsk biocybernetik vid St. Petersburgs statliga polytekniska universitet<b><i>.<\/i><\/b> Hans omfattande erfarenhet av undervisning ledde till att han tilldelades titeln professor i ontologi och kunskapsteori av den h\u00f6gsta tv\u00e4rvetenskapliga akademiska intygskommitt\u00e9n i den ryska federationen..<\/p>\n<p>Fram till i dag har Laitman publicerat \u00f6ver 40 b\u00f6cker, \u00f6versatta til 18 spr\u00e5k. M\u00e4rkbara publikationer \u00e4r:<\/p>\n<ul>\n<li><a href=\"http:\/\/www.bundleofreeds.com\/\"><i>Likt en bunt av vass: varf\u00f6r enhet och \u00f6msesidig garanti beh\u00f6vs nu<\/i><\/a>, om vilken professor Kalman J. Kaplan vid Chicagos universitet skrev, \u201dDetta \u00e4r en djupt intelligent, v\u00e4l avrundad och mycket l\u00e4sv\u00e4rd bok som unders\u00f6ker v\u00e5r tids fr\u00e5gor: Judarnas roll genom historien, f\u00f6rh\u00e5llandet mellan individualitet och gemenskap, den allest\u00e4des n\u00e4rvarande antisemitismen och dess kontinuerliga ombildning\u00a0till nya elakartade former.\u201d<\/li>\n<\/ul>\n<ul>\n<li><a href=\"http:\/\/www.michaellaitman.com\/se\/books\/a-guide-to-the-new-world\/\"><i>A Guide to the New World (En guide till den nya v\u00e4rlden): varf\u00f6r \u00f6msesidig garanti \u00e4r nyckeln till v\u00e5r \u00e5terh\u00e4mtning fr\u00e5n den globala krisen<\/i><\/a>, om vilken ForeWord Reviews skrev, \u201dDet r\u00e5der inget tvivel om att boken \u00e4r provocerande och uppfriskande i sin inst\u00e4llning till globalisering som en potentiell kraft f\u00f6r det goda<b><i>.\u201d<\/i><\/b><\/li>\n<\/ul>\n<ul>\n<li><a href=\"http:\/\/www.michaellaitman.com\/se\/books\/self-interest-vs-altruism\/\"><i>Self-Interest vs. Altruism in the Global Era (Egenintresse kontra altruism i den globala eran): hur samh\u00e4llet kan v\u00e4nda egenintresse till \u00f6msesidig nytta<\/i><\/a>, vilken Midwest Book Review prisade med f\u00f6ljande ord: \u201dGenom att p\u00e5st\u00e5 att samh\u00e4llets framtid \u00e4r beroende av m\u00e4nniskor som g\u00e5r samman och arbetar tillsammans f\u00f6r samh\u00e4llet, att en stor del av samh\u00e4llets nedbrytning under de senaste decennierna \u00e4r resultatet av narcissism och girighet, \u00e4r \u201cEgenintresse kontra altruism\u201d intressant och rekommenderad l\u00e4sning\u201d.<\/li>\n<\/ul>\n<ul>\n<li><a href=\"http:\/\/www.michaellaitman.com\/se\/books\/the-psychology-of-the-integral-society\/\"><i>The Psychology of the Integral Society (Det integrerade samh\u00e4llets ekonomi)<\/i><\/a>, ocks\u00e5 rekommenderad av ForeWord Reviews: \u201dDet som uttrycks i <i>The Psychology of the Integral Society<\/i> borde f\u00e5 folk att b\u00f6rja t\u00e4nka.\u201d<\/li>\n<\/ul>\n<p>Dr Laitman har ett n\u00e4ra samarbete med m\u00e5nga internationella forskningsinstitut. Han erbj\u00f6ds att g\u00e5 med i World Wisdom Council (WWC), en tankesmedja sammankallad av Budapestklubben och ledd av professor Ervin Laszlo, nominerad till Nobelpriset 2004 och 2005. Andra noterbara personligheter i WWC \u00e4r tidigare ordf\u00f6rande f\u00f6r Sovjetunionen, Michael Gorbatjov, Nobelpristagaren och primatologisten Jane Goodall och den v\u00e4lk\u00e4nde l\u00e5tskrivaren och artisten Peter Gabriel.<\/p>\n<p>Under senare \u00e5r har han deltagit i flera internationella evenemang med WWC och Goi Peace Foundation i Tokyo, Arosa (Schweiz), D\u00fcsseldorf (Tyskland) och i Universal Forum of Cultures i Monterrey (Mexico), anordnade med st\u00f6d av UNESCO. M\u00e5let med alla dessa evenemang var att engagera sig i en produktiv dialog kring den globala krisen och att initiera en positiv f\u00f6r\u00e4ndring i globalt medvetande. Som en del i sin str\u00e4van tr\u00e4ffar han regelbundet v\u00e4rldsledare som UNESCO\u2019s generaldirekt\u00f6r Irina Bokova, som kallade honom en \u201dsann vision\u00e4r\u201d, och FN:s bitr\u00e4dande generalsekreterare dr Asha-Rose Migiro.<\/p>\n<p>Laitmans artiklar och intervjuer har dykt upp i viktiga medier s\u00e5som Bloomberg TV, Fox News (radio), Chicago<i> Tribune<\/i>, <i>Corriere della Sera<\/i>, och <i>The Miami Herald<\/i>.<\/p>\n<p style=\"text-align: left\" align=\"center\">Han \u00e4r gift, har tre barn och fyra barnbarn.<strong><br \/>\n<\/strong><\/p>\n","protected":false},"excerpt":{"rendered":"<p>Michael Laitman \u00e4r professor i ontologi och kunskapsteori och har en fil dr i filosofi och kabbala och en MSc i medicinsk biocybernetik. Han \u00e4r grundare till och ordf\u00f6rande i ARI-institutet och Bnei Baruchs kabbalistiska utbildnings- och forskningsinstitut. Via Bnei<span class=\"ellipsis\">&hellip;<\/span><\/p>\n<div class=\"read-more\"><a href=\"https:\/\/www.michaellaitman.com\/se\/about\/\">L\u00e4s mer &#8250;<\/a><\/div>\n<p><!-- end of .read-more --><\/p>\n","protected":false},"author":1,"featured_media":0,"parent":0,"menu_order":9,"comment_status":"open","ping_status":"open","template":"content-sidebar-page.php","meta":{"ngg_post_thumbnail":0,"footnotes":""},"class_list":["post-105","page","type-page","status-publish","hentry"],"_links":{"self":[{"href":"https:\/\/www.michaellaitman.com\/se\/wp-json\/wp\/v2\/pages\/105","targetHints":{"allow":["GET"]}}],"collection":[{"href":"https:\/\/www.michaellaitman.com\/se\/wp-json\/wp\/v2\/pages"}],"about":[{"href":"https:\/\/www.michaellaitman.com\/se\/wp-json\/wp\/v2\/types\/page"}],"author":[{"embeddable":true,"href":"https:\/\/www.michaellaitman.com\/se\/wp-json\/wp\/v2\/users\/1"}],"replies":[{"embeddable":true,"href":"https:\/\/www.michaellaitman.com\/se\/wp-json\/wp\/v2\/comments?post=105"}],"version-history":[{"count":3,"href":"https:\/\/www.michaellaitman.com\/se\/wp-json\/wp\/v2\/pages\/105\/revisions"}],"predecessor-version":[{"id":636,"href":"https:\/\/www.michaellaitman.com\/se\/wp-json\/wp\/v2\/pages\/105\/revisions\/636"}],"wp:attachment":[{"href":"https:\/\/www.michaellaitman.com\/se\/wp-json\/wp\/v2\/media?parent=105"}],"curies":[{"name":"wp","href":"https:\/\/api.w.org\/{rel}","templated":true}]}}