{"id":10,"date":"2012-09-19T11:29:28","date_gmt":"2012-09-19T11:29:28","guid":{"rendered":"http:\/\/dev.michaellaitman.kbb1.com\/?page_id=10"},"modified":"2015-04-20T20:31:27","modified_gmt":"2015-04-20T19:31:27","slug":"economic-outlook","status":"publish","type":"page","link":"https:\/\/www.michaellaitman.com\/se\/person\/economic-outlook\/","title":{"rendered":"Ekonomiska utsikter"},"content":{"rendered":"<div id=\"attachment_128\" style=\"width: 210px\" class=\"wp-caption alignleft\"><a href=\"http:\/\/www.michaellaitman.com\/se\/person\/economic-outlook\/index_img_5\/\" rel=\"attachment wp-att-128\"><img loading=\"lazy\" decoding=\"async\" aria-describedby=\"caption-attachment-128\" class=\"size-full wp-image-128\" src=\"http:\/\/www.michaellaitman.com\/se\/wp-content\/uploads\/2012\/09\/index_img_5.jpg\" alt=\"Intervju med Mike Schneider, fr\u00e5n \u201dNight Talk\u201d p\u00e5 Bloomberg TV\" width=\"200\" height=\"161\" \/><\/a><p id=\"caption-attachment-128\" class=\"wp-caption-text\">Intervju med Mike Schneider, fr\u00e5n \u201dNight Talk\u201d p\u00e5 Bloomberg TV<\/p><\/div>\n<p>Om vi f\u00f6rst\u00e5r den kritiska effekt m\u00e4nniskors relationer har p\u00e5 ekonomin, kommer vi att f\u00f6rst\u00e5 vilken typ av ekonomiska system vi m\u00e5ste bygga upp f\u00f6r att det ska kunna spela v\u00e5r roll p\u00e5 ett effektivt s\u00e4tt och bibeh\u00e5lla stabiliteten. N\u00e4r det ekonomiska och finansiellla systemet anpassar sig till den globala integrerade v\u00e4rlden, i vilken ekonomiska band korsar gr\u00e4nser, och f\u00f6retag d\u00e4r m\u00e4nniskor \u00e4r beroende av varandra och p\u00e5verkar varandra, kommer det att s\u00e4kra stabiliteten i det socioekonomiska systemet. F\u00f6rst d\u00e5 kommer systemet att undvika chocker och frekventa kriser som \u00e4r tungt belastande f\u00f6r oss.<\/p>\n<p>\u00c4nd\u00e5 \u00e4r det inte bara ekonomin som m\u00e5ste f\u00f6r\u00e4ndras, d\u00e5 de ekonomiska och finansiella systemen \u00e4r reflektioner av m\u00e4nskliga relationer, \u00e4r ocks\u00e5 hela det internationella samh\u00e4llet skyldigt att tillhandah\u00e5lla l\u00f6sningar f\u00f6r att omstrukturera systemet av m\u00e4nskliga relationer. N\u00e4r v\u00e5ra relationer b\u00f6rjar f\u00f6r\u00e4ndras mot f\u00f6renande, enhet, social sammanh\u00e5llning, bry sig om andra och \u00f6msesidig omtanke, kommer vi att veta hur vi ska f\u00f6r\u00e4ndra det ekonomiska paradigmet d\u00e4refter.<\/p>\n","protected":false},"excerpt":{"rendered":"<p>Om vi f\u00f6rst\u00e5r den kritiska effekt m\u00e4nniskors relationer har p\u00e5 ekonomin, kommer vi att f\u00f6rst\u00e5 vilken typ av ekonomiska system vi m\u00e5ste bygga upp f\u00f6r att det ska kunna spela v\u00e5r roll p\u00e5 ett effektivt s\u00e4tt och bibeh\u00e5lla stabiliteten. N\u00e4r<span class=\"ellipsis\">&hellip;<\/span><\/p>\n<div class=\"read-more\"><a href=\"https:\/\/www.michaellaitman.com\/se\/person\/economic-outlook\/\">L\u00e4s mer &#8250;<\/a><\/div>\n<p><!-- end of .read-more --><\/p>\n","protected":false},"author":1,"featured_media":0,"parent":56,"menu_order":3,"comment_status":"open","ping_status":"open","template":"sidebar-content-page.php","meta":{"ngg_post_thumbnail":0,"footnotes":""},"class_list":["post-10","page","type-page","status-publish","hentry"],"_links":{"self":[{"href":"https:\/\/www.michaellaitman.com\/se\/wp-json\/wp\/v2\/pages\/10","targetHints":{"allow":["GET"]}}],"collection":[{"href":"https:\/\/www.michaellaitman.com\/se\/wp-json\/wp\/v2\/pages"}],"about":[{"href":"https:\/\/www.michaellaitman.com\/se\/wp-json\/wp\/v2\/types\/page"}],"author":[{"embeddable":true,"href":"https:\/\/www.michaellaitman.com\/se\/wp-json\/wp\/v2\/users\/1"}],"replies":[{"embeddable":true,"href":"https:\/\/www.michaellaitman.com\/se\/wp-json\/wp\/v2\/comments?post=10"}],"version-history":[{"count":1,"href":"https:\/\/www.michaellaitman.com\/se\/wp-json\/wp\/v2\/pages\/10\/revisions"}],"predecessor-version":[{"id":625,"href":"https:\/\/www.michaellaitman.com\/se\/wp-json\/wp\/v2\/pages\/10\/revisions\/625"}],"up":[{"embeddable":true,"href":"https:\/\/www.michaellaitman.com\/se\/wp-json\/wp\/v2\/pages\/56"}],"wp:attachment":[{"href":"https:\/\/www.michaellaitman.com\/se\/wp-json\/wp\/v2\/media?parent=10"}],"curies":[{"name":"wp","href":"https:\/\/api.w.org\/{rel}","templated":true}]}}