{"id":97,"date":"2012-09-25T06:21:20","date_gmt":"2012-09-25T06:21:20","guid":{"rendered":"http:\/\/dev.michaellaitman.kbb1.com\/?page_id=97"},"modified":"2012-12-20T13:37:36","modified_gmt":"2012-12-20T13:37:36","slug":"interpersonal-relationships","status":"publish","type":"page","link":"https:\/\/www.michaellaitman.com\/pt\/integral-education-page\/interpersonal-relationships\/","title":{"rendered":"Rela\u00e7\u00f5es Interpessoais"},"content":{"rendered":"<p>Enquanto interdepend\u00eancia est\u00e1 rapidamente se tornando um fato da vida, egocentrismo ainda \u00e9 a mentalidade predominante na sociedade humana. Nosso modo de pensar e os nossos valores sociais ainda est\u00e3o presos no antigo paradigma de auto-orientado. A colis\u00e3o entre interdepend\u00eancia, por um lado, e do egocentrismo, por outro lado, bid\u00f5es nossas crises em todos os dom\u00ednios da sociedade humana.<\/p>\n<p>Intera\u00e7\u00e3o entre as pessoas \u00e9 fundamental e decisivo. No entanto, em algum momento, parou compreender o outro e tornou-se correctamente internamente separado um do outro. O resultado \u00e9 que agora somos incapazes de encontrar pontos comuns de conex\u00e3o quando chegamos a resolver qualquer tipo de problema, para n\u00e3o mencionar os problemas altamente complexos que enfrentamos hoje.<\/p>\n<p>A seguir est\u00e3o algumas entrevistas na TV recentes sobre as rela\u00e7\u00f5es interpessoais que explicam como a nossa rela\u00e7\u00e3o mais \u00edntima afeta todos os outros aspectos da nossa vida, e, finalmente, o mundo inteiro.<\/p>\n<hr \/>\n<p>&nbsp;<\/p>\n","protected":false},"excerpt":{"rendered":"<p>Enquanto interdepend\u00eancia est\u00e1 rapidamente se tornando um fato da vida, egocentrismo ainda \u00e9 a mentalidade predominante na sociedade humana. Nosso modo de pensar e os nossos valores sociais ainda est\u00e3o presos no antigo paradigma de auto-orientado. A colis\u00e3o entre interdepend\u00eancia,<span class=\"ellipsis\">&hellip;<\/span><\/p>\n<div class=\"read-more\"><a href=\"https:\/\/www.michaellaitman.com\/pt\/integral-education-page\/interpersonal-relationships\/\">Leia mais &#8250;<\/a><\/div>\n<p><!-- end of .read-more --><\/p>\n","protected":false},"author":1,"featured_media":0,"parent":64,"menu_order":7,"comment_status":"open","ping_status":"open","template":"sidebar-content-page.php","meta":{"ngg_post_thumbnail":0,"footnotes":""},"class_list":["post-97","page","type-page","status-publish","hentry"],"_links":{"self":[{"href":"https:\/\/www.michaellaitman.com\/pt\/wp-json\/wp\/v2\/pages\/97","targetHints":{"allow":["GET"]}}],"collection":[{"href":"https:\/\/www.michaellaitman.com\/pt\/wp-json\/wp\/v2\/pages"}],"about":[{"href":"https:\/\/www.michaellaitman.com\/pt\/wp-json\/wp\/v2\/types\/page"}],"author":[{"embeddable":true,"href":"https:\/\/www.michaellaitman.com\/pt\/wp-json\/wp\/v2\/users\/1"}],"replies":[{"embeddable":true,"href":"https:\/\/www.michaellaitman.com\/pt\/wp-json\/wp\/v2\/comments?post=97"}],"version-history":[{"count":1,"href":"https:\/\/www.michaellaitman.com\/pt\/wp-json\/wp\/v2\/pages\/97\/revisions"}],"predecessor-version":[{"id":240,"href":"https:\/\/www.michaellaitman.com\/pt\/wp-json\/wp\/v2\/pages\/97\/revisions\/240"}],"up":[{"embeddable":true,"href":"https:\/\/www.michaellaitman.com\/pt\/wp-json\/wp\/v2\/pages\/64"}],"wp:attachment":[{"href":"https:\/\/www.michaellaitman.com\/pt\/wp-json\/wp\/v2\/media?parent=97"}],"curies":[{"name":"wp","href":"https:\/\/api.w.org\/{rel}","templated":true}]}}