{"id":96,"date":"2012-09-25T06:20:49","date_gmt":"2012-09-25T06:20:49","guid":{"rendered":"http:\/\/dev.michaellaitman.kbb1.com\/?page_id=96"},"modified":"2012-12-20T13:35:04","modified_gmt":"2012-12-20T13:35:04","slug":"health","status":"publish","type":"page","link":"https:\/\/www.michaellaitman.com\/pt\/integral-education-page\/health\/","title":{"rendered":"Sa\u00fade"},"content":{"rendered":"<p>Muitos artigos cient\u00edficos t\u00eam sido publicados recentemente, indicando como doen\u00e7as e problemas de sa\u00fade pode ser significativamente reduzido, mantendo as rela\u00e7\u00f5es corretas entre n\u00f3s. Isso significa, naturalmente, menos assassinatos, estupros, atos de viol\u00eancia, e outros tipos de tens\u00f5es sociais e, consequentemente, reflectir-se na sa\u00fade global das pessoas na sociedade.<br \/>\nNossos problemas resultam de desequil\u00edbrio interno, assim quando atingir o equil\u00edbrio em nossas rela\u00e7\u00f5es, todos os sistemas come\u00e7am a funcionar harmoniosamente.<\/p>\n<hr \/>\n<p>A educa\u00e7\u00e3o integral tem que cobrir todos os aspectos de nossas vidas, a fim de nos levar em dire\u00e7\u00e3o a um desenvolvimento certo. Esta revolu\u00e7\u00e3o em nossa consci\u00eancia acabar\u00e1 por garantir condi\u00e7\u00f5es mais saud\u00e1veis em nossa sociedade.<\/p>\n<p><!-- embed talk #68 --><\/p>\n<ul class=\"nav nav-tabs\">\n<li><a class=\"cu-icon-play\" href=\"#video\">Assista ao v\u00eddeo<\/a><\/li>\n<li><a class=\"cu-icon-listen\" href=\"#listen\"><em><\/em>Leia o texto<\/a><\/li>\n<\/ul>\n<div class=\"tab-content\">\n<div class=\"tab-pane fade\"><\/div>\n<div class=\"tab-pane fade\">\n<audio class=\"wp-audio-shortcode\" id=\"audio-96-1\" preload=\"none\" style=\"width: 100%;\" controls=\"controls\"><source type=\"audio\/mpeg\" src=\"http:\/\/files.kabbalahmedia.info\/audio\/eng_t_rav_2012-09-05_program_haim-hadashim_n68.mp3?_=1\" \/><a href=\"http:\/\/files.kabbalahmedia.info\/audio\/eng_t_rav_2012-09-05_program_haim-hadashim_n68.mp3\">http:\/\/files.kabbalahmedia.info\/audio\/eng_t_rav_2012-09-05_program_haim-hadashim_n68.mp3<\/a><\/audio>\n<\/div>\n<\/div>\n","protected":false},"excerpt":{"rendered":"<p>Muitos artigos cient\u00edficos t\u00eam sido publicados recentemente, indicando como doen\u00e7as e problemas de sa\u00fade pode ser significativamente reduzido, mantendo as rela\u00e7\u00f5es corretas entre n\u00f3s. Isso significa, naturalmente, menos assassinatos, estupros, atos de viol\u00eancia, e outros tipos de tens\u00f5es sociais e,<span class=\"ellipsis\">&hellip;<\/span><\/p>\n<div class=\"read-more\"><a href=\"https:\/\/www.michaellaitman.com\/pt\/integral-education-page\/health\/\">Leia mais &#8250;<\/a><\/div>\n<p><!-- end of .read-more --><\/p>\n","protected":false},"author":1,"featured_media":0,"parent":64,"menu_order":6,"comment_status":"open","ping_status":"closed","template":"sidebar-content-page.php","meta":{"ngg_post_thumbnail":0,"footnotes":""},"class_list":["post-96","page","type-page","status-publish","hentry"],"_links":{"self":[{"href":"https:\/\/www.michaellaitman.com\/pt\/wp-json\/wp\/v2\/pages\/96","targetHints":{"allow":["GET"]}}],"collection":[{"href":"https:\/\/www.michaellaitman.com\/pt\/wp-json\/wp\/v2\/pages"}],"about":[{"href":"https:\/\/www.michaellaitman.com\/pt\/wp-json\/wp\/v2\/types\/page"}],"author":[{"embeddable":true,"href":"https:\/\/www.michaellaitman.com\/pt\/wp-json\/wp\/v2\/users\/1"}],"replies":[{"embeddable":true,"href":"https:\/\/www.michaellaitman.com\/pt\/wp-json\/wp\/v2\/comments?post=96"}],"version-history":[{"count":0,"href":"https:\/\/www.michaellaitman.com\/pt\/wp-json\/wp\/v2\/pages\/96\/revisions"}],"up":[{"embeddable":true,"href":"https:\/\/www.michaellaitman.com\/pt\/wp-json\/wp\/v2\/pages\/64"}],"wp:attachment":[{"href":"https:\/\/www.michaellaitman.com\/pt\/wp-json\/wp\/v2\/media?parent=96"}],"curies":[{"name":"wp","href":"https:\/\/api.w.org\/{rel}","templated":true}]}}