{"id":95,"date":"2012-09-25T06:19:53","date_gmt":"2012-09-25T06:19:53","guid":{"rendered":"http:\/\/dev.michaellaitman.kbb1.com\/?page_id=95"},"modified":"2012-12-20T13:33:55","modified_gmt":"2012-12-20T13:33:55","slug":"money","status":"publish","type":"page","link":"https:\/\/www.michaellaitman.com\/pt\/integral-education-page\/money\/","title":{"rendered":"Dinheiro"},"content":{"rendered":"<p>O mundo de hoje est\u00e1 em uma encruzilhada. Instabilidade econ\u00f4mica, insufici\u00eancia pol\u00edtica e agita\u00e7\u00e3o social est\u00e3o se espalhando atrav\u00e9s de continentes, indicando uma transforma\u00e7\u00e3o global que ocorre na humanidade. A natureza dessa transforma\u00e7\u00e3o \u00e9 que o mundo est\u00e1 se tornando cada vez mais interligado e interdependente.<\/p>\n<hr \/>\n<p>\u00c9 nosso desejo que fazem o mundo girar. O dinheiro cobre um desejo e depois cancela e este ciclo se repete uma e outra vez. N\u00f3s nos encontramos constantemente correndo atr\u00e1s de prazer at\u00e9 morrer e que \u00e9 a nossa vida inteira. Onde est\u00e1 o prazer duradouro em que? O \u00fanico prazer duradouro \u00e9 a nossa conex\u00e3o social.<\/p>\n<p><!-- embed talk #64 --><\/p>\n<ul class=\"nav nav-tabs\">\n<li><a class=\"cu-icon-play\" href=\"#video\">Assista ao v\u00eddeo<\/a><\/li>\n<li><a class=\"cu-icon-listen\" href=\"#listen\"><em><\/em>Leia o texto<\/a><\/li>\n<\/ul>\n<div class=\"tab-content\">\n<div class=\"tab-pane fade\"><\/div>\n<div class=\"tab-pane fade\">\n<a class=\"wp-embedded-audio\" href=\"http:\/\/files.kabbalahmedia.info\/video\/eng_t_rav_2012-09-02_program_haim-hadashim_n64.wmv\">http:\/\/files.kabbalahmedia.info\/video\/eng_t_rav_2012-09-02_program_haim-hadashim_n64.wmv<\/a>\n<\/div>\n<\/div>\n","protected":false},"excerpt":{"rendered":"<p>O mundo de hoje est\u00e1 em uma encruzilhada. Instabilidade econ\u00f4mica, insufici\u00eancia pol\u00edtica e agita\u00e7\u00e3o social est\u00e3o se espalhando atrav\u00e9s de continentes, indicando uma transforma\u00e7\u00e3o global que ocorre na humanidade. A natureza dessa transforma\u00e7\u00e3o \u00e9 que o mundo est\u00e1 se tornando<span class=\"ellipsis\">&hellip;<\/span><\/p>\n<div class=\"read-more\"><a href=\"https:\/\/www.michaellaitman.com\/pt\/integral-education-page\/money\/\">Leia mais &#8250;<\/a><\/div>\n<p><!-- end of .read-more --><\/p>\n","protected":false},"author":1,"featured_media":0,"parent":64,"menu_order":5,"comment_status":"open","ping_status":"open","template":"sidebar-content-page.php","meta":{"ngg_post_thumbnail":0,"footnotes":""},"class_list":["post-95","page","type-page","status-publish","hentry"],"_links":{"self":[{"href":"https:\/\/www.michaellaitman.com\/pt\/wp-json\/wp\/v2\/pages\/95","targetHints":{"allow":["GET"]}}],"collection":[{"href":"https:\/\/www.michaellaitman.com\/pt\/wp-json\/wp\/v2\/pages"}],"about":[{"href":"https:\/\/www.michaellaitman.com\/pt\/wp-json\/wp\/v2\/types\/page"}],"author":[{"embeddable":true,"href":"https:\/\/www.michaellaitman.com\/pt\/wp-json\/wp\/v2\/users\/1"}],"replies":[{"embeddable":true,"href":"https:\/\/www.michaellaitman.com\/pt\/wp-json\/wp\/v2\/comments?post=95"}],"version-history":[{"count":0,"href":"https:\/\/www.michaellaitman.com\/pt\/wp-json\/wp\/v2\/pages\/95\/revisions"}],"up":[{"embeddable":true,"href":"https:\/\/www.michaellaitman.com\/pt\/wp-json\/wp\/v2\/pages\/64"}],"wp:attachment":[{"href":"https:\/\/www.michaellaitman.com\/pt\/wp-json\/wp\/v2\/media?parent=95"}],"curies":[{"name":"wp","href":"https:\/\/api.w.org\/{rel}","templated":true}]}}