{"id":94,"date":"2012-09-25T06:19:28","date_gmt":"2012-09-25T06:19:28","guid":{"rendered":"http:\/\/dev.michaellaitman.kbb1.com\/?page_id=94"},"modified":"2014-08-24T23:03:24","modified_gmt":"2014-08-24T23:03:24","slug":"emergency-scenarios","status":"publish","type":"page","link":"https:\/\/www.michaellaitman.com\/pt\/integral-education-page\/emergency-scenarios\/","title":{"rendered":"Cen\u00e1rios de emerg\u00eancia"},"content":{"rendered":"<p><img loading=\"lazy\" decoding=\"async\" alt=\"\" src=\"https:\/\/encrypted-tbn2.gstatic.com\/images?q=tbn:ANd9GcRLgR0hxx8bYiMo0_51A9klfB9Oo5qX7s_4l3sk0vpE2PabueOn3Q\" width=\"495\" height=\"371\" \/><\/p>\n<p>&nbsp;<\/p>\n<p>N\u00f3s n\u00e3o seremos capazes de resolver qualquer problema nacional sem unidade. Precisamos entender que o homem s\u00f3 tem livre escolha em trabalhar para a unidade, para melhorar a conex\u00e3o entre todas as partes da realidade com sua boa participa\u00e7\u00e3o. Se o homem, a \u00fanica criatura com essa habilidade, tenta trazer todas as for\u00e7as no sistema em equil\u00edbrio, para trazer calma, ele tem o poder de se livrar de todos os problemas e crises.<\/p>\n<hr \/>\n<p>A falta de equil\u00edbrio entre a humanidade ea natureza chegou a um ponto em que amea\u00e7a a nossa pr\u00f3pria sobreviv\u00eancia. Esta \u00e9 \u00fanica maneira da natureza para despertar-nos para a compreens\u00e3o de que \u00e9 preciso mudar. Esta amea\u00e7a de seguran\u00e7a que \u00e9 fundamental para a exist\u00eancia do homem \u00e9 o resultado de apenas pensar em n\u00f3s mesmos.<\/p>\n<p><!-- embed talk #55 --><\/p>\n<p><span style=\"font-size: large\"><b>Evolu\u00e7\u00e3o Consciente <\/b><\/span><\/p>\n<p><span style=\"font-size: large\"><b>Voc\u00ea Est\u00e1 Preso no Progresso Atual da Humanidade?<\/b><\/span><\/p>\n<p><img decoding=\"async\" alt=\"\" src=\"https:\/\/encrypted-tbn0.gstatic.com\/images?q=tbn:ANd9GcQS6ToiLnDJWGHnKSA2bR433zpV5mQGyl1JCktqk1QRaB4oqPl5\" \/><\/p>\n<p>A hist\u00f3ria mostra-nos que as nossas vidas mudam de gera\u00e7\u00e3o em gera\u00e7\u00e3o. Anteriormente as pessoas viviam em pequenas aldeias e vilas. Elas viviam e trabalhavam no mesmo local e raramente viajavam. Hoje em dia as pessoas trabalham num local, vivem noutro e, viajam com frequ\u00eancia para trabalho ou f\u00e9rias. As pessoas tamb\u00e9m mudam para locais afastados com mais frequ\u00eancia e n\u00e3o est\u00e3o confinados a passar as suas vidas num s\u00f3 local. Tudo se tornou din\u00e2mico e sujeito a mudan\u00e7a.<\/p>\n<p>Qualquer pessoa que tenha come\u00e7ado a sua vida na primeira metade do s\u00e9culo passado e que agora viva no s\u00e9culo 21 pode ver como o mundo mudou. Ao contr\u00e1rio de todas as outras partes da Natureza \u2013 animais e plantas \u2013 que dificilmente mudam durante s\u00e9culos, cada gera\u00e7\u00e3o humana mostra uma evolu\u00e7\u00e3o significativa em cada dom\u00ednio.<\/p>\n<p>Isto levanta algumas quest\u00f5es: Porqu\u00ea mudamos de gera\u00e7\u00e3o em gera\u00e7\u00e3o? N\u00e3o \u00e9 suficiente nascer e continuar a esp\u00e9cie como antes? Qual \u00e9 o prop\u00f3sito dessas altera\u00e7\u00f5es, este desenvolvimento?<\/p>\n<p><b>Aqui Est\u00e1 Porqu\u00ea as Pessoas Mudam de Gera\u00e7\u00e3o em Gera\u00e7\u00e3o<\/b><\/p>\n<p>Embora possamos n\u00e3o ver a necessidade para o desenvolvimento humano ou a sua dire\u00e7\u00e3o, <i>podemos<\/i> observar <i>como<\/i> crescemos. Vemos que um rec\u00e9m-nascido tem de crescer de forma a levar uma vida boa e satisfat\u00f3ria como crescido \u2013 para satisfazer os seus desejos, mudar a sua vida, ter filhos e transmitir-lhes as posses que adquiriu ao longo da vida. Os filhos ent\u00e3o continuam a vida dos pais. Num sentido, s\u00e3o extens\u00f5es das vidas dos seus pais. Mas para atingir tudo isso, um beb\u00e9 precisa de crescer e obter o conhecimento, for\u00e7a e perce\u00e7\u00f5es que lhe permitam entender a vida e atingir os seus objetivos.<\/p>\n<p>Talvez n\u00f3s, tamb\u00e9m, sejamos assim. Talvez possamos comparar essas dezenas de milhares de anos de evolu\u00e7\u00e3o \u00e0 vida de uma \u00fanica pessoa, onde cada etapa de evolu\u00e7\u00e3o \u00e9 como outra etapa no crescimento da crian\u00e7a.<\/p>\n<p>Sabemos como os nossos pr\u00f3prios filhos desenvolvem e como proporcionar-lhes aquilo de que necessitam por forma a desenvolver, tais como jogos e exerc\u00edcios. Ent\u00e3o introduzimo-los na sociedade que ir\u00e1 desenvolv\u00ea-los. Mas tal como para n\u00f3s, n\u00f3s pr\u00f3prios n\u00e3o sabemos de que formas estamos a desenvolver. \u00c9 por esta raz\u00e3o que n\u00e3o reparamos na evolu\u00e7\u00e3o dos nossos desejos, mas consideramos o seu desenvolvimento acidental e aleat\u00f3rio.<\/p>\n<p>Aparente n\u00e3o sabemos nada acerca dos nossos filhos. De facto, como \u00e9 que um beb\u00e9 cresce? Evolui por sorte. As motiva\u00e7\u00f5es dentro deles n\u00e3o s\u00e3o suficientes para os levar a essas coisas de que necessitam como humanos porque a natureza do nosso mundo \u00e9 do n\u00edvel animal. Por isso, proporcionamos-lhes conhecimento, sensa\u00e7\u00f5es, exerc\u00edcio, m\u00fasica, educa\u00e7\u00e3o e por a\u00ed fora. Posto de forma diferente, adicionamos neles o n\u00edvel humano, o n\u00edvel \u201cfalante\u201d, permitindo-lhes crescer no mundo que cri\u00e1mos para eles.<\/p>\n<p><b>Deixe de Confundir o Surgimento da Infelicidade em Um Minuto<\/b><\/p>\n<p>Inversamente, enquanto a humanidade evolui de gera\u00e7\u00e3o em gera\u00e7\u00e3o, n\u00e3o h\u00e1 ningu\u00e9m que assegure que evolui de forma correta. Consequentemente, cada gera\u00e7\u00e3o nova e mais desenvolvida torna-se mais miser\u00e1vel, sentindo-se mais incompleta e vazia.<\/p>\n<p>Sim, alcan\u00e7\u00e1mos o espa\u00e7o exterior, envi\u00e1mos naves para Marte, e aterr\u00e1mos na lua, mas ningu\u00e9m mais est\u00e1 animado com estes logros porque os tomamos como garantidos. Podemos fazer quase qualquer coisa na terra, mas ent\u00e3o e em rela\u00e7\u00e3o a n\u00f3s? N\u00e3o sabemos como conduzir-nos a n\u00f3s pr\u00f3prios por forma a sermos felizes. Estamos numa crise profunda, fam\u00edlias est\u00e3o a despeda\u00e7ar-se \u00e0 medida que as taxas de div\u00f3rcio aumentam, as crian\u00e7as est\u00e3o a sofrer, os pais est\u00e3o a sofrer, e a sociedade est\u00e1 a sofrer com terrorismo e drogas. Onde est\u00e1 a nossa alegria, o nosso prazer?<\/p>\n<p>A depress\u00e3o \u00e9 a doen\u00e7a mais comum no mundo. Assim se pensamos na humanidade como um beb\u00e9, d\u00e1 a ideia de que n\u00e3o temos bons pais que tomem conta de n\u00f3s e tomem conta de n\u00f3s de forma adequada.<\/p>\n<p><b>Possua um Conhecimento da Humanidade do Qual se Possa Orgulhar<\/b><\/p>\n<p>Se examinarmos a Natureza, veremos que tem grande preocupa\u00e7\u00e3o pelo desenvolvimento correto de cada elemento. N\u00f3s, como pais, temos grande amor pelos nossos filhos; queremos dar-lhe o melhor. Colocamos as nossas vidas nisso, desenvolvendo para eles todo o tipo de sistemas. Atualmente, o mundo inteiro trabalha apenas para promover as crian\u00e7as, de forma que tenham uma vida melhor.<\/p>\n<p>Mas n\u00e3o estamos a ser bem sucedidos, embora a Natureza nos proporcione <i>todos<\/i> os meios para tal. A Natureza deu-nos amor, sem o qual n\u00e3o poder\u00edamos prestar aten\u00e7\u00e3o aos nossos filhos, mas amamo-los instintivamente, como os animais amam a sua descend\u00eancia. Por outras palavras, a Natureza tende para o desenvolvimento de todo e cada um dos elementos e criaturas de uma forma especial. Mas enquanto os leva a crescer em seguran\u00e7a e bem, para o qual a Natureza introduz nos pais um amor instintivo pelas suas crias e compele-os a tomarem conta deles, n\u00f3s humanos ainda falhamos em dar-lhes uma vida boa e segura.<\/p>\n<p>Se examinarmos um fruto numa \u00e1rvore, veremos que inicialmente pode parecer desagrad\u00e1vel e nada saboroso. Mas \u00e0 medida que cresce e amadurece, torna-se bonito, perfumado e delicioso.<\/p>\n<p>Talvez sejamos como um fruto numa \u00e1rvore \u2013 atravessando formas semelhantes de desenvolvimento que ainda t\u00eam de amadurecer. Talvez sejamos como uma ma\u00e7\u00e3 verde, dura e azeda, que ningu\u00e9m sabe que ir\u00e1 tornar-se um lindo fruto a n\u00e3o ser que o saibamos por experi\u00eancia.<\/p>\n<p>O mesmo ocorre com os humanos. Leva pelo menos 20 anos at\u00e9 uma crian\u00e7a crescer e tornar-se adequada \u00e0 vida como adulto, capaz de aprender, implementar conhecimento e \u201cdeixar a sua marca no mundo\u201d.<\/p>\n<p>Por isso, podemos concluir que o nosso desenvolvimento \u00e9 gradual, como o de um fruto que n\u00e3o tem sabor na sua conce\u00e7\u00e3o, mas que finalmente cresce doce e saboroso. E quanto mais tempo e mais etapas necessite para desenvolver, mais complexo ir\u00e1 ser o seu desenvolvimento final e maiores os seus logros.<\/p>\n<p>De gera\u00e7\u00e3o em gera\u00e7\u00e3o, evolu\u00edmos como uma \u00fanica criatura ainda nas suas etapas iniciais do desenvolvimento. \u00c9 por esta raz\u00e3o que parecemos t\u00e3o \u201cazedos\u201d e mal sucedidos. Contudo, no fim do nosso desenvolvimento, temos a garantia de ser \u201cdoces\u201d e saud\u00e1vel.<\/p>\n<p><b>Aqui Est\u00e1 o M\u00e9todo da Natureza para Atingir uma Vida Maravilhosa<\/b><\/p>\n<p>Dos quatro n\u00edveis da realidade \u2013 im\u00f3vel (inanimado), vegetal, animal, e humano \u2013 a esp\u00e9cie humana est\u00e1 no topo. O homem \u00e9 o \u00e1pex da cria\u00e7\u00e3o. \u00c9 por esta raz\u00e3o que o seu desenvolvimento \u00e9 o mais longo, e as etapas que atravessa \u2013 desde o in\u00edcio do seu desenvolvimento at\u00e9 ao fim \u2013 s\u00e3o t\u00e3o extremas que a vers\u00e3o final parece-se a uma esp\u00e9cie completamente diferente da original.<\/p>\n<p>Se v\u00edssemos a ma\u00e7\u00e3 nas suas etapas iniciais de desenvolvimento, pensar\u00edamos que seria completamente in\u00fatil. Apenas no fim podemos ver a grande sabedoria da Natureza ao desenvolv\u00ea-la num fruto t\u00e3o bonito e delicioso.<\/p>\n<p>Seguindo a Lei do Desenvolvimento, n\u00f3s tamb\u00e9m estamos sob o mesmo padr\u00e3o de desenvolvimento, e o prop\u00f3sito do nosso desenvolvimento \u00e9 indubitavelmente o de levar-nos a um estado bom, saud\u00e1vel, doce e perfeito.<\/p>\n<p>Agora, o que ser\u00e1 o estado perfeito? Se a Natureza nos desenvolve gradualmente de forma que em cada gera\u00e7\u00e3o possamos adquirir mais sensa\u00e7\u00f5es e mais perce\u00e7\u00f5es, adquirir mais e mais da natureza da Cria\u00e7\u00e3o, elevar-nos acima dela, e sermos capazes de absorver e govern\u00e1-la, ent\u00e3o o nosso desenvolvimento final ir\u00e1 verdadeiramente atingir o grau mais alto da realidade.<\/p>\n<p>Ao tornar consciente as nossas \u00faltimas etapas de desenvolvimento podemos vir a ser completamente conscientes n\u00e3o s\u00f3 da nossa pr\u00f3pria natureza, mas conscientes de todo o sistema da cria\u00e7\u00e3o, tornando-nos os seus parceiros.<\/p>\n<p><b>Escrito por Michael Laitman<\/b><\/p>\n<p>Michael Laitman \u00e9 um pensador global dedicado \u00e0 gera\u00e7\u00e3o de uma mudan\u00e7a transformacional na sociedade atrav\u00e9s de uma nova educa\u00e7\u00e3o global, que ele v\u00ea como a chave para resolver os temas mais pressionantes do nosso tempo. \u00c9 o Fundador do ARI Institute, Professor de Ontologia e Teoria do Conhecimento, doutorado em Filosofia, mestre em Cibern\u00e9tica M\u00e9dica. Pode encontra-lo pelo <a href=\"https:\/\/plus.google.com\/u\/0\/100757561491540154880\/posts?rel=author\">Google+<\/a>, <a href=\"http:\/\/www.youtube.com\/user\/MichaelLaitman\">YouTube<\/a> e <a href=\"https:\/\/twitter.com\/laitman\">Twitter<\/a>.<\/p>\n<p>&nbsp;<\/p>\n<p>&nbsp;<\/p>\n<p><b>A Causa Chocante da Maior Crise Atual<\/b><\/p>\n<p><img loading=\"lazy\" decoding=\"async\" alt=\"\" src=\"https:\/\/encrypted-tbn2.gstatic.com\/images?q=tbn:ANd9GcTaMNYRQm17BJlP-7MxYxRHPJpLD_S0Nepnoo5Wb-KBHrDCT4cjWQ\" width=\"495\" height=\"302\" \/><\/p>\n<p>Atualmente a humanidade est\u00e1 num estado muito especial. Afundamo-nos numa crise global que afeta todas as partes da vida humana porque estamos teimosamente a tentar manter-nos como somos, agarrando-nos desesperadamente ao nosso comportamento atual, coroando o sistema socio-econ\u00f3mico, mesmo percebendo que estamos mais e mais infelizes, enquanto que as condi\u00e7\u00f5es existenciais \u00e0 nossa volta se alteram rapidamente.<\/p>\n<p>As pesquisas mostram que nos estamos a afastar da forma como as coisas ocorrem atualmente para um novo n\u00edvel de exist\u00eancia. Estamos realmente a saltar para um novo grau e a nascer num novo mundo.<\/p>\n<p>\u00c9 um mundo de regras diferentes, que a Natureza j\u00e1 come\u00e7ou a apresentar-nos. Estas s\u00e3o as regras integrais, as leis de depend\u00eancia m\u00fatua, o mundo \u201credondo\u201d, um mundo de igualdade e unidade. Estas s\u00e3o as leis pelas quais vivemos como uma fam\u00edlia saud\u00e1vel.<\/p>\n<p>Mas ser\u00e1 que s\u00f3 <i>d\u00e1 a impress\u00e3o<\/i> que estamos a dirigir-nos para tal mundo? Estamos apenas a sonhar com isso, ou este \u00e9 um estado que realmente aguarda a humanidade \u2013 um que estamos destinados a atingir, seja voluntaria e conscientemente ou por for\u00e7as que nos impulsionam? Se esta \u00e9 a situa\u00e7\u00e3o, merecer\u00e1 certamente a pena estudar as leis do mundo integral porque ent\u00e3o saberemos como transitar para esse estado agrad\u00e1vel e confortavelmente.<\/p>\n<p>Temos de estudar estas leis porque, no nosso estado de desenvolvimento anterior, evolu\u00edmos pelo empurrar da Natureza por detr\u00e1s, atrav\u00e9s de novos desejos que a Natureza suscitou em n\u00f3s. Hoje n\u00e3o \u00e9 assim. Estamos num beco sem sa\u00edda. N\u00e3o temos novos desejos que pavimente o nosso caminho para n\u00f3s, por isso temos de estudar o nosso pr\u00f3ximo passo por n\u00f3s pr\u00f3prios, aprender o seu prop\u00f3sito e determinar como podemos consegu\u00ed-lo.<\/p>\n<p><b>Porqu\u00ea o Conhecimento acerca da Maior Crise Atual Pode Salv\u00e1-lo Dela<\/b><\/p>\n<p>Quando abrirmos o port\u00e3o para a nova vida veremos o que est\u00e1 \u00e0 nossa frente. Teremos tamb\u00e9m de aprender por que meios podemos chegar a esta nova vida. Ao contr\u00e1rio do desenvolvimento instintivo que temos tido em todas as gera\u00e7\u00f5es anteriores \u2013 trocando de estado para estado, de um n\u00edvel social para outro, e depois para diferentes formas de sociedade \u2013 agora temos de desenvolver conscientemente. \u00c9 por esta raz\u00e3o que devemos estudar as leis da Natureza.<\/p>\n<p>\u00c9 como se estiv\u00e9ssemos a incitar o nosso pr\u00f3prio nascimento. Desta vez, devemos elevar-nos e olha para n\u00f3s pr\u00f3prios, para a nossa situa\u00e7\u00e3o e para o que estamos a atravessar, desde cima. No passado, sempre fomos com a corrente, tomando as hip\u00f3teses que vinham na nossa dire\u00e7\u00e3o, revoltando e revolucionando o nosso governo e a nossa sociedade. Hoje devemos elevar o nosso n\u00edvel de consci\u00eancia acima das nossas pr\u00f3prias vidas e ver a Terra e a sociedade humana de uma perspetiva global. Ent\u00e3o, a partir dessa perspetiva, devemos continuar a evoluir.<\/p>\n<p>\u00c9 a primeira vez que a Natureza nos exigiu que cada um de n\u00f3s conhe\u00e7a claramente quem somos, o tipo de mundo em que vivemos, e o estado em dire\u00e7\u00e3o ao qual estamos a desenvolver. \u00c9 a primeira vez que nos est\u00e1 a ser exigido que sejamos \u201chumanos\u201d no sentido de que conhe\u00e7amos e compreendamos a <i>ess\u00eancia<\/i> da vida.<\/p>\n<p>Por isso, precisamos perceber que os nossos estudos t\u00eam como inten\u00e7\u00e3o ajudar-nos a revolucionar as nossas vidas e a elev\u00e1-las a um novo n\u00edvel, \u00e0 integridade completa.<\/p>\n<p><b>A Liga\u00e7\u00e3o Pouco Conhecida entre as Leis da Natureza e o Desenvolvimento Humano<\/b><\/p>\n<p>Quando pesquisamos a natureza im\u00f3vel, vegetal e animal, assim como o homem \u2013 que vive dentro desta imagem \u2013 encontramos leis. Avan\u00e7amos de acordo com estas leis e chamamos-lhes \u201cNatureza\u201d. Somos parte da Natureza; n\u00e3o estamos fora dela; somos o resultado da evolu\u00e7\u00e3o da Natureza.<\/p>\n<p>A psicologia humana, a ci\u00eancia do comportamento humano, \u00e9 tamb\u00e9m parte da lei da Natureza. \u00c9 uma ci\u00eancia que evoluiu recentemente, alguns 100 anos atr\u00e1s, porque apenas nessa altura come\u00e7\u00e1mos a sentir que poder\u00edamos evoluir de uma maneira \u00fanica \u2013 conscientemente. Come\u00e7\u00e1mos a examinar onde desenvolvemos, quem eramos, como nos relacion\u00e1vamos com os outros, e porqu\u00ea.<\/p>\n<p>Ate h\u00e1 cerca de um s\u00e9culo atr\u00e1s, escrevemos livros que descreviam apenas <i>como<\/i> nos comport\u00e1vamos. Mas desde ent\u00e3o, come\u00e7\u00e1mos a pesquisar <i>porqu\u00ea<\/i> nos comportamos dessa forma. A psicologia \u00e9 o estudo das leis que afetam a humanidade. Assim, \u00e9 um campo de pesquisa muito importante porque ajuda-nos a perceber quem somos, quem s\u00e3o os outros, e como podemos construir uma vida feliz atrav\u00e9s das nossas liga\u00e7\u00f5es com os outros.<\/p>\n<p>As crian\u00e7as desenvolvem de ano a ano porque a sua natureza est\u00e1 a desenvolver dentro deles. A cada ano uma crian\u00e7a desenvolve em entendimento, perce\u00e7\u00e3o, comportamento, e f\u00edsica, psicol\u00f3gica e mentalmente. Esta \u00e9 a \u201cLei do Desenvolvimento\u201d da Natureza.<\/p>\n<p>As pessoas desenvolvem tanto pessoal como socialmente. Todos estes desenvolvimentos surgem de dados embutidos em n\u00f3s. As leis dirigem como construiremos a sociedade, assim como, como nos construiremos a n\u00f3s pr\u00f3prios. \u00c1 medida que o tempo afeta esses dados, desenvolve-nos em conformidade.<\/p>\n<p><b>Esta Simples Consci\u00eancia da Natureza Pode Revolucionar a Vida<\/b><\/p>\n<p>A Natureza \u00e9 algo que evolui e lidera o im\u00f3vel, vegetal, animal e homem no seu desenvolvimento. Estamos todos a evoluir: primeiro evoluiu a Terra, depois vieram as plantas, depois os animais e, finalmente, os humanos. A evolu\u00e7\u00e3o come\u00e7ou com o \u201cBig Bang\u201d, e continua por um processo de uni\u00e3o. A uni\u00e3o das partes desenvolve-as e torna-as mais unidade tanto em quantidade como qualidade.<\/p>\n<p>A quest\u00e3o \u00e9, \u201cExiste consist\u00eancia, uma lei por detr\u00e1s do seu desenvolvimento?\u201d As leis existem; sabemo-lo do passado. Podemos n\u00e3o percebe-las, mas as leis ainda existem.<\/p>\n<p>Olhamos para a Natureza e aprendemos como nos desenvolve como componentes de si pr\u00f3pria. Quem e o Homem? Por todo o nosso conhecimento, n\u00e3o somos n\u00f3s partes da Natureza? Existimos numa esp\u00e9cie de bolha que chamamos \u201cuniverso\u201d, e estudamos onde estamos e tentamos descobrir que leis governam esta bolha.<\/p>\n<p>N\u00e3o existe fim para a sabedoria da Natureza; apenas estamos a arranhar a superf\u00edcie, e aquela superf\u00edcie rasa \u00e9 a nossa ci\u00eancia. E contudo, n\u00e3o conseguimos encontrar o nosso caminho, e \u00e9 por isso que devemos estudar mais as leis da Natureza. \u00c9 realmente uma sorte que o nosso desconforto nos empurre para o estudo da Natureza para que possamos melhorar a nossa situa\u00e7\u00e3o.<\/p>\n<p>Precisamos de pensar na Natureza como uma bolha ou bola. Vivemos dentro desta bola, e dentro dela existem leis absolutas que nos governam. Quando estudamos a Natureza, tornamo-nos conscientes de algumas dessas regras. Esta explora\u00e7\u00e3o \u00e9 denominada \u201cci\u00eancia\u201d. Contudo, ainda nos falta descobrir a grande maioria da realidade.<\/p>\n<p>Assim, os desenvolvimentos tecnol\u00f3gicos deram-nos tempo livre para nos empenharmos em todo o tipo de trabalhos, que est\u00e3o longe de serem necessidades. A quest\u00e3o \u00e9, \u201cse progredimos tanto na vida, porqu\u00ea acab\u00e1mos com uma vida t\u00e3o cruel e vazia ao ponto da depress\u00e3o, inseguran\u00e7a e ansiedade?\u201d \u201cQue fizemos com o nosso tempo livre que a tecnologia e o desenvolvimento social nos deram?\u201d \u201cPorqu\u00ea desperdi\u00e7\u00e1mos o nosso tempo e energias a criar uma vida t\u00e3o dif\u00edcil e confusa?\u201d<\/p>\n<p>Talvez precisemos de chegar a uma forma de vida completamente diferente.<\/p>\n<p>Os desejos que conduziram o desenvolvimento humano tornaram-se agora desejos globais, fechando-se sobre n\u00f3s e fazendo-nos dependentes uns dos outros. Fizeram-nos uma fam\u00edlia, mas \u00e9 uma fam\u00edlia num estado de crise severa devido \u00e0 nossa aliena\u00e7\u00e3o uns dos outros. A crise \u00e9 claramente uma crise na \u201cfam\u00edlia humana\u201d. Se criarmos uma nova ordem nesta fam\u00edlia iremos resolver esta crise. Assim, n\u00e3o temos outra escolha a n\u00e3o ser descobrir como podemos chegar ao entendimento m\u00fatuo a um n\u00edvel global.<\/p>\n<p><b>Escrito por Michael Laitman<\/b><\/p>\n<p>Michael Laitman \u00e9 um pensador global dedicado \u00e0 gera\u00e7\u00e3o de uma mudan\u00e7a transformacional na sociedade atrav\u00e9s de uma nova educa\u00e7\u00e3o global, que ele v\u00ea como a chave para resolver os temas mais pressionantes do nosso tempo. \u00c9 o Fundador do ARI Institute, Professor de Ontologia e Teoria do Conhecimento, doutorado em Filosofia, mestre em Cibern\u00e9tica M\u00e9dica. Pode encontra-lo pelo <a href=\"https:\/\/plus.google.com\/u\/0\/100757561491540154880\/posts?rel=author\">Google+<\/a>, <a href=\"http:\/\/www.youtube.com\/user\/MichaelLaitman\">YouTube<\/a> e <a href=\"https:\/\/twitter.com\/laitman\">Twitter<\/a>.<\/p>\n","protected":false},"excerpt":{"rendered":"<p>&nbsp; N\u00f3s n\u00e3o seremos capazes de resolver qualquer problema nacional sem unidade. Precisamos entender que o homem s\u00f3 tem livre escolha em trabalhar para a unidade, para melhorar a conex\u00e3o entre todas as partes da realidade com sua boa participa\u00e7\u00e3o.<span class=\"ellipsis\">&hellip;<\/span><\/p>\n<div class=\"read-more\"><a href=\"https:\/\/www.michaellaitman.com\/pt\/integral-education-page\/emergency-scenarios\/\">Leia mais &#8250;<\/a><\/div>\n<p><!-- end of .read-more --><\/p>\n","protected":false},"author":1,"featured_media":0,"parent":64,"menu_order":4,"comment_status":"open","ping_status":"open","template":"sidebar-content-page.php","meta":{"ngg_post_thumbnail":0,"footnotes":""},"class_list":["post-94","page","type-page","status-publish","hentry"],"_links":{"self":[{"href":"https:\/\/www.michaellaitman.com\/pt\/wp-json\/wp\/v2\/pages\/94","targetHints":{"allow":["GET"]}}],"collection":[{"href":"https:\/\/www.michaellaitman.com\/pt\/wp-json\/wp\/v2\/pages"}],"about":[{"href":"https:\/\/www.michaellaitman.com\/pt\/wp-json\/wp\/v2\/types\/page"}],"author":[{"embeddable":true,"href":"https:\/\/www.michaellaitman.com\/pt\/wp-json\/wp\/v2\/users\/1"}],"replies":[{"embeddable":true,"href":"https:\/\/www.michaellaitman.com\/pt\/wp-json\/wp\/v2\/comments?post=94"}],"version-history":[{"count":1,"href":"https:\/\/www.michaellaitman.com\/pt\/wp-json\/wp\/v2\/pages\/94\/revisions"}],"predecessor-version":[{"id":299,"href":"https:\/\/www.michaellaitman.com\/pt\/wp-json\/wp\/v2\/pages\/94\/revisions\/299"}],"up":[{"embeddable":true,"href":"https:\/\/www.michaellaitman.com\/pt\/wp-json\/wp\/v2\/pages\/64"}],"wp:attachment":[{"href":"https:\/\/www.michaellaitman.com\/pt\/wp-json\/wp\/v2\/media?parent=94"}],"curies":[{"name":"wp","href":"https:\/\/api.w.org\/{rel}","templated":true}]}}