{"id":93,"date":"2012-09-25T06:18:02","date_gmt":"2012-09-25T06:18:02","guid":{"rendered":"http:\/\/dev.michaellaitman.kbb1.com\/?page_id=93"},"modified":"2014-08-24T22:52:22","modified_gmt":"2014-08-24T22:52:22","slug":"social-mutual-responsability","status":"publish","type":"page","link":"https:\/\/www.michaellaitman.com\/pt\/integral-education-page\/social-mutual-responsability\/","title":{"rendered":"Responsabilidade social m\u00fatua"},"content":{"rendered":"<p>Responsabilidade m\u00fatua que nasce da considera\u00e7\u00e3o, da compreens\u00e3o de que a conex\u00e3o entre n\u00f3s \u00e9 a fonte de nossa seguran\u00e7a, \u00e9 o \u00fanico caminho para avan\u00e7armos na nova era.<\/p>\n<p>N\u00e3o h\u00e1 esperan\u00e7a para a humanidade no mundo global integral, onde s\u00e3o conectados um ao outro atrav\u00e9s do efeito borboleta, sem sentir a conex\u00e3o m\u00fatua de calor, bom e de seguran\u00e7a que residem entre n\u00f3s. \u00c9 esta mesma rede, que deve revelar-nos como somos uma fam\u00edlia. Um formato \u00fanico que a natureza est\u00e1 nos levando na dire\u00e7\u00e3o.<\/p>\n<hr \/>\n<p>Em cada sistema todo, cada componente \u00e9 parte do sistema e tem que realizar o seu trabalho e manter suas obriga\u00e7\u00f5es para com as outras partes.<\/p>\n<p align=\"CENTER\">\n<p align=\"CENTER\"><span style=\"font-size: large\"><b>Voc\u00ea Sabe Qu\u00e3o Interdependente Voc\u00ea \u00c9?<\/b><\/span><\/p>\n<p align=\"CENTER\"><img loading=\"lazy\" decoding=\"async\" alt=\"\" src=\"https:\/\/encrypted-tbn2.gstatic.com\/images?q=tbn:ANd9GcRt7qfavc6DSJk4jYE8-9UwQCnuJZpBAm9h_l2H-eJmcrvNScqv8RlzLLE1\" width=\"434\" height=\"211\" \/><\/p>\n<p>&nbsp;<\/p>\n<p>&nbsp;<\/p>\n<p><b>Como Entender a Evolu\u00e7\u00e3o Social Pode Prepar\u00e1-lo para o Futuro<\/b><\/p>\n<p>O desenvolvimento social conduz ao desenvolvimento pol\u00edtico, assim como desenvolvimento em todas as outras \u00e1reas da vida \u2013 fam\u00edlia, economia, educa\u00e7\u00e3o, cultura, ci\u00eancia, e tecnologia. A vida social de hoje come\u00e7ou a desenvolver-se \u00c9ones atr\u00e1s, quando percebemos pela primeira vez que n\u00e3o consegu\u00edamos abastecer todas as nossas necessidades por n\u00f3s pr\u00f3prios.<\/p>\n<p>Embora tenhamos surgido do reino animal, os humanos n\u00e3o vivem em bandos ou rebanhos da forma como os outros animais o fazem. \u00c9 inerente dentro de n\u00f3s procurar prosperar, evoluir, desenvolver o nosso ambiente, aprender de que se trata a vida, e descobrir como podemos melhorar o nosso estado de ser. \u00c9 uma tend\u00eancia ego\u00edsta. Todos querem uma vida melhor, mais segura, mais pac\u00edfica.<\/p>\n<p>Tamb\u00e9m queremos ser superiores aos outros. Somos invejosos e procuramos poder, respeito e lux\u00faria. De facto, estas qualidades motivaram o nosso desenvolvimento e progresso, raz\u00e3o pela qual o homem deve levar uma vida social.<\/p>\n<p>Enquanto pud\u00e9ssemos lidar com a floresta se tent\u00e1ssemos, evoluir\u00edamos como animais. Existem casos em que as pessoas se perderam na floresta e viveram l\u00e1, crescendo como animais. Sob tais condi\u00e7\u00f5es, uma pessoa adquire a forma de um animal, perdendo o humano de dentro em tal medida que se torna imposs\u00edvel restabelecer as capacidades sociais dessa pessoa e reintegr\u00e1-la na sociedade humana. Assim, atrav\u00e9s das gera\u00e7\u00f5es, o nosso impulso primordial tem sido desenvolver a sociedade e o nosso ambiente social.<\/p>\n<p><b>Agora Voc\u00ea Pode Perceber a Sua Interdepend\u00eancia com os Outros<\/b><\/p>\n<p>\u00c1 medida que evolu\u00edmos, vemos que o homem n\u00e3o evolui sozinho. Em vez disso, tudo depende da sociedade. N\u00f3s desenvolvemos a sociedade, e atrav\u00e9s da sociedade as nossas vidas desenvolvem. Ambos somos interdependentes.<\/p>\n<p>Voc\u00ea poder\u00e1 dizer que hoje, cada um de n\u00f3s depende de milhares de pessoas \u00e0 volta do mundo. N\u00e3o existe um pa\u00eds no mundo que n\u00e3o abaste\u00e7a as nossas necessidades de comida, vestu\u00e1rio, materiais de constru\u00e7\u00e3o, aquecimento e refrigera\u00e7\u00e3o, para tudo o resto que temos e possu\u00edmos. Se n\u00e3o diretamente, ent\u00e3o o abastecimento \u00e9 feito atrav\u00e9s de outros pa\u00edses \u2013 um pa\u00eds abastecendo as mat\u00e9rias-primas e outro fornecendo as m\u00e1quinas que produzem o produto final.<\/p>\n<p>Quanto mais o mundo se torna diferenciado em especialidades, mais cada um de n\u00f3s tem o seu emprego respetivo. Contudo, esse emprego est\u00e1 ligado e sincronizado com o resto das pessoas no mundo. Desta forma, podemos fornecer mir\u00edades de produtos para l\u00e1 da alimenta\u00e7\u00e3o e vestu\u00e1rio b\u00e1sicos com os quais nos satisfaz\u00edamos no passado.<\/p>\n<p>\u00c1 medida que evolu\u00edmos, aumentamos as nossas habilidades para produzir alimentos e vestu\u00e1rio. Mais tarde, desenvolvemos meios de transporte e outras tecnologias, resultando no desenvolvimento de especialidades \u00fanicas, tais como economia, agricultura, maquinaria, artes e cultura, e por a\u00ed em diante.<\/p>\n<p>Hoje existem ind\u00fastrias inteira que desenvolvem produtos que n\u00e3o necessitamos, tais como desportos ou turismo, contudo sentimos que n\u00e3o conseguimos viver sem eles. Assim, um m\u00fasico famoso pode ganhar numa representa\u00e7\u00e3o de uma hora o que um oper\u00e1rio ganha num ano ou mais. Apreciamos e at\u00e9 mesmo veneramos coisas que n\u00e3o s\u00e3o necess\u00e1rias para o nosso sustento, mas que se tornaram uma necessidade absoluta para n\u00f3s.<\/p>\n<p>Se calcularmos o que fazemos todos os dias para satisfazermos as nossas necessidades b\u00e1sicas, comparativamente a tudo o resto produzido, veremos que 90% do que produzimos \u00e9 na verdade desnecess\u00e1rio para a nossa sobreviv\u00eancia. Contudo, precisamos destas outras coisas porque, sem elas, sentir\u00edamos que as nossas vidas n\u00e3o merecem ser vividas, uma vez que estas coisas pertencem ao n\u00edvel humano de exist\u00eancia.<\/p>\n<p><b>O Segredo da Interdepend\u00eancia Bem Sucedida com os Outros<\/b><\/p>\n<p>Assim, claramente, dependemos inevitavelmente da sociedade. Enquanto poder\u00edamos viver em grutas se n\u00e3o tiv\u00e9ssemos outra alternativa, a nossa evolu\u00e7\u00e3o como humanos compelem-nos a desejar mais.<\/p>\n<p>Hoje estamos numa etapa na qual separar uma pessoa da sociedade significa sentenciar essa pessoa a uma vida dolorosa. Tal pessoa pode ser capaz de satisfazer as suas necessidades vitais, o suficiente para evitar a fome, mas para tudo o resto, ele ou ela necessitaria de outras pessoas. Precisamos de produzir tudo o que a sociedade necessita, e ent\u00e3o iremos receber o que queremos da sociedade. \u00c9 por esta raz\u00e3o que a nossa depend\u00eancia pela sociedade \u00e9 um dado adquirido.<\/p>\n<p>Hoje experienciamos esta interdepend\u00eancia de uma forma negativa, tentando fugir dela, mas n\u00e3o temos escolha. A rede humana global, interdependente est\u00e1 aqui para ficar.<\/p>\n<p>O nosso futuro depende do quanto conseguirmos adaptar-nos a este sistema, e us\u00e1-lo de uma forma positiva, cooperando, existindo de uma forma mutualmente complementar.<\/p>\n<p>Apenas uma humanidade mutualmente respons\u00e1vel tem possibilidade de construir um futuro pr\u00f3spero, sustent\u00e1vel.<\/p>\n<p><b>Escrito por Michael Laitman<\/b><\/p>\n<p>Michael Laitman \u00e9 um pensador global dedicado \u00e0 gera\u00e7\u00e3o de uma mudan\u00e7a transformacional na sociedade atrav\u00e9s de uma nova educa\u00e7\u00e3o global, que ele v\u00ea como a chave para resolver os temas mais pressionantes do nosso tempo. \u00c9 o Fundador do ARI Institute, Professor de Ontologia e Teoria do Conhecimento, doutorado em Filosofia, mestre em Cibern\u00e9tica M\u00e9dica. Pode encontra-lo pelo <a href=\"https:\/\/plus.google.com\/u\/0\/100757561491540154880\/posts?rel=author\">Google+<\/a>, <a href=\"http:\/\/www.youtube.com\/user\/MichaelLaitman\">YouTube<\/a> e <a href=\"https:\/\/twitter.com\/laitman\">Twitter<\/a>.<\/p>\n<p>&nbsp;<\/p>\n","protected":false},"excerpt":{"rendered":"<p>Responsabilidade m\u00fatua que nasce da considera\u00e7\u00e3o, da compreens\u00e3o de que a conex\u00e3o entre n\u00f3s \u00e9 a fonte de nossa seguran\u00e7a, \u00e9 o \u00fanico caminho para avan\u00e7armos na nova era. N\u00e3o h\u00e1 esperan\u00e7a para a humanidade no mundo global integral, onde<span class=\"ellipsis\">&hellip;<\/span><\/p>\n<div class=\"read-more\"><a href=\"https:\/\/www.michaellaitman.com\/pt\/integral-education-page\/social-mutual-responsability\/\">Leia mais &#8250;<\/a><\/div>\n<p><!-- end of .read-more --><\/p>\n","protected":false},"author":1,"featured_media":0,"parent":64,"menu_order":3,"comment_status":"open","ping_status":"open","template":"sidebar-content-page.php","meta":{"ngg_post_thumbnail":0,"footnotes":""},"class_list":["post-93","page","type-page","status-publish","hentry"],"_links":{"self":[{"href":"https:\/\/www.michaellaitman.com\/pt\/wp-json\/wp\/v2\/pages\/93","targetHints":{"allow":["GET"]}}],"collection":[{"href":"https:\/\/www.michaellaitman.com\/pt\/wp-json\/wp\/v2\/pages"}],"about":[{"href":"https:\/\/www.michaellaitman.com\/pt\/wp-json\/wp\/v2\/types\/page"}],"author":[{"embeddable":true,"href":"https:\/\/www.michaellaitman.com\/pt\/wp-json\/wp\/v2\/users\/1"}],"replies":[{"embeddable":true,"href":"https:\/\/www.michaellaitman.com\/pt\/wp-json\/wp\/v2\/comments?post=93"}],"version-history":[{"count":1,"href":"https:\/\/www.michaellaitman.com\/pt\/wp-json\/wp\/v2\/pages\/93\/revisions"}],"predecessor-version":[{"id":298,"href":"https:\/\/www.michaellaitman.com\/pt\/wp-json\/wp\/v2\/pages\/93\/revisions\/298"}],"up":[{"embeddable":true,"href":"https:\/\/www.michaellaitman.com\/pt\/wp-json\/wp\/v2\/pages\/64"}],"wp:attachment":[{"href":"https:\/\/www.michaellaitman.com\/pt\/wp-json\/wp\/v2\/media?parent=93"}],"curies":[{"name":"wp","href":"https:\/\/api.w.org\/{rel}","templated":true}]}}