{"id":92,"date":"2012-09-25T06:17:28","date_gmt":"2012-09-25T06:17:28","guid":{"rendered":"http:\/\/dev.michaellaitman.kbb1.com\/?page_id=92"},"modified":"2014-08-24T23:16:05","modified_gmt":"2014-08-24T23:16:05","slug":"global-economy","status":"publish","type":"page","link":"https:\/\/www.michaellaitman.com\/pt\/integral-education-page\/global-economy\/","title":{"rendered":"Economia Global"},"content":{"rendered":"<p><strong><\/strong>Na realidade globalizada de hoje, ou n\u00f3s todos ganhamos, ou todos n\u00f3s perdemos, porque somos interdependentes. Quando as pessoas suficientes no mundo abrir os olhos para os fatos da globaliza\u00e7\u00e3o e responsabilidade de todos, uma grande mudan\u00e7a vai se desdobrar. Pa\u00edses n\u00e3o ser\u00e3o mais e povos explorar um outro, n\u00e3o mais ser\u00e1 cons\u00f3rcios mamute explorar milh\u00f5es de trabalhadores mal pagos de todo o mundo, n\u00e3o mais ser\u00e3o crian\u00e7as ser permitido morrer de fome e de doen\u00e7as que podem ser tratadas com antibi\u00f3ticos comuns, e j\u00e1 n\u00e3o vai ser mulheres abusada simplesmente porque s\u00e3o mulheres. De fato, em um mundo onde as pessoas percebem que o seu pr\u00f3prio bem-estar depende do bem-estar dos outros, eles v\u00e3o cuidar dos outros, que ir\u00e3o cuidar para eles em troca.<\/p>\n<hr \/>\n<p>Devemos substituir o nosso recurso ego\u00edsta que dirige tudo o que fazemos e nos faz lutar com a natureza, com um recurso altru\u00edsta que nos liga \u00e0 natureza. Em outras palavras, devemos forjar um novo sistema de unidade entre toda a humanidade, e da natureza que nos rodeia. De forma que todos ser\u00e3o obrigados a ser equilibrado, e unida, em vez de na oposi\u00e7\u00e3o. Porque quando todos s\u00f3 pensa em se \u00e0 custa da natureza, vemos o quanto esse comportamento nos custou.<\/p>\n<p><!-- embed talk #67 --><\/p>\n<p align=\"JUSTIFY\"><span style=\"font-size: large\">Quem Mais Quer Ser Livre da Escravid\u00e3o dos Tempos Modernos?<\/span><\/p>\n<p align=\"JUSTIFY\"><img loading=\"lazy\" decoding=\"async\" alt=\"\" src=\"https:\/\/encrypted-tbn1.gstatic.com\/images?q=tbn:ANd9GcSK2fu-kk3rqWhwOHjrJ5H-_-Ovw9KK9jq7uO13k7EChq_M2nPLbA\" width=\"495\" height=\"292\" \/><\/p>\n<p align=\"JUSTIFY\">Para uma pessoa na sociedade do s\u00e9culo XXI, trabalho est\u00e1 no centro da vida.<\/p>\n<p align=\"JUSTIFY\">Foi a sociedade que criou essa situa\u00e7\u00e3o, de tal maneira que at\u00e9 no nosso tempo livre, no que diz respeito \u00e0s f\u00e9rias e actividades sociais, s\u00e3o frequentemente iniciadas e geridas pelos nossos locais de trabalho.<\/p>\n<p align=\"JUSTIFY\">No passado, as pessoas n\u00e3o sentiam que estavam escravizadas aos seus empregos. Elas sentiam-se muito mais livres em compara\u00e7\u00e3o \u00e0 nossa \u201cescravid\u00e3o dos tempos modernos.\u201d Hoje o grosso do nosso tempo \u00e9 passado no trabalho, a chegar a ele e regressar dele. O trabalho tornou-se nossa principal actividade, e uma que toma conta de nossas vidas.<\/p>\n<p align=\"JUSTIFY\">Por esta raz\u00e3o, uma grande preocupa\u00e7\u00e3o para muitos de n\u00f3s \u00e9 se ou n\u00e3o seremos despedidos, e se assim for, se seremos capazes de achar outro emprego.<\/p>\n<p align=\"JUSTIFY\">Hoje, nosso foco est\u00e1 praticamente nos nossos empregos. Temos medo da reforma, medo de que n\u00e3o saibamos o que fazer com todo esse tempo livre. N\u00e3o fazemos ideia do que significa ser livre, nem temos n\u00f3s qualquer verdadeiro desejo de assim ser.<\/p>\n<p align=\"JUSTIFY\">Agora Voc\u00ea Consegue Compreender a Crise do Viciado Em Trabalho e Alcan\u00e7ar O Equil\u00edbrio<\/p>\n<p align=\"JUSTIFY\">Durante as passadas v\u00e1rias d\u00e9cadas, nossa abordagem a nossas vidas se tornou tal que n\u00e3o nos conseguimos ver a n\u00f3s mesmos como livres. \u201cLivre\u201d devia significar que limitamos o tempo dedicado ao trabalho a tr\u00eas horas por dia, durante os quais nos envolveriamos no que \u00e9 necess\u00e1rio para manter nossa sociedade. Deste modo, podemos prover as necessidades de nossa sociedade depois de termos provido as nossas. O resto do tempo deveria ser usado para desfrutar de outras coisas.<\/p>\n<p align=\"JUSTIFY\">E todavia, n\u00e3o conseguimos percepcionar isto como poss\u00edvel. Pensamos que se n\u00e3o trabalharmos, n\u00e3o teremos nada para fazer, todavia nada podia estar mais longe da verdade.<\/p>\n<p align=\"JUSTIFY\">Esta mentalidade de trabalho, trabalho, trabalho n\u00e3o nos favorece como seres humanos. Estamos a arruinar e a esgotar os recursos da Terra, e estamos imersos neste padr\u00e3o muito da maneira que as crian\u00e7as se submergem nos seus jogos at\u00e9 que um adulto chegue e os afaste disso, dizendo, \u201cChega, precisas de avan\u00e7ar para outras actividades.\u201d<\/p>\n<p align=\"JUSTIFY\">Alias, n\u00e3o conseguimos parar de jogar; somos viciados. O mundo e a opini\u00e3o p\u00fablica nos \u201cviciaram\u201d neste jogo. Isto est\u00e1 a criar uma crise em cada reino das nossas vidas sociais e pessoais.<\/p>\n<p align=\"JUSTIFY\">A natureza exige que estejamos em \u201cequival\u00eancia de forma,\u201d ou seja \u201cem equilibrio.\u201d Como a Natureza \u00e9 circular, um sistema completo e harmonioso em todas as suas ac\u00e7\u00f5es, assim tamb\u00e9m a sociedade humana deve ser constru\u00edda \u2014 circular e sincronizada em todas as suas partes.<\/p>\n<p align=\"JUSTIFY\">Os impulsos da humanidade se tornaram opostos a aqueles da Natureza, e agora sentimos esse contraste como uma crise. Esta \u00e9 a ess\u00eancia do problema. A solu\u00e7\u00e3o \u00e9 simples: precisamos de nos equilibrar a n\u00f3s mesmos com a Natureza, nos alinhar a n\u00f3s mesmos com ela.<\/p>\n<p align=\"JUSTIFY\">O Que Todos Deviam Saber Sobre A Crise dos Viciados Em Trabalho<\/p>\n<p align=\"JUSTIFY\">Hoje, estamos no limiar de uma revolu\u00e7\u00e3o. A diferen\u00e7a entre o meio ambiente que cri\u00e1mos e as imperativas da Natureza est\u00e3o a fazer sua cobran\u00e7a. A natureza est\u00e1 a empurrar-nos para alcan\u00e7armos a nova fase da nossa evolu\u00e7\u00e3o enquanto humanos, para chegarmos a ver a vida de uma perspectiva diferente.<\/p>\n<p align=\"JUSTIFY\">A realidade na qual o trabalho toma posse de maioria de nosso tempo est\u00e1 prestes a mudar. Quando isso acontecer, as pessoas n\u00e3o se sentar\u00e3o inactivas, mas come\u00e7ar\u00e3o a procurar outro sentido para a vida. \u00c9 ent\u00e3o que verdadeiramente aprenderemos o que significa \u201csermos humanos.\u201d Esta \u00e9 uma mudan\u00e7a radical que implica reorganiza\u00e7\u00e3o da sociedade humana inteira. Esta mudan\u00e7a \u00e9 mandat\u00e1ria, n\u00f3s temos de atravessar este processo devido a press\u00f5es internas e externas, ou atrav\u00e9s de consci\u00eancia e iniciativa ao imediatamente come\u00e7ar a pavimentar o caminho para nosso novo destino.<\/p>\n<p align=\"JUSTIFY\">Trabalho se tornar\u00e1 nada mais que uma ferramenta necess\u00e1ria para nossa sobreviv\u00eancia, e nossa percep\u00e7\u00e3o do crescente desemprego mudar\u00e1. Nosso tempo livre ser\u00e1 canalizado para o principal prop\u00f3sito de nossas vidas, responder \u00e0 pergunta, \u201cPorque estamos n\u00f3s aqui nesta vida?\u201d Esta pergunta surgir\u00e1 na maioria da humanidade, e se tornar\u00e1 o assunto que direcciona nossas vidas e todos os nossos envolvimentos.<\/p>\n<p align=\"JUSTIFY\">Nossa meta agora \u00e9 dispor a infraestrutura para um meio ambiente alternativo que oferece outro espa\u00e7o pelo qual conduziremos nossos relacionamentos.<\/p>\n<p align=\"JUSTIFY\">Para nos adaptarmos a esta imagem futura, precisamos de a imaginar e planear como mudaremos da presente imagem para a projectada. Precisamos de mudar por dentro, que n\u00e3o \u00e9 tarefa simples. Isso vai envolver revolucionar nossas percep\u00e7\u00f5es, sensa\u00e7\u00f5es, e abordagens para a realidade, um redesenhar de todos os nossos padr\u00f5es de pensamento. At\u00e9 a estrutura da sociedade mudar\u00e1 correspondentemente, e \u00e9 claro, o sistema de educa\u00e7\u00e3o vai evoluir para um radicalmente diferente.<\/p>\n<p align=\"JUSTIFY\">N\u00e3o h\u00e1 maior revolu\u00e7\u00e3o que esta.<\/p>\n<p align=\"JUSTIFY\">Porque \u00e9 a Educa\u00e7\u00e3o Integral a Chave para Sair da Crise dos Viciados Em Trabalho<\/p>\n<p align=\"JUSTIFY\">Nos anos vindouros, desemprego se espalhar\u00e1 pelo mundo. Os desempregrados saber\u00e3o que as chances de encontrar um emprego s\u00e3o magras, e desconx\u00e3o do mercado de trabalho conduzir\u00e1 \u00e0 frustra\u00e7\u00e3o e desilus\u00e3o com a vida.<\/p>\n<p align=\"JUSTIFY\">Ainda assim o indiv\u00edduo desempregado futuro n\u00e3o ser\u00e1 considerado um exilado, mas ganhar\u00e1 um sal\u00e1rio decente e ser\u00e1 recompensado por tempo de estudo, ao qual ele ou ela dedicar\u00e1 a maioria do tempo. Isto garantir\u00e1 a contribui\u00e7\u00e3o e investimento futuros da pessoa no desenvolvimento da sociedade humana.<\/p>\n<p align=\"JUSTIFY\">Correspondentemente o tempo livre se tornar\u00e1 o mais qualitativo, onde os desempregados aprender\u00e3o as verdadeiras \u201chumanidades\u201d, ou seja, o que significa ser um ser humano. Juntamente com os novos estudos, uma pessoa imediatamente come\u00e7a a ascender na sua consci\u00eancia, na percep\u00e7\u00e3o geral.<\/p>\n<p align=\"JUSTIFY\">Com a ajuda de materiais de estudo integrais, compreenderemos nossa situa\u00e7\u00e3o, o estado do mundo, e as raz\u00f5es para tudo o que est\u00e1 a acontecer. Sem esse conhecimento \u00e9 imposs\u00edvel alcan\u00e7ar o n\u00edvel humano. A diferen\u00e7a entre um ser humano e qualquer outro animal \u00e9 que o homem tem consci\u00eancia: compreendemos e consciente e voluntariamente participamos na vida.<\/p>\n<p align=\"JUSTIFY\">Abreviadamente, no mundo novo, as pessoas que pensam somente em si mesmas n\u00e3o ser\u00e3o capazes de lidar. Temos de considerar o bem-estar da comunidade inteira. Esta \u00e9 a Lei da Natureza, que se manifesta a si mesma a n\u00f3s nestes dias. A sociedade deve cultivar preocupa\u00e7\u00e3o m\u00fatua onde cada pessoa se preocupa com todos como se fossem partes de um \u00fanico corpo, reciprocando umas com as outras.<\/p>\n<p align=\"JUSTIFY\">Na divis\u00e3o global de recursos, a participa\u00e7\u00e3o econ\u00f3mica do homem na sociedade tomar\u00e1 lugar somente de acordo com as necessidades essenciais da sociedade.<\/p>\n<p align=\"JUSTIFY\">O mundo deve ser edificado a partir de sistemas n\u00e3o-egoistas, e todos os sistemas devem apontar para a meta, para um plano \u00fanico baseado em integralidade e \u201cgarantia m\u00fatua,\u201d que s\u00e3o necess\u00e1rios para a sociedade de hoje. Se nos refrearmos de assim fazer cairemos como presas ao oportunismo e destrui\u00e7\u00e3o, e at\u00e9 a maior contraste com a Natureza.<\/p>\n<p align=\"JUSTIFY\">\u201cEduca\u00e7\u00e3o integral\u201d lida com a estrutura de uma nova sociedade e o novo mundo a partir de tr\u00eas aspectos: o mundo, que \u00e9 a Natureza; a humanidade dentro da Natureza; e o ser humano como parte da humanidade. Educa\u00e7\u00e3o integral tamb\u00e9m explica como cheg\u00e1mos ao presente estado atrav\u00e9s da evolu\u00e7\u00e3o do ego, e como devemos doravante avan\u00e7ar para uma nova meta comum e futuro comum.<\/p>\n<p align=\"JUSTIFY\"><a name=\"_GoBack\"><\/a> Escrito por Michael Laitman<br \/>\nMichael Laitman \u00e9 um pensador global dedicado a gerar uma mudan\u00e7a transformadora na sociedade atrav\u00e9s de uma nova educa\u00e7\u00e3o global, que ele v\u00ea como a chave para solucionar os problemas mais pressionantes do nosso tempo. Ele \u00e9 o Fundador do Instituto ARI, Professor de Ontologia e Teoria do Conhecimento, PhD em Filosofia, MS em Cibern\u00e9tica da Medicina. Voc\u00ea pode encontr\u00e1-lo no\u00a0<a href=\"https:\/\/plus.google.com\/u\/0\/100757561491540154880\/posts?rel=author\">Google+<\/a>,\u00a0<a href=\"http:\/\/www.youtube.com\/user\/MichaelLaitman\">YouTube<\/a>\u00a0e\u00a0<a href=\"https:\/\/twitter.com\/laitman\">Twitter<\/a><\/p>\n<p>&nbsp;<\/p>\n","protected":false},"excerpt":{"rendered":"<p>Na realidade globalizada de hoje, ou n\u00f3s todos ganhamos, ou todos n\u00f3s perdemos, porque somos interdependentes. Quando as pessoas suficientes no mundo abrir os olhos para os fatos da globaliza\u00e7\u00e3o e responsabilidade de todos, uma grande mudan\u00e7a vai se desdobrar.<span class=\"ellipsis\">&hellip;<\/span><\/p>\n<div class=\"read-more\"><a href=\"https:\/\/www.michaellaitman.com\/pt\/integral-education-page\/global-economy\/\">Leia mais &#8250;<\/a><\/div>\n<p><!-- end of .read-more --><\/p>\n","protected":false},"author":1,"featured_media":0,"parent":64,"menu_order":2,"comment_status":"open","ping_status":"open","template":"sidebar-content-page.php","meta":{"ngg_post_thumbnail":0,"footnotes":""},"class_list":["post-92","page","type-page","status-publish","hentry"],"_links":{"self":[{"href":"https:\/\/www.michaellaitman.com\/pt\/wp-json\/wp\/v2\/pages\/92","targetHints":{"allow":["GET"]}}],"collection":[{"href":"https:\/\/www.michaellaitman.com\/pt\/wp-json\/wp\/v2\/pages"}],"about":[{"href":"https:\/\/www.michaellaitman.com\/pt\/wp-json\/wp\/v2\/types\/page"}],"author":[{"embeddable":true,"href":"https:\/\/www.michaellaitman.com\/pt\/wp-json\/wp\/v2\/users\/1"}],"replies":[{"embeddable":true,"href":"https:\/\/www.michaellaitman.com\/pt\/wp-json\/wp\/v2\/comments?post=92"}],"version-history":[{"count":1,"href":"https:\/\/www.michaellaitman.com\/pt\/wp-json\/wp\/v2\/pages\/92\/revisions"}],"predecessor-version":[{"id":300,"href":"https:\/\/www.michaellaitman.com\/pt\/wp-json\/wp\/v2\/pages\/92\/revisions\/300"}],"up":[{"embeddable":true,"href":"https:\/\/www.michaellaitman.com\/pt\/wp-json\/wp\/v2\/pages\/64"}],"wp:attachment":[{"href":"https:\/\/www.michaellaitman.com\/pt\/wp-json\/wp\/v2\/media?parent=92"}],"curies":[{"name":"wp","href":"https:\/\/api.w.org\/{rel}","templated":true}]}}