{"id":91,"date":"2012-09-25T06:16:52","date_gmt":"2012-09-25T06:16:52","guid":{"rendered":"http:\/\/dev.michaellaitman.kbb1.com\/?page_id=91"},"modified":"2014-08-24T21:49:57","modified_gmt":"2014-08-24T21:49:57","slug":"principles-of-integral-education","status":"publish","type":"page","link":"https:\/\/www.michaellaitman.com\/pt\/integral-education-page\/principles-of-integral-education\/","title":{"rendered":"Princ\u00edpios da Educa\u00e7\u00e3o Integral"},"content":{"rendered":"<p>Enquanto n\u00f3s nos tornamos globalmente interdependente, a mentalidade do egocentrismo ainda constitui o paradigma predominante. A nossa interdepend\u00eancia tornou-se um fato da vida. Mas, o nosso modo de pensar e de nossos valores, ainda est\u00e3o presos no velho paradigma.<\/p>\n<p>Portanto, o caminho para uma solu\u00e7\u00e3o vi\u00e1vel para as crises que a humanidade enfrenta hoje, deve come\u00e7ar a alinhar-se com as novas condi\u00e7\u00f5es emergentes: \u00e9 preciso educar e elevar-nos abra\u00e7ar a nossa depend\u00eancia m\u00fatua e responsabilidade para o outro.<\/p>\n<p>Educa\u00e7\u00e3o significa informar as pessoas da nova era da globaliza\u00e7\u00e3o, depend\u00eancia m\u00fatua e responsabilidade compartilhada, de que todos n\u00f3s fazemos parte. Como podemos aprender com a natureza, a unidade, reciprocidade e responsabilidade m\u00fatua s\u00e3o pr\u00e9-requisitos para a vida. Nenhum organismo sobrevive, a menos que suas c\u00e9lulas funcionam em harmonia. Da mesma forma, nenhum ecossistema prospera se um dos seus elementos seja removido.<\/p>\n<p><strong>\u00a0<\/strong><\/p>\n","protected":false},"excerpt":{"rendered":"<p>Enquanto n\u00f3s nos tornamos globalmente interdependente, a mentalidade do egocentrismo ainda constitui o paradigma predominante. A nossa interdepend\u00eancia tornou-se um fato da vida. Mas, o nosso modo de pensar e de nossos valores, ainda est\u00e3o presos no velho paradigma. Portanto,<span class=\"ellipsis\">&hellip;<\/span><\/p>\n<div class=\"read-more\"><a href=\"https:\/\/www.michaellaitman.com\/pt\/integral-education-page\/principles-of-integral-education\/\">Leia mais &#8250;<\/a><\/div>\n<p><!-- end of .read-more --><\/p>\n","protected":false},"author":1,"featured_media":0,"parent":64,"menu_order":1,"comment_status":"open","ping_status":"open","template":"sidebar-content-page.php","meta":{"ngg_post_thumbnail":0,"footnotes":""},"class_list":["post-91","page","type-page","status-publish","hentry"],"_links":{"self":[{"href":"https:\/\/www.michaellaitman.com\/pt\/wp-json\/wp\/v2\/pages\/91","targetHints":{"allow":["GET"]}}],"collection":[{"href":"https:\/\/www.michaellaitman.com\/pt\/wp-json\/wp\/v2\/pages"}],"about":[{"href":"https:\/\/www.michaellaitman.com\/pt\/wp-json\/wp\/v2\/types\/page"}],"author":[{"embeddable":true,"href":"https:\/\/www.michaellaitman.com\/pt\/wp-json\/wp\/v2\/users\/1"}],"replies":[{"embeddable":true,"href":"https:\/\/www.michaellaitman.com\/pt\/wp-json\/wp\/v2\/comments?post=91"}],"version-history":[{"count":1,"href":"https:\/\/www.michaellaitman.com\/pt\/wp-json\/wp\/v2\/pages\/91\/revisions"}],"predecessor-version":[{"id":239,"href":"https:\/\/www.michaellaitman.com\/pt\/wp-json\/wp\/v2\/pages\/91\/revisions\/239"}],"up":[{"embeddable":true,"href":"https:\/\/www.michaellaitman.com\/pt\/wp-json\/wp\/v2\/pages\/64"}],"wp:attachment":[{"href":"https:\/\/www.michaellaitman.com\/pt\/wp-json\/wp\/v2\/media?parent=91"}],"curies":[{"name":"wp","href":"https:\/\/api.w.org\/{rel}","templated":true}]}}