{"id":70,"date":"2012-09-23T21:43:24","date_gmt":"2012-09-23T21:43:24","guid":{"rendered":"http:\/\/dev.michaellaitman.kbb1.com\/?page_id=70"},"modified":"2016-07-31T06:12:00","modified_gmt":"2016-07-31T09:12:00","slug":"self-interest-vs-altruism","status":"publish","type":"page","link":"https:\/\/www.michaellaitman.com\/pt\/books\/self-interest-vs-altruism\/","title":{"rendered":"Interesse-Pr\u00f3prio versus Altru\u00edsmo"},"content":{"rendered":"<p style=\"text-align: justify\">O Interesse-Pr\u00f3prio versus Altru\u00edsmo na Era Global apresenta uma nova perspectiva sobre os desafios que o mundo enfrenta atualmente. Dr. Laitman mostra ao leitor que os problemas do mundo s\u00e3o a conseq\u00fc\u00eancia do ego\u00edsmo crescente da humanidade. Nesse esp\u00edrito, o livro sugere maneiras de utilizarmos os nossos egos para o benef\u00edcio da sociedade, e n\u00e3o apenas para o nosso pr\u00f3prio interesse.<\/p>\n<p style=\"text-align: justify\">Os primeiros cap\u00edtulos oferecem uma compreens\u00e3o \u00fanica da exist\u00eancia da humanidade neste planeta e como o nosso ego\u00edsmo coletivo tem influenciado o desenvolvimento da nossa sociedade. Ao compreender o ego e suas origens, o leitor descobre uma nova compreens\u00e3o da exist\u00eancia global integral como o rem\u00e9dio para os males da sociedade. Os cap\u00edtulos finais resolver nossos atuais desafios sociais e pol\u00edticos, e explicam como podemos usar nossos egos para resolv\u00ea-los, em vez continuarmos o ciclo descendente que a humanidade se encontra.<\/p>\n<p style=\"text-align: justify\">\n<p style=\"text-align: justify\"><a href=\"http:\/\/www.kabbalahbooks.info\" target=\"_blank\">www.kabbalahbooks.info<\/a><\/p>\n","protected":false},"excerpt":{"rendered":"<p>O Interesse-Pr\u00f3prio versus Altru\u00edsmo na Era Global apresenta uma nova perspectiva sobre os desafios que o mundo enfrenta atualmente. Dr. Laitman mostra ao leitor que os problemas do mundo s\u00e3o a conseq\u00fc\u00eancia do ego\u00edsmo crescente da humanidade. Nesse esp\u00edrito, o<span class=\"ellipsis\">&hellip;<\/span><\/p>\n<div class=\"read-more\"><a href=\"https:\/\/www.michaellaitman.com\/pt\/books\/self-interest-vs-altruism\/\">Leia mais &#8250;<\/a><\/div>\n<p><!-- end of .read-more --><\/p>\n","protected":false},"author":1,"featured_media":118,"parent":40,"menu_order":2,"comment_status":"open","ping_status":"open","template":"sidebar-content-page.php","meta":{"ngg_post_thumbnail":0,"footnotes":""},"class_list":["post-70","page","type-page","status-publish","has-post-thumbnail","hentry"],"_links":{"self":[{"href":"https:\/\/www.michaellaitman.com\/pt\/wp-json\/wp\/v2\/pages\/70","targetHints":{"allow":["GET"]}}],"collection":[{"href":"https:\/\/www.michaellaitman.com\/pt\/wp-json\/wp\/v2\/pages"}],"about":[{"href":"https:\/\/www.michaellaitman.com\/pt\/wp-json\/wp\/v2\/types\/page"}],"author":[{"embeddable":true,"href":"https:\/\/www.michaellaitman.com\/pt\/wp-json\/wp\/v2\/users\/1"}],"replies":[{"embeddable":true,"href":"https:\/\/www.michaellaitman.com\/pt\/wp-json\/wp\/v2\/comments?post=70"}],"version-history":[{"count":1,"href":"https:\/\/www.michaellaitman.com\/pt\/wp-json\/wp\/v2\/pages\/70\/revisions"}],"predecessor-version":[{"id":345,"href":"https:\/\/www.michaellaitman.com\/pt\/wp-json\/wp\/v2\/pages\/70\/revisions\/345"}],"up":[{"embeddable":true,"href":"https:\/\/www.michaellaitman.com\/pt\/wp-json\/wp\/v2\/pages\/40"}],"wp:featuredmedia":[{"embeddable":true,"href":"https:\/\/www.michaellaitman.com\/pt\/wp-json\/wp\/v2\/media\/118"}],"wp:attachment":[{"href":"https:\/\/www.michaellaitman.com\/pt\/wp-json\/wp\/v2\/media?parent=70"}],"curies":[{"name":"wp","href":"https:\/\/api.w.org\/{rel}","templated":true}]}}