{"id":66,"date":"2012-09-23T21:36:40","date_gmt":"2012-09-23T21:36:40","guid":{"rendered":"http:\/\/dev.michaellaitman.kbb1.com\/?page_id=66"},"modified":"2016-07-31T06:16:10","modified_gmt":"2016-07-31T09:16:10","slug":"a-guide-to-the-new-world","status":"publish","type":"page","link":"https:\/\/www.michaellaitman.com\/pt\/books\/a-guide-to-the-new-world\/","title":{"rendered":"Um Guia para o Novo Mundo"},"content":{"rendered":"<p style=\"text-align: justify\">Por que 1% da popula\u00e7\u00e3o mundial possui 40% da riqueza? Por que os sistemas de educa\u00e7\u00e3o em todo o mundo est\u00e3o produzindo filhos infelizes e mal educados? Por que h\u00e1 fome? Por que os pre\u00e7os dos alimentos est\u00e3o a subir quando h\u00e1 mais do que suficiente para todos? Por que h\u00e1 ainda pa\u00edses onde a dignidade humana e a justi\u00e7a social s\u00e3o inexistentes? E como esses erros ser\u00e3o corrigidos ?<\/p>\n<p style=\"text-align: justify\">Em 2011, essas quest\u00f5es tocaram os cora\u00e7\u00f5es de centenas de milh\u00f5es em todo o mundo. O grito por justi\u00e7a social tornou-se uma demanda em torno da qual todos podem se unir. Todos n\u00f3s por muito tempo buscamos por uma sociedade onde podemos nos sentir seguros, confiar em nossos vizinhos, e garantir o futuro de nossos filhos. Em uma sociedade assim, todos ir\u00e3o cuidar de todos, com \u00a0garantia m\u00fatua, onde todos s\u00e3o fiadores do bem-estar um do outro , e v\u00e3o prosperar.<\/p>\n<p style=\"text-align: justify\">Apesar de todos os desafios, acreditamos que a mudan\u00e7a \u00e9 poss\u00edvel e que podemos encontrar uma maneira de implement\u00e1-la. Portanto, o livro que voc\u00ea est\u00e1 segurando em suas m\u00e3os \u00e9 positivo e otimista.<\/p>\n<p style=\"text-align: justify\">N\u00f3s temos agora uma oportunidade \u00fanica para alcan\u00e7ar a transforma\u00e7\u00e3o global em uma forma pac\u00edfica, agrad\u00e1vel, como um guia para o Novo Mundo: pois garantia m\u00fatua \u00e9 a chave para a nossa recupera\u00e7\u00e3o da crise global e tenta nos ajudar a pavimentar o caminho para esse objetivo.<\/p>\n<p style=\"text-align: justify\"><a href=\"http:\/\/www.kabbalahbooks.info\" target=\"_blank\">www.kabbalahbooks.info<\/a><\/p>\n","protected":false},"excerpt":{"rendered":"<p>Por que 1% da popula\u00e7\u00e3o mundial possui 40% da riqueza? Por que os sistemas de educa\u00e7\u00e3o em todo o mundo est\u00e3o produzindo filhos infelizes e mal educados? Por que h\u00e1 fome? Por que os pre\u00e7os dos alimentos est\u00e3o a subir<span class=\"ellipsis\">&hellip;<\/span><\/p>\n<div class=\"read-more\"><a href=\"https:\/\/www.michaellaitman.com\/pt\/books\/a-guide-to-the-new-world\/\">Leia mais &#8250;<\/a><\/div>\n<p><!-- end of .read-more --><\/p>\n","protected":false},"author":1,"featured_media":119,"parent":40,"menu_order":0,"comment_status":"open","ping_status":"open","template":"sidebar-content-page.php","meta":{"ngg_post_thumbnail":0,"footnotes":""},"class_list":["post-66","page","type-page","status-publish","has-post-thumbnail","hentry"],"_links":{"self":[{"href":"https:\/\/www.michaellaitman.com\/pt\/wp-json\/wp\/v2\/pages\/66","targetHints":{"allow":["GET"]}}],"collection":[{"href":"https:\/\/www.michaellaitman.com\/pt\/wp-json\/wp\/v2\/pages"}],"about":[{"href":"https:\/\/www.michaellaitman.com\/pt\/wp-json\/wp\/v2\/types\/page"}],"author":[{"embeddable":true,"href":"https:\/\/www.michaellaitman.com\/pt\/wp-json\/wp\/v2\/users\/1"}],"replies":[{"embeddable":true,"href":"https:\/\/www.michaellaitman.com\/pt\/wp-json\/wp\/v2\/comments?post=66"}],"version-history":[{"count":0,"href":"https:\/\/www.michaellaitman.com\/pt\/wp-json\/wp\/v2\/pages\/66\/revisions"}],"up":[{"embeddable":true,"href":"https:\/\/www.michaellaitman.com\/pt\/wp-json\/wp\/v2\/pages\/40"}],"wp:featuredmedia":[{"embeddable":true,"href":"https:\/\/www.michaellaitman.com\/pt\/wp-json\/wp\/v2\/media\/119"}],"wp:attachment":[{"href":"https:\/\/www.michaellaitman.com\/pt\/wp-json\/wp\/v2\/media?parent=66"}],"curies":[{"name":"wp","href":"https:\/\/api.w.org\/{rel}","templated":true}]}}