{"id":64,"date":"2012-09-23T21:10:08","date_gmt":"2012-09-23T21:10:08","guid":{"rendered":"http:\/\/dev.michaellaitman.kbb1.com\/?page_id=64"},"modified":"2016-07-31T06:26:40","modified_gmt":"2016-07-31T09:26:40","slug":"integral-education-page","status":"publish","type":"page","link":"https:\/\/www.michaellaitman.com\/pt\/integral-education-page\/","title":{"rendered":"Educa\u00e7\u00e3o Integral"},"content":{"rendered":"<p>O mundo no qual vivemos \u00e9 um sistema vasto, maravilhoso e complexo. Cada parte dele est\u00e1 conectada e depende de, todas as outras partes. Durante muitas d\u00e9cadas, esta complexidade esteve escondida de n\u00f3s. Ver\u00edamos o mundo como uma colec\u00e7\u00e3o de elementos n\u00e3o necessariamente conectados uns aos outros e certamente n\u00e3o interdependentes como agora descobrimos.<\/p>\n<p>Dentro dos sistemas de educa\u00e7\u00e3o, a percep\u00e7\u00e3o da realidade como elementos separados divididos em temas diferentes \u00e9 ainda o paradigma predominante. A nova vis\u00e3o integral, relaciona-se ao mundo como um sistema interligado. Esta \u00e9 a base da Educa\u00e7\u00e3o Integral e portanto define uma nova abordagem integrada para o ensino. Assim fazendo, ela impulsiona os estudantes para uma percep\u00e7\u00e3o integrada da realidade, os alinhando com a realidade integrada de hoje. No m\u00e9todo de educa\u00e7\u00e3o integral, o estudante n\u00e3o aprende temas separados de uma forma &#8220;linear.&#8221; Em vez disso, cada tema \u00e9 apresentado da perspectiva &#8220;circular,&#8221; ilustrando sua conex\u00e3o a todos os outros temas.<\/p>\n<hr \/>\n<p>A educa\u00e7\u00e3o integral \u00e9 baseada em alavancar todos os canais de media para desenvolver o homem, lhe mostrando o desenvolvimento humano correcto; o desenvolvimento do homem, o desenvolvimento da sociedade, qu\u00e3o mais redondo este processo se tornou.<\/p>\n<ul>\n<li><a href=\"#video\">Assistir ao v\u00eddeo<\/a><\/li>\n<li><a href=\"#listen\">Escutar o audio<\/a><\/li>\n<\/ul>\n<div>\n<div>\n<p><img loading=\"lazy\" decoding=\"async\" src=\"https:\/\/www.michaellaitman.com\/wp-includes\/js\/tinymce\/themes\/advanced\/img\/trans.gif\" alt=\"\" width=\"560\" height=\"315\" \/><\/p>\n<\/div>\n<div>\n<audio class=\"wp-audio-shortcode\" id=\"audio-64-1\" preload=\"none\" style=\"width: 100%;\" controls=\"controls\"><source type=\"audio\/mpeg\" src=\"http:\/\/files.kabbalahmedia.info\/audio\/eng_t_rav_2012-08-05_program_haim-hadashim_n49.mp3?_=1\" \/><a href=\"http:\/\/files.kabbalahmedia.info\/audio\/eng_t_rav_2012-08-05_program_haim-hadashim_n49.mp3\">http:\/\/files.kabbalahmedia.info\/audio\/eng_t_rav_2012-08-05_program_haim-hadashim_n49.mp3<\/a><\/audio>\n<\/div>\n<\/div>\n","protected":false},"excerpt":{"rendered":"<p>O mundo no qual vivemos \u00e9 um sistema vasto, maravilhoso e complexo. Cada parte dele est\u00e1 conectada e depende de, todas as outras partes. Durante muitas d\u00e9cadas, esta complexidade esteve escondida de n\u00f3s. Ver\u00edamos o mundo como uma colec\u00e7\u00e3o de<span class=\"ellipsis\">&hellip;<\/span><\/p>\n<div class=\"read-more\"><a href=\"https:\/\/www.michaellaitman.com\/pt\/integral-education-page\/\">Leia mais &#8250;<\/a><\/div>\n<p><!-- end of .read-more --><\/p>\n","protected":false},"author":1,"featured_media":0,"parent":0,"menu_order":0,"comment_status":"open","ping_status":"open","template":"sidebar-content-page.php","meta":{"ngg_post_thumbnail":0,"footnotes":""},"class_list":["post-64","page","type-page","status-publish","hentry"],"_links":{"self":[{"href":"https:\/\/www.michaellaitman.com\/pt\/wp-json\/wp\/v2\/pages\/64","targetHints":{"allow":["GET"]}}],"collection":[{"href":"https:\/\/www.michaellaitman.com\/pt\/wp-json\/wp\/v2\/pages"}],"about":[{"href":"https:\/\/www.michaellaitman.com\/pt\/wp-json\/wp\/v2\/types\/page"}],"author":[{"embeddable":true,"href":"https:\/\/www.michaellaitman.com\/pt\/wp-json\/wp\/v2\/users\/1"}],"replies":[{"embeddable":true,"href":"https:\/\/www.michaellaitman.com\/pt\/wp-json\/wp\/v2\/comments?post=64"}],"version-history":[{"count":1,"href":"https:\/\/www.michaellaitman.com\/pt\/wp-json\/wp\/v2\/pages\/64\/revisions"}],"predecessor-version":[{"id":244,"href":"https:\/\/www.michaellaitman.com\/pt\/wp-json\/wp\/v2\/pages\/64\/revisions\/244"}],"wp:attachment":[{"href":"https:\/\/www.michaellaitman.com\/pt\/wp-json\/wp\/v2\/media?parent=64"}],"curies":[{"name":"wp","href":"https:\/\/api.w.org\/{rel}","templated":true}]}}