{"id":62,"date":"2012-09-23T20:52:03","date_gmt":"2012-09-23T20:52:03","guid":{"rendered":"http:\/\/dev.michaellaitman.kbb1.com\/?page_id=62"},"modified":"2016-07-31T06:31:17","modified_gmt":"2016-07-31T09:31:17","slug":"leader-in-global-change","status":"publish","type":"page","link":"https:\/\/www.michaellaitman.com\/pt\/person\/leader-in-global-change\/","title":{"rendered":"L\u00edder em Mudan\u00e7as Globais"},"content":{"rendered":"<p>O m\u00e9todo do Dr. Laitman nova educa\u00e7\u00e3o global foi apresentado ao Diretor Geral da UNESCO a Sra. Irina Bokova, que o chamou de &#8220;verdadeiro vision\u00e1rio&#8221;.<\/p>\n<p style=\"text-align: justify\">Durante a reuni\u00e3o foram discutidos temas atuais de educa\u00e7\u00e3o em todo o mundo e vis\u00e3o do Dr. Laitman para a sua solu\u00e7\u00e3o. Ele ressaltou a urg\u00eancia de se considerar as aspira\u00e7\u00f5es originais da juventude de hoje ea necessidade de prepar\u00e1-los para a vida em um mundo altamente din\u00e2mico, global, ao mesmo tempo, tirando partido das tecnologias de comunica\u00e7\u00e3o emergentes. O Instituto ARI foi imediatamente convidado a participar de uma s\u00e9rie de iniciativas da ONU \/ UNESCO educa\u00e7\u00e3o.<\/p>\n<p style=\"text-align: justify\">Hoje, o Dr. Laitman serve como um consultor estrat\u00e9gico para a ONU em iniciativas de educa\u00e7\u00e3o relacionados. Dr. Michael Laitman foi caracterizado, entre outras, nas seguintes publica\u00e7\u00f5es: O Corriere della Sera, o jornal Chicago Tribune, o Miami Herald, The Jerusalem Post, e O Globo. Ele j\u00e1 apareceu em v\u00e1rios programas de televis\u00e3o, incluindo SKY TV (Skytg24) e TV Mediaset (TG5), Univision e TV Bloomberg.<\/p>\n<ul class=\"nav nav-tabs\">\n<li class=\"active\" style=\"text-align: justify\"><a class=\"cu-icon-play\" href=\"#video\">Assista ao v\u00eddeo<\/a><\/li>\n<\/ul>\n<p><iframe loading=\"lazy\" title=\"Encontro de Dr. Michael Laitman com a Directora Geral da UNESCO Irina Bokova\" width=\"550\" height=\"413\" src=\"https:\/\/www.youtube.com\/embed\/h5EF2HpcGQw?feature=oembed\" frameborder=\"0\" allow=\"accelerometer; autoplay; clipboard-write; encrypted-media; gyroscope; picture-in-picture; web-share\" referrerpolicy=\"strict-origin-when-cross-origin\" allowfullscreen><\/iframe><\/p>\n<div class=\"tab-content\">\n<div class=\"tab-pane fade in active\">\n<p style=\"font-size: 14px\">Dr. Michael Laitman reuni\u00e3o com Diretor-Geral da UNESCO Irina Bokova<\/p>\n<\/div>\n<\/div>\n","protected":false},"excerpt":{"rendered":"<p>O m\u00e9todo do Dr. Laitman nova educa\u00e7\u00e3o global foi apresentado ao Diretor Geral da UNESCO a Sra. Irina Bokova, que o chamou de &#8220;verdadeiro vision\u00e1rio&#8221;. Durante a reuni\u00e3o foram discutidos temas atuais de educa\u00e7\u00e3o em todo o mundo e vis\u00e3o<span class=\"ellipsis\">&hellip;<\/span><\/p>\n<div class=\"read-more\"><a href=\"https:\/\/www.michaellaitman.com\/pt\/person\/leader-in-global-change\/\">Leia mais &#8250;<\/a><\/div>\n<p><!-- end of .read-more --><\/p>\n","protected":false},"author":1,"featured_media":0,"parent":56,"menu_order":6,"comment_status":"open","ping_status":"open","template":"sidebar-content-page.php","meta":{"ngg_post_thumbnail":0,"footnotes":""},"class_list":["post-62","page","type-page","status-publish","hentry"],"_links":{"self":[{"href":"https:\/\/www.michaellaitman.com\/pt\/wp-json\/wp\/v2\/pages\/62","targetHints":{"allow":["GET"]}}],"collection":[{"href":"https:\/\/www.michaellaitman.com\/pt\/wp-json\/wp\/v2\/pages"}],"about":[{"href":"https:\/\/www.michaellaitman.com\/pt\/wp-json\/wp\/v2\/types\/page"}],"author":[{"embeddable":true,"href":"https:\/\/www.michaellaitman.com\/pt\/wp-json\/wp\/v2\/users\/1"}],"replies":[{"embeddable":true,"href":"https:\/\/www.michaellaitman.com\/pt\/wp-json\/wp\/v2\/comments?post=62"}],"version-history":[{"count":1,"href":"https:\/\/www.michaellaitman.com\/pt\/wp-json\/wp\/v2\/pages\/62\/revisions"}],"predecessor-version":[{"id":287,"href":"https:\/\/www.michaellaitman.com\/pt\/wp-json\/wp\/v2\/pages\/62\/revisions\/287"}],"up":[{"embeddable":true,"href":"https:\/\/www.michaellaitman.com\/pt\/wp-json\/wp\/v2\/pages\/56"}],"wp:attachment":[{"href":"https:\/\/www.michaellaitman.com\/pt\/wp-json\/wp\/v2\/media?parent=62"}],"curies":[{"name":"wp","href":"https:\/\/api.w.org\/{rel}","templated":true}]}}