{"id":61,"date":"2012-09-23T20:51:16","date_gmt":"2012-09-23T20:51:16","guid":{"rendered":"http:\/\/dev.michaellaitman.kbb1.com\/?page_id=61"},"modified":"2016-01-15T05:36:28","modified_gmt":"2016-01-15T08:36:28","slug":"internationally-best-selling-author","status":"publish","type":"page","link":"https:\/\/www.michaellaitman.com\/pt\/person\/internationally-best-selling-author\/","title":{"rendered":"Autor de best-sellers internacional"},"content":{"rendered":"<div id=\"attachment_130\" style=\"width: 210px\" class=\"wp-caption alignleft\"><a href=\"https:\/\/www.michaellaitman.com\/person\/internationally-best-selling-author\/index_img_7\/\" rel=\"attachment wp-att-130\"><img loading=\"lazy\" decoding=\"async\" aria-describedby=\"caption-attachment-130\" class=\"size-full wp-image-130\" src=\"https:\/\/www.michaellaitman.com\/wp-content\/uploads\/2012\/09\/index_img_7.jpg\" alt=\"High Panel on Peace and Dialogue among Cultures. UN Headquarters, New York\" width=\"200\" height=\"149\" \/><\/a><p id=\"caption-attachment-130\" class=\"wp-caption-text\">Painel de alta sobre a Paz e Di\u00e1logo entre Culturas. Sede da ONU, Nova York<\/p><\/div>\n<p>Ao longo das \u00faltimas tr\u00eas d\u00e9cadas, o Dr. Laitman j\u00e1 publicou mais de 40 livros que foram traduzidos para 18 idiomas, tudo com o objetivo de ajudar as pessoas a alcan\u00e7ar a harmonia dentro de si mesmos e do ambiente ao seu redor.<\/p>\n<p>Revis\u00e3o pref\u00e1cio da revista de seu recente livro A Psicologia da Sociedade Integral (sobre a necessidade de educa\u00e7\u00e3o integral e global para resolver a crise) observa:<\/p>\n<p>&#8220;Como uma sociedade, n\u00f3s gastamos muito tempo competindo e tentando obter uma vantagem que o conceito de simplesmente trabalhar juntos parece inovador em si mesmo &#8230;.&#8221;<\/p>\n<p>Outros t\u00edtulos recentes incluem o Interesse-Pr\u00f3prio versus Altru\u00edsmo na Era Global: Como Transformar a Sociedade do Interesse Pr\u00f3prio No\u00a0 Benef\u00edcio M\u00fatuo e Crian\u00e7as do Amanh\u00e3: Diretrizes para Criar Crian\u00e7as Felizes no S\u00e9culo 21, que foi revisada por Midwestbookreview.com:<\/p>\n<p>&#8220;Afirmando futuro que a sociedade confia na coopera\u00e7\u00e3o de pessoas a trabalhar em conjunto para a sociedade, afirmando que grande parte da degrada\u00e7\u00e3o da sociedade nas \u00faltimas d\u00e9cadas tem sido o resultado do narcisismo e da gan\u00e2ncia,&#8221; auto-interesse versus Altru\u00edsmo &#8220;\u00e9 um curioso e leitura recomendada para aqueles que acredito que o otimismo na natureza humana n\u00e3o \u00e9 totalmente perdida.&#8221;<\/p>\n","protected":false},"excerpt":{"rendered":"<p>Ao longo das \u00faltimas tr\u00eas d\u00e9cadas, o Dr. Laitman j\u00e1 publicou mais de 40 livros que foram traduzidos para 18 idiomas, tudo com o objetivo de ajudar as pessoas a alcan\u00e7ar a harmonia dentro de si mesmos e do ambiente<span class=\"ellipsis\">&hellip;<\/span><\/p>\n<div class=\"read-more\"><a href=\"https:\/\/www.michaellaitman.com\/pt\/person\/internationally-best-selling-author\/\">Leia mais &#8250;<\/a><\/div>\n<p><!-- end of .read-more --><\/p>\n","protected":false},"author":1,"featured_media":0,"parent":56,"menu_order":0,"comment_status":"open","ping_status":"open","template":"sidebar-content-page.php","meta":{"ngg_post_thumbnail":0,"footnotes":""},"class_list":["post-61","page","type-page","status-publish","hentry"],"_links":{"self":[{"href":"https:\/\/www.michaellaitman.com\/pt\/wp-json\/wp\/v2\/pages\/61","targetHints":{"allow":["GET"]}}],"collection":[{"href":"https:\/\/www.michaellaitman.com\/pt\/wp-json\/wp\/v2\/pages"}],"about":[{"href":"https:\/\/www.michaellaitman.com\/pt\/wp-json\/wp\/v2\/types\/page"}],"author":[{"embeddable":true,"href":"https:\/\/www.michaellaitman.com\/pt\/wp-json\/wp\/v2\/users\/1"}],"replies":[{"embeddable":true,"href":"https:\/\/www.michaellaitman.com\/pt\/wp-json\/wp\/v2\/comments?post=61"}],"version-history":[{"count":0,"href":"https:\/\/www.michaellaitman.com\/pt\/wp-json\/wp\/v2\/pages\/61\/revisions"}],"up":[{"embeddable":true,"href":"https:\/\/www.michaellaitman.com\/pt\/wp-json\/wp\/v2\/pages\/56"}],"wp:attachment":[{"href":"https:\/\/www.michaellaitman.com\/pt\/wp-json\/wp\/v2\/media?parent=61"}],"curies":[{"name":"wp","href":"https:\/\/api.w.org\/{rel}","templated":true}]}}