{"id":56,"date":"2012-09-22T19:51:13","date_gmt":"2012-09-22T19:51:13","guid":{"rendered":"http:\/\/dev.michaellaitman.kbb1.com\/?page_id=56"},"modified":"2016-07-31T16:26:49","modified_gmt":"2016-07-31T19:26:49","slug":"person","status":"publish","type":"page","link":"https:\/\/www.michaellaitman.com\/pt\/person\/","title":{"rendered":"Pensador Global"},"content":{"rendered":"<h3><img loading=\"lazy\" decoding=\"async\" class=\"size-full wp-image-646 alignleft\" src=\"https:\/\/www.michaellaitman.com\/wp-content\/uploads\/2012\/09\/michael-laitman-media-kit.jpg\" alt=\"michael laitman-media kit\" width=\"692\" height=\"477\" \/><\/h3>\n<h3 style=\"text-align: justify\"><a href=\"https:\/\/drive.google.com\/open?id=0BxXpzSmVqb68bjRpSGlNMWNrcWs\">Michael Laitman \u2013 Pensador Global \u2013 Kit Media<\/a><\/h3>\n<p style=\"text-align: justify\">\n<p style=\"text-align: justify\">Michael Laitman \u00e9 um pensador global dedicado a gerar uma mudan\u00e7a transformadora na sociedade atrav\u00e9s de uma nova educa\u00e7\u00e3o global, que ele v\u00ea como a chave para solucionar os problemas mais prementes do nosso tempo.<\/p>\n<p style=\"text-align: justify\">Sua vis\u00e3o para solucionar a crise em todos os n\u00edveis, incluindo educa\u00e7\u00e3o, mudan\u00e7a clim\u00e1tica, fome e todos os problemas sociais e econ\u00f4micos, envolve implementar um novo programa de educa\u00e7\u00e3o global e integral abrangente.<\/p>\n<p style=\"text-align: justify\">A combina\u00e7\u00e3o de seu fundo acad\u00eamico nas ci\u00eancias exatas e humanidades, sua pesquisa no campo da educa\u00e7\u00e3o e sua perspectiva vision\u00e1ria para a sociedade fazem dele um pensador global proeminente e um orador procurado.<\/p>\n<p style=\"text-align: justify\">Dr. Laitman \u00e9 um professor de Ontologia e Teoria do Conhecimento e tem um PhD em Filosofia e Cabala, t\u00edtulos conferidos pelo Instituto de Filosofia de Moscovo na Academia Russa das Ci\u00eancias e tem um MSc em Cibern\u00e9tica da Medicina, merecido na Universidade Polit\u00e9cnica Estatal de S\u00e3o Petersburgo.<\/p>\n<p style=\"text-align: justify\"><a class=\"read-more\" title=\"Michael Laitman, PhD\" href=\"https:\/\/www.michaellaitman.com\/about\/\">Ler biografia completa<\/a><\/p>\n","protected":false},"excerpt":{"rendered":"<p>Michael Laitman \u2013 Pensador Global \u2013 Kit Media Michael Laitman \u00e9 um pensador global dedicado a gerar uma mudan\u00e7a transformadora na sociedade atrav\u00e9s de uma nova educa\u00e7\u00e3o global, que ele v\u00ea como a chave para solucionar os problemas mais prementes<span class=\"ellipsis\">&hellip;<\/span><\/p>\n<div class=\"read-more\"><a href=\"https:\/\/www.michaellaitman.com\/pt\/person\/\">Leia mais &#8250;<\/a><\/div>\n<p><!-- end of .read-more --><\/p>\n","protected":false},"author":1,"featured_media":0,"parent":0,"menu_order":0,"comment_status":"open","ping_status":"open","template":"sidebar-content-page.php","meta":{"ngg_post_thumbnail":0,"footnotes":""},"class_list":["post-56","page","type-page","status-publish","hentry"],"_links":{"self":[{"href":"https:\/\/www.michaellaitman.com\/pt\/wp-json\/wp\/v2\/pages\/56","targetHints":{"allow":["GET"]}}],"collection":[{"href":"https:\/\/www.michaellaitman.com\/pt\/wp-json\/wp\/v2\/pages"}],"about":[{"href":"https:\/\/www.michaellaitman.com\/pt\/wp-json\/wp\/v2\/types\/page"}],"author":[{"embeddable":true,"href":"https:\/\/www.michaellaitman.com\/pt\/wp-json\/wp\/v2\/users\/1"}],"replies":[{"embeddable":true,"href":"https:\/\/www.michaellaitman.com\/pt\/wp-json\/wp\/v2\/comments?post=56"}],"version-history":[{"count":1,"href":"https:\/\/www.michaellaitman.com\/pt\/wp-json\/wp\/v2\/pages\/56\/revisions"}],"predecessor-version":[{"id":447,"href":"https:\/\/www.michaellaitman.com\/pt\/wp-json\/wp\/v2\/pages\/56\/revisions\/447"}],"wp:attachment":[{"href":"https:\/\/www.michaellaitman.com\/pt\/wp-json\/wp\/v2\/media?parent=56"}],"curies":[{"name":"wp","href":"https:\/\/api.w.org\/{rel}","templated":true}]}}