{"id":479,"date":"2015-04-08T13:42:13","date_gmt":"2015-04-08T16:42:13","guid":{"rendered":"https:\/\/www.michaellaitman.com\/?page_id=479"},"modified":"2015-04-08T14:41:03","modified_gmt":"2015-04-08T17:41:03","slug":"temas-israelenses-2","status":"publish","type":"page","link":"https:\/\/www.michaellaitman.com\/pt\/temas-israelenses-2\/","title":{"rendered":"TEMAS ISRAELENSES"},"content":{"rendered":"<p>Em um Mundo Globalizado com interesses econ\u00f4micos e pol\u00edticos por vezes<br \/>\nconcorrentes e por vezes simbi\u00f3ticas ,\u00e9 interessante analisar o papel do Estado Israelense nesta configura\u00e7\u00e3o contempor\u00e2nea.    <\/p>\n","protected":false},"excerpt":{"rendered":"<p>Em um Mundo Globalizado com interesses econ\u00f4micos e pol\u00edticos por vezes concorrentes e por vezes simbi\u00f3ticas ,\u00e9 interessante analisar o papel do Estado Israelense nesta configura\u00e7\u00e3o contempor\u00e2nea.<\/p>\n","protected":false},"author":11,"featured_media":0,"parent":0,"menu_order":0,"comment_status":"open","ping_status":"open","template":"","meta":{"ngg_post_thumbnail":0,"footnotes":""},"class_list":["post-479","page","type-page","status-publish","hentry"],"_links":{"self":[{"href":"https:\/\/www.michaellaitman.com\/pt\/wp-json\/wp\/v2\/pages\/479","targetHints":{"allow":["GET"]}}],"collection":[{"href":"https:\/\/www.michaellaitman.com\/pt\/wp-json\/wp\/v2\/pages"}],"about":[{"href":"https:\/\/www.michaellaitman.com\/pt\/wp-json\/wp\/v2\/types\/page"}],"author":[{"embeddable":true,"href":"https:\/\/www.michaellaitman.com\/pt\/wp-json\/wp\/v2\/users\/11"}],"replies":[{"embeddable":true,"href":"https:\/\/www.michaellaitman.com\/pt\/wp-json\/wp\/v2\/comments?post=479"}],"version-history":[{"count":0,"href":"https:\/\/www.michaellaitman.com\/pt\/wp-json\/wp\/v2\/pages\/479\/revisions"}],"wp:attachment":[{"href":"https:\/\/www.michaellaitman.com\/pt\/wp-json\/wp\/v2\/media?parent=479"}],"curies":[{"name":"wp","href":"https:\/\/api.w.org\/{rel}","templated":true}]}}