{"id":40,"date":"2012-09-22T16:13:38","date_gmt":"2012-09-22T16:13:38","guid":{"rendered":"http:\/\/dev.michaellaitman.kbb1.com\/?page_id=40"},"modified":"2017-10-31T08:30:37","modified_gmt":"2017-10-31T11:30:37","slug":"books","status":"publish","type":"page","link":"https:\/\/www.michaellaitman.com\/pt\/books\/","title":{"rendered":"Livros de Michael Laitman"},"content":{"rendered":"<p style=\"text-align: justify\"><em><img loading=\"lazy\" decoding=\"async\" class=\"alignleft\" src=\"http:\/\/cdn3.volusion.com\/9nc97.u3pjy\/v\/vspfiles\/photos\/completando-o-circulo-eb-2.jpg?1442564859\" alt=\"\" width=\"132\" height=\"173\">Completando o C\u00edrculo<\/em>&nbsp;apresenta um modo comprovado de melhorar nossos benef\u00edcios das nossas conex\u00f5es. Os formatos C\u00edrculo-de-Conex\u00e3o e Mesa-Redonda provaram-se a si mesmos como bem sucedidos em solucionar conflitos aparentemente insol\u00faveis, reunindo relacionamentos quebrados e aproximando fam\u00edlias alienadas. Estas discuss\u00f5es t\u00eam tomado lugar nos EUA, Europa e Israel, com sucesso sonante. Neste livro, Dr. Laitman explica a ci\u00eancia deste m\u00e9todo bem sucedido e oferece workshops de c\u00edrculo exemplares que podemos todos implementar. Enquanto os experimentamos, descobriremos nova profundidade nas nossas conex\u00f5es sociais e ideias novas para gerir nossas vidas com sucesso.&nbsp;<\/p>\n<p style=\"text-align: justify\"><strong><a href=\"https:\/\/www.michaellaitman.com\/livros\/completando-o-circulo\/\">Ler<\/a>&nbsp;|&nbsp;<a href=\"https:\/\/drive.google.com\/file\/d\/0BxXpzSmVqb68cGRsZWpRLUZWMnM\/view\">Descarregar<\/a>&nbsp;|&nbsp;<a href=\"https:\/\/www.amazon.com\/Completando-C%C3%ADrculo-Portuguese-Michael-Laitman\/dp\/1517387876\">Comprar<\/a>&nbsp;<\/strong><\/p>\n<p style=\"text-align: justify\"><a href=\"http:\/\/bundleofreeds.com\/\" target=\"_blank\" rel=\"noopener noreferrer\"><img loading=\"lazy\" decoding=\"async\" class=\"alignleft\" src=\"http:\/\/cdn3.volusion.com\/9nc97.u3pjy\/v\/vspfiles\/photos\/como-um-feixe-de-juncos-pt-eb-2.jpg?1428255994\" alt=\"\" width=\"127\" height=\"196\"><\/a><em>Como Um Feixe de Juncos <\/em>&nbsp;\u00e9 um livro aprofundado de mais de 200 p\u00e1ginas por Dr. Michael Laitman que oferece introspec\u00e7\u00f5es atempadas e ferramentas pelas quais mudar a tend\u00eancia amea\u00e7adora de Antissemitismo e trazer uma perspectiva inteiramente diferente e solu\u00e7\u00e3o para este velho dem\u00f4nio.<\/p>\n<p style=\"text-align: justify\"><strong><a href=\"https:\/\/www.michaellaitman.com\/livros\/como-um-feixe-de-juncos\/\">Ler&nbsp;<\/a>|<\/strong>&nbsp;<strong><a href=\"https:\/\/drive.google.com\/open?id=0BxXpzSmVqb68TWJjcUdNYUt3ZVk\" target=\"_blank\" rel=\"noopener noreferrer\">Descarregar<\/a>&nbsp;<em>|<\/em><\/strong><strong><a href=\"https:\/\/www.amazon.com\/Como-Feixe-Juncos-Responsabilidade-Necessidade\/dp\/1508716374\">Comprar&nbsp;<\/a><\/strong><\/p>\n<p>&nbsp;<\/p>\n","protected":false},"excerpt":{"rendered":"<p>Completando o C\u00edrculo&nbsp;apresenta um modo comprovado de melhorar nossos benef\u00edcios das nossas conex\u00f5es. Os formatos C\u00edrculo-de-Conex\u00e3o e Mesa-Redonda provaram-se a si mesmos como bem sucedidos em solucionar conflitos aparentemente insol\u00faveis, reunindo relacionamentos quebrados e aproximando fam\u00edlias alienadas. Estas discuss\u00f5es t\u00eam<span class=\"ellipsis\">&hellip;<\/span><\/p>\n<div class=\"read-more\"><a href=\"https:\/\/www.michaellaitman.com\/pt\/books\/\">Leia mais &#8250;<\/a><\/div>\n<p><!-- end of .read-more --><\/p>\n","protected":false},"author":1,"featured_media":0,"parent":0,"menu_order":5,"comment_status":"open","ping_status":"open","template":"sidebar-content-page.php","meta":{"ngg_post_thumbnail":0,"footnotes":""},"class_list":["post-40","page","type-page","status-publish","hentry"],"_links":{"self":[{"href":"https:\/\/www.michaellaitman.com\/pt\/wp-json\/wp\/v2\/pages\/40","targetHints":{"allow":["GET"]}}],"collection":[{"href":"https:\/\/www.michaellaitman.com\/pt\/wp-json\/wp\/v2\/pages"}],"about":[{"href":"https:\/\/www.michaellaitman.com\/pt\/wp-json\/wp\/v2\/types\/page"}],"author":[{"embeddable":true,"href":"https:\/\/www.michaellaitman.com\/pt\/wp-json\/wp\/v2\/users\/1"}],"replies":[{"embeddable":true,"href":"https:\/\/www.michaellaitman.com\/pt\/wp-json\/wp\/v2\/comments?post=40"}],"version-history":[{"count":1,"href":"https:\/\/www.michaellaitman.com\/pt\/wp-json\/wp\/v2\/pages\/40\/revisions"}],"predecessor-version":[{"id":232,"href":"https:\/\/www.michaellaitman.com\/pt\/wp-json\/wp\/v2\/pages\/40\/revisions\/232"}],"wp:attachment":[{"href":"https:\/\/www.michaellaitman.com\/pt\/wp-json\/wp\/v2\/media?parent=40"}],"curies":[{"name":"wp","href":"https:\/\/api.w.org\/{rel}","templated":true}]}}