{"id":361,"date":"2015-03-29T16:44:09","date_gmt":"2015-03-29T19:44:09","guid":{"rendered":"https:\/\/www.michaellaitman.com\/?page_id=361"},"modified":"2015-03-29T16:54:35","modified_gmt":"2015-03-29T19:54:35","slug":"1-2","status":"publish","type":"page","link":"https:\/\/www.michaellaitman.com\/pt\/1-2\/","title":{"rendered":"1"},"content":{"rendered":"<div id=\"home-slider\" class=\"carousel slide\">\n<p><!-- Carousel items --><\/p>\n<div class=\"carousel-inner\">\n<div class=\"item next left\"><a title=\"\">A ess\u00eancia da educa\u00e7\u00e3o exige ensinar como ser verdadeiramente humano<\/a><\/div>\n<div class=\"item\"><a title=\"\">A economia \u00e9 uma express\u00e3o das rela\u00e7\u00f5es humanas<\/a><\/div>\n<div class=\"item\"><a title=\"\">Garantia m\u00fatua \u00e9 congruente com a realidade global<br \/>\ne interconectada de hoje<\/a><\/div>\n<div class=\"item\"><a title=\"\">Toda a crise apresenta uma oportunidade<\/a><\/div>\n<div class=\"item\"><a title=\"\">Preenchimento n\u00e3o pode ser medido com dinheiro<\/a><\/div>\n<div class=\"item\"><a title=\"\">Numa sociedade equalit\u00e1ria, algumas doen\u00e7as desaparecem devido ao equilibrio com a natureza<\/a><\/div>\n<div class=\"item\"><a title=\"\">A Humanidade \u00e9 um Organismo Integral Interconectado<\/a><\/div>\n<div class=\"item active left\"><a title=\"\">Globaliza\u00e7\u00e3o e interdepend\u00eancia tornaram a humanidade<br \/>\nnuma grande fam\u00edlia<\/a><\/div>\n<\/div>\n<p><!-- Carousel nav --><br \/>\n<a class=\"carousel-control left\" href=\"https:\/\/www.michaellaitman.com\/#home-slider\">\u2039<\/a><br \/>\n<a class=\"carousel-control right\" href=\"https:\/\/www.michaellaitman.com\/#home-slider\">\u203a<\/a><\/p>\n<\/div>\n","protected":false},"excerpt":{"rendered":"<p>A ess\u00eancia da educa\u00e7\u00e3o exige ensinar como ser verdadeiramente humano A economia \u00e9 uma express\u00e3o das rela\u00e7\u00f5es humanas Garantia m\u00fatua \u00e9 congruente com a realidade global e interconectada de hoje Toda a crise apresenta uma oportunidade Preenchimento n\u00e3o pode ser<span class=\"ellipsis\">&hellip;<\/span><\/p>\n<div class=\"read-more\"><a href=\"https:\/\/www.michaellaitman.com\/pt\/1-2\/\">Leia mais &#8250;<\/a><\/div>\n<p><!-- end of .read-more --><\/p>\n","protected":false},"author":11,"featured_media":0,"parent":0,"menu_order":0,"comment_status":"open","ping_status":"open","template":"","meta":{"ngg_post_thumbnail":0,"footnotes":""},"class_list":["post-361","page","type-page","status-publish","hentry"],"_links":{"self":[{"href":"https:\/\/www.michaellaitman.com\/pt\/wp-json\/wp\/v2\/pages\/361","targetHints":{"allow":["GET"]}}],"collection":[{"href":"https:\/\/www.michaellaitman.com\/pt\/wp-json\/wp\/v2\/pages"}],"about":[{"href":"https:\/\/www.michaellaitman.com\/pt\/wp-json\/wp\/v2\/types\/page"}],"author":[{"embeddable":true,"href":"https:\/\/www.michaellaitman.com\/pt\/wp-json\/wp\/v2\/users\/11"}],"replies":[{"embeddable":true,"href":"https:\/\/www.michaellaitman.com\/pt\/wp-json\/wp\/v2\/comments?post=361"}],"version-history":[{"count":0,"href":"https:\/\/www.michaellaitman.com\/pt\/wp-json\/wp\/v2\/pages\/361\/revisions"}],"wp:attachment":[{"href":"https:\/\/www.michaellaitman.com\/pt\/wp-json\/wp\/v2\/media?parent=361"}],"curies":[{"name":"wp","href":"https:\/\/api.w.org\/{rel}","templated":true}]}}