{"id":32,"date":"2012-09-19T13:21:13","date_gmt":"2012-09-19T13:21:13","guid":{"rendered":"http:\/\/dev.michaellaitman.kbb1.com\/?page_id=32"},"modified":"2025-05-25T10:42:28","modified_gmt":"2025-05-25T13:42:28","slug":"perspectiva-integral-2","status":"publish","type":"page","link":"https:\/\/www.michaellaitman.com\/pt\/person\/perspectiva-integral-2\/","title":{"rendered":"Perspectiva Integral"},"content":{"rendered":"<div id=\"attachment_127\" style=\"width: 242px\" class=\"wp-caption alignleft\"><a href=\"https:\/\/www.michaellaitman.com\/person\/integral-persective\/13-2\/\" rel=\"attachment wp-att-127\"><img loading=\"lazy\" decoding=\"async\" aria-describedby=\"caption-attachment-127\" class=\" wp-image-127\" src=\"https:\/\/www.michaellaitman.com\/wp-content\/uploads\/2012\/09\/131-290x174.jpg\" alt=\"International Conference &quot;Table of Free Voices&quot; in Berlin, Germany\" width=\"232\" height=\"139\" \/><\/a><p id=\"caption-attachment-127\" class=\"wp-caption-text\">Confer\u00eancia Internacional \u201cMesa das Vozes Livres\u201d em Berlim, Alemanha<\/p><\/div>\n<p>A interconectividade de hoje tornou-se um facto inevit\u00e1vel da vida. Contudo, a humanidade ainda n\u00e3o completou uma transi\u00e7\u00e3o na sua consci\u00eancia, valores e sistemas para se ajustar a esta nova fase.<\/p>\n<p>Achar uma solu\u00e7\u00e3o para estes problemas envolve aprender como a humanidade se consegue integrar melhor num paradigma novo globalmente conectado, que essencialmente envolve aprender a viver responsavelmente numa escala mundial.<\/p>\n<p>O que estamos hoje a ver \u00e9 que os sistemas sociais, pol\u00edticos e econ\u00f4micos com os quais vivemos durante muitos anos n\u00e3o est\u00e3o ajustados a lidar com o fen\u00f3meno emergente da interdepend\u00eancia global. \u00c9 por isso que estamos a experimentar um ponto de ruptura global de problemas e insurrei\u00e7\u00f5es acesas pelas crises financeiras, que est\u00e3o a gerar uma transforma\u00e7\u00e3o emergente numa escala global.<\/p>\n<p>A economia de hoje, que \u00e9 alimentada pelos valores do interesse-pessoal, n\u00e3o pode mais trabalhar nesta estrutura globalmente conectada. Estas novas circunst\u00e2ncias requerem que as pessoas fa\u00e7am mudan\u00e7as significativas em prol de literalmente nos tornarmos a n\u00f3s mesmos globais e aprendermos como alinharmos nossos estilos de vida \u00e0s novas circunst\u00e2ncias globais.<\/p>\n","protected":false},"excerpt":{"rendered":"<p>A interconectividade de hoje tornou-se um facto inevit\u00e1vel da vida. Contudo, a humanidade ainda n\u00e3o completou uma transi\u00e7\u00e3o na sua consci\u00eancia, valores e sistemas para se ajustar a esta nova fase. Achar uma solu\u00e7\u00e3o para estes problemas envolve aprender como<span class=\"ellipsis\">&hellip;<\/span><\/p>\n<div class=\"read-more\"><a href=\"https:\/\/www.michaellaitman.com\/pt\/person\/perspectiva-integral-2\/\">Leia mais &#8250;<\/a><\/div>\n<p><!-- end of .read-more --><\/p>\n","protected":false},"author":1,"featured_media":0,"parent":56,"menu_order":0,"comment_status":"open","ping_status":"open","template":"sidebar-content-page.php","meta":{"ngg_post_thumbnail":0,"footnotes":""},"class_list":["post-32","page","type-page","status-publish","hentry"],"_links":{"self":[{"href":"https:\/\/www.michaellaitman.com\/pt\/wp-json\/wp\/v2\/pages\/32","targetHints":{"allow":["GET"]}}],"collection":[{"href":"https:\/\/www.michaellaitman.com\/pt\/wp-json\/wp\/v2\/pages"}],"about":[{"href":"https:\/\/www.michaellaitman.com\/pt\/wp-json\/wp\/v2\/types\/page"}],"author":[{"embeddable":true,"href":"https:\/\/www.michaellaitman.com\/pt\/wp-json\/wp\/v2\/users\/1"}],"replies":[{"embeddable":true,"href":"https:\/\/www.michaellaitman.com\/pt\/wp-json\/wp\/v2\/comments?post=32"}],"version-history":[{"count":6,"href":"https:\/\/www.michaellaitman.com\/pt\/wp-json\/wp\/v2\/pages\/32\/revisions"}],"predecessor-version":[{"id":2206,"href":"https:\/\/www.michaellaitman.com\/pt\/wp-json\/wp\/v2\/pages\/32\/revisions\/2206"}],"up":[{"embeddable":true,"href":"https:\/\/www.michaellaitman.com\/pt\/wp-json\/wp\/v2\/pages\/56"}],"wp:attachment":[{"href":"https:\/\/www.michaellaitman.com\/pt\/wp-json\/wp\/v2\/media?parent=32"}],"curies":[{"name":"wp","href":"https:\/\/api.w.org\/{rel}","templated":true}]}}