{"id":2160,"date":"2020-10-11T05:00:50","date_gmt":"2020-10-11T08:00:50","guid":{"rendered":"https:\/\/www.michaellaitman.com\/?page_id=2160"},"modified":"2020-10-11T05:56:18","modified_gmt":"2020-10-11T08:56:18","slug":"politica-de-privacidade","status":"publish","type":"page","link":"https:\/\/www.michaellaitman.com\/pt\/politica-de-privacidade\/","title":{"rendered":"Pol\u00edtica de Privacidade"},"content":{"rendered":"\n<h2 class=\"wp-block-heading\"><\/h2>\n\n\n\n<p>\nNossa\nPol\u00edtica de Privacidade descreve como tratamos as informa\u00e7\u00f5es\npessoais quando voc\u00ea usa nossos servi\u00e7os e sites de acordo com a\nlegisla\u00e7\u00e3o em vigor. Ao acessar este site e qualquer de suas\np\u00e1ginas, o usu\u00e1rio aceita automaticamente todas as condi\u00e7\u00f5es\ndescritas abaixo. Leia-as com aten\u00e7\u00e3o.<\/p>\n\n\n\n<p>\n<strong>Informa\u00e7\u00f5es\npessoais quando publicamente acess\u00edveis e registro da conta<\/strong><\/p>\n\n\n\n<p>\nAo\nnavegar pelos nossos sites poder\u00e1 ver (quando dispon\u00edvel): v\u00eddeos,\nconte\u00fados informativos, artigos, datas de eventos, sem necessidade\nde uma conta registrada. Ao acess\u00e1-los, voc\u00ea concorda com nossa\nPol\u00edtica de Privacidade.<\/p>\n\n\n\n<p>\nAlgumas\natividades e ou acesso a certas informa\u00e7\u00f5es s\u00e3o reservados para\nmembros, instrutores e ou alunos. Neste caso \u00e9 necess\u00e1rio ter uma\nconta cadastrada, onde ser\u00e1 solicitado o preenchimento de: dados\npessoais, incluindo entre outros: seu e-mail, nome, endere\u00e7o, etc\n&#8230; Ser\u00e1 enviada uma senha, que \u00e9 usada para proteger sua conta.\nDados adicionais podem ser solicitados quando necess\u00e1rio.<\/p>\n\n\n\n<p>\n<strong>Como\nusamos seus dados<\/strong><\/p>\n\n\n\n<p>\nQuando\nvoc\u00ea usa nossos sites ou nossas redes sociais, podemos registrar\ninforma\u00e7\u00f5es sobre o seu uso, como as \u00e1reas do site que voc\u00ea\nfrequenta: os v\u00eddeos, a frequ\u00eancia e o tamanho das transfer\u00eancias\nde dados. Se voc\u00ea estiver &#8220;logado&#8221;, podemos associar essas\ninforma\u00e7\u00f5es \u00e0 sua conta registrada.<\/p>\n\n\n\n<p>\nPodemos,\nquando aplic\u00e1vel, usar cookies, web beacons e informa\u00e7\u00f5es de\nregistro de arquivos para: (a) armazenar informa\u00e7\u00f5es de modo que\nvoc\u00ea n\u00e3o tenha que inseri-las novamente durante sua visita ou na\npr\u00f3xima vez que visitar o site; (b) fornecimento de conte\u00fado e\ninforma\u00e7\u00f5es personalizadas; (c) monitorar a efici\u00eancia de nossos\nesfor\u00e7os e (d) monitorar indicadores de m\u00e9tricas agregadas, como o\nn\u00famero total de visitantes e p\u00e1ginas visualizadas.<\/p>\n\n\n\n<p>\n<strong>Confidencialidade\ndas informa\u00e7\u00f5es do usu\u00e1rio<\/strong><\/p>\n\n\n\n<p>\nGarantimos\na seguran\u00e7a das informa\u00e7\u00f5es transmitidas a voc\u00ea por meio de\nmodernos sistemas de seguran\u00e7a. No entanto, esses sistemas est\u00e3o\nsujeitos a a\u00e7\u00f5es e falhas de terceiros que podem resultar na\nviola\u00e7\u00e3o da confidencialidade das informa\u00e7\u00f5es, pelas quais n\u00e3o\nsomos expressamente respons\u00e1veis.<\/p>\n\n\n\n<p>\nA\nobriga\u00e7\u00e3o de confidencialidade prevista nesta pol\u00edtica n\u00e3o se\naplica \u00e0s informa\u00e7\u00f5es que: (i) eram conhecidas antes de serem\nrecebidas pelo usu\u00e1rio; (ii) s\u00e3o ou cair\u00e3o no dom\u00ednio p\u00fablico\nsem culpa de nossa parte; (iii) sejam, por direito, recebidos de\nterceiros que n\u00e3o estejam sob sigilo; (iv) sejam desenvolvidos de\nforma independente, sem violar as disposi\u00e7\u00f5es desta pol\u00edtica; ou,\n(v) s\u00e3o divulgados com a aprova\u00e7\u00e3o pr\u00e9via por escrito do usu\u00e1rio.<\/p>\n\n\n\n<p>\nA\nn\u00e3o aplicabilidade desta pol\u00edtica de privacidade ser\u00e1 devido ao\ncumprimento de ordem judicial e ou administrativa.<\/p>\n\n\n\n<p>\nLinks\ninseridos em nossos sites<\/p>\n\n\n\n<p>\nNossos\nsites podem conter links com URLs que apontam para a dire\u00e7\u00e3o de\noutros sites, consulte a pol\u00edtica de privacidade de cada um.<\/p>\n\n\n\n<p>\n<strong>Garantias,\nresponsabilidades e danos<\/strong><\/p>\n\n\n\n<p>\nAs\ninforma\u00e7\u00f5es nas p\u00e1ginas deste site s\u00e3o apenas para fins\ninformativos. Sob nenhuma circunst\u00e2ncia garantimos:<\/p>\n\n\n\n<p>\na)\nPontualidade, integridade, exatid\u00e3o, qualidade, completude ou\natualiza\u00e7\u00e3o do conte\u00fado, instrumentos e materiais contidos,\nutilizados e oferecidos neste site;<\/p>\n\n\n\n<p>\nb)\nO conte\u00fado e as pol\u00edticas e pr\u00e1ticas de privacidade (i) dos sites\nque apontam para este site e (ii) daqueles cujos links s\u00e3o\nestabelecidos neste site, caso em que dever\u00e1 consultar a sua\npol\u00edtica de privacidade.<\/p>\n\n\n\n<p>\nc)\nO funcionamento ou desempenho do site;<\/p>\n\n\n\n<p>\nd)\nSeguran\u00e7a contra v\u00edrus de computador ou atos il\u00edcitos de\nterceiros.<\/p>\n\n\n\n<p>\nDa\nmesma forma, n\u00f3s por nossos diretores, funcion\u00e1rios, colaboradores\ne volunt\u00e1rios, n\u00e3o seremos respons\u00e1veis \u200b\u200bpor quaisquer danos\ndiretos ou indiretos sofridos pelos usu\u00e1rios do site por qualquer\nmotivo, inclusive os causados \u200b\u200bpor:<\/p>\n\n\n\n<p>\na)\nQuaisquer erros de conte\u00fado, falta de informa\u00e7\u00e3o, falha de\ndesempenho, imprecis\u00f5es, erros, omiss\u00f5es, interrup\u00e7\u00f5es, defeitos\nou atrasos na opera\u00e7\u00e3o ou transmiss\u00e3o, v\u00edrus de computador ou\nfalha de linha, sistema ou equipamento;<\/p>\n\n\n\n<p>\nb)\nQualquer tipo de utiliza\u00e7\u00e3o das informa\u00e7\u00f5es, instrumentos e \/ ou\nmateriais disponibilizados neste site, e \/ ou dos equipamentos\nutilizados para aceder a este site, para quaisquer fins, efetuada por\nqualquer usu\u00e1rio, sendo da exclusiva responsabilidade do usu\u00e1rio\npor eventuais les\u00f5es ou direitos de terceiros, causados \u200b\u200bpela\nutiliza\u00e7\u00e3o do conte\u00fado deste site.<\/p>\n\n\n\n<p>\nc)\nO fornecimento adequado de todos os recursos da Internet, sem\nexce\u00e7\u00e3o, \u00e9 da exclusiva responsabilidade do usu\u00e1rio deste site.<\/p>\n\n\n\n<p>\nO\nusu\u00e1rio ser\u00e1 respons\u00e1vel por danos e perdas de qualquer natureza\nque venhamos a sofrer em decorr\u00eancia do n\u00e3o cumprimento de qualquer\numa das obriga\u00e7\u00f5es a que est\u00e1 sujeito por estes termos e condi\u00e7\u00f5es\ngerais de uso.<\/p>\n\n\n\n<p>\n<strong>Direitos\nautorais e propriedade intelectual<\/strong><\/p>\n\n\n\n<p>\n\u00c9\nexpressamente proibida a reprodu\u00e7\u00e3o, modifica\u00e7\u00e3o, explora\u00e7\u00e3o\ncomercial, publica\u00e7\u00e3o e ou distribui\u00e7\u00e3o, sob qualquer forma, da\ntotalidade ou parte das informa\u00e7\u00f5es, materiais, textos, gr\u00e1ficos,\nmarcas e demais conte\u00fados deste site. Todo o conte\u00fado contido neste\nsite est\u00e1 sujeito a direitos de propriedade intelectual e n\u00e3o pode\nser reproduzido e  ou distribu\u00eddo sem a pr\u00e9via e expressa\nautoriza\u00e7\u00e3o do Bnei Baruch.<\/p>\n\n\n\n<p>\n<strong>Modifications<\/strong><\/p>\n\n\n\n<p>\nThe\ninformation and documents contained in this website may be updated or\nmodified periodically, so that any content should not be interpreted\nas definitive. We have the right to modify at any time, unilaterally\nand without prior notice: alter, suspend or cancel this internet\nservice and this privacy policy. We recommend our users to check it\nbefore each access.<\/p>\n\n\n\n<p>\n<strong>Modifica\u00e7\u00f5es<\/strong><\/p>\n\n\n\n<p>\nAs\ninforma\u00e7\u00f5es e documentos contidos neste site podem ser atualizados\nou modificados periodicamente, de forma que qualquer conte\u00fado n\u00e3o\nseja interpretado como definitivo. Temos o direito de modificar a\nqualquer momento, unilateralmente e sem aviso pr\u00e9vio: alterar,\nsuspender ou cancelar este servi\u00e7o de internet e esta pol\u00edtica de\nprivacidade. Recomendamos que nossos usu\u00e1rios verifiquem antes de\ncada acesso.<\/p>\n\n\n\n<p>\n<strong>Informa\u00e7\u00e3o\nadicional<\/strong><\/p>\n\n\n\n<p>\nSe\nprecisar de informa\u00e7\u00f5es adicionais ou perguntas que exijam\nesclarecimentos adicionais, envie um e-mail para: Bnei Baruch Tech\nSupport <a href=\"mailto:support@kbb1.com\">support@kbb1.com<\/a><\/p>\n\n\n\n<p>\n<strong>Esta\nvers\u00e3o publicada em 30 de setembro de 2020 revoga e substitui a\nvers\u00e3o anterior.<\/strong><\/p>\n\n\n\n<p><\/p>\n","protected":false},"excerpt":{"rendered":"<p>Nossa Pol\u00edtica de Privacidade descreve como tratamos as informa\u00e7\u00f5es pessoais quando voc\u00ea usa nossos servi\u00e7os e sites de acordo com a legisla\u00e7\u00e3o em vigor. Ao acessar este site e qualquer de suas p\u00e1ginas, o usu\u00e1rio aceita automaticamente todas as condi\u00e7\u00f5es<span class=\"ellipsis\">&hellip;<\/span><\/p>\n<div class=\"read-more\"><a href=\"https:\/\/www.michaellaitman.com\/pt\/politica-de-privacidade\/\">Leia mais &#8250;<\/a><\/div>\n<p><!-- end of .read-more --><\/p>\n","protected":false},"author":1,"featured_media":0,"parent":0,"menu_order":0,"comment_status":"closed","ping_status":"closed","template":"content-sidebar-page.php","meta":{"ngg_post_thumbnail":0,"footnotes":""},"class_list":["post-2160","page","type-page","status-publish","hentry"],"_links":{"self":[{"href":"https:\/\/www.michaellaitman.com\/pt\/wp-json\/wp\/v2\/pages\/2160","targetHints":{"allow":["GET"]}}],"collection":[{"href":"https:\/\/www.michaellaitman.com\/pt\/wp-json\/wp\/v2\/pages"}],"about":[{"href":"https:\/\/www.michaellaitman.com\/pt\/wp-json\/wp\/v2\/types\/page"}],"author":[{"embeddable":true,"href":"https:\/\/www.michaellaitman.com\/pt\/wp-json\/wp\/v2\/users\/1"}],"replies":[{"embeddable":true,"href":"https:\/\/www.michaellaitman.com\/pt\/wp-json\/wp\/v2\/comments?post=2160"}],"version-history":[{"count":0,"href":"https:\/\/www.michaellaitman.com\/pt\/wp-json\/wp\/v2\/pages\/2160\/revisions"}],"wp:attachment":[{"href":"https:\/\/www.michaellaitman.com\/pt\/wp-json\/wp\/v2\/media?parent=2160"}],"curies":[{"name":"wp","href":"https:\/\/api.w.org\/{rel}","templated":true}]}}