{"id":1631,"date":"2017-10-31T01:16:05","date_gmt":"2017-10-31T04:16:05","guid":{"rendered":"https:\/\/www.michaellaitman.com\/?page_id=1631"},"modified":"2025-06-08T07:32:33","modified_gmt":"2025-06-08T10:32:33","slug":"como-um-feixe-de-juncos","status":"publish","type":"page","link":"https:\/\/www.michaellaitman.com\/pt\/books\/como-um-feixe-de-juncos\/","title":{"rendered":"Como Um Feixe de Juncos"},"content":{"rendered":"<p style=\"text-align: justify\"><a href=\"http:\/\/bundleofreeds.com\/\" target=\"_blank\" rel=\"noopener noreferrer\"><img loading=\"lazy\" decoding=\"async\" class=\"alignleft\" src=\"https:\/\/www.michaellaitman.com\/pt\/wp-content\/uploads\/2025\/06\/71qOWhYzM0L._SL1360_.jpg\" alt=\"\" width=\"127\" height=\"196\"><\/a><em>Como Um Feixe de Juncos&nbsp;<\/em>&nbsp;\u00e9 um livro aprofundado de mais de 200 p\u00e1ginas por Dr. Michael Laitman que oferece introspec\u00e7\u00f5es atempadas e ferramentas pelas quais mudar a tend\u00eancia amea\u00e7adora de Antissemitismo e trazer uma perspectiva inteiramente diferente e solu\u00e7\u00e3o para este velho dem\u00f4nio.<\/p>\n<p style=\"text-align: justify\"><strong><a href=\"https:\/\/www.michaellaitman.com\/livros\/como-um-feixe-de-juncos\/\">Ler&nbsp;<\/a>|<\/strong>&nbsp;<strong><a href=\"https:\/\/drive.google.com\/open?id=0BxXpzSmVqb68TWJjcUdNYUt3ZVk\" target=\"_blank\" rel=\"noopener noreferrer\">Descarregar<\/a>&nbsp;<em>|<\/em><\/strong><strong><a href=\"https:\/\/www.amazon.com\/Como-Feixe-Juncos-Responsabilidade-Necessidade\/dp\/1508716374\">Comprar&nbsp;<\/a><\/strong><\/p>\n","protected":false},"excerpt":{"rendered":"<p>Como Um Feixe de Juncos&nbsp;&nbsp;\u00e9 um livro aprofundado de mais de 200 p\u00e1ginas por Dr. Michael Laitman que oferece introspec\u00e7\u00f5es atempadas e ferramentas pelas quais mudar a tend\u00eancia amea\u00e7adora de Antissemitismo e trazer uma perspectiva inteiramente diferente e solu\u00e7\u00e3o para<span class=\"ellipsis\">&hellip;<\/span><\/p>\n<div class=\"read-more\"><a href=\"https:\/\/www.michaellaitman.com\/pt\/books\/como-um-feixe-de-juncos\/\">Leia mais &#8250;<\/a><\/div>\n<p><!-- end of .read-more --><\/p>\n","protected":false},"author":11,"featured_media":0,"parent":40,"menu_order":0,"comment_status":"closed","ping_status":"closed","template":"sidebar-content-page.php","meta":{"ngg_post_thumbnail":0,"footnotes":""},"class_list":["post-1631","page","type-page","status-publish","hentry"],"_links":{"self":[{"href":"https:\/\/www.michaellaitman.com\/pt\/wp-json\/wp\/v2\/pages\/1631","targetHints":{"allow":["GET"]}}],"collection":[{"href":"https:\/\/www.michaellaitman.com\/pt\/wp-json\/wp\/v2\/pages"}],"about":[{"href":"https:\/\/www.michaellaitman.com\/pt\/wp-json\/wp\/v2\/types\/page"}],"author":[{"embeddable":true,"href":"https:\/\/www.michaellaitman.com\/pt\/wp-json\/wp\/v2\/users\/11"}],"replies":[{"embeddable":true,"href":"https:\/\/www.michaellaitman.com\/pt\/wp-json\/wp\/v2\/comments?post=1631"}],"version-history":[{"count":2,"href":"https:\/\/www.michaellaitman.com\/pt\/wp-json\/wp\/v2\/pages\/1631\/revisions"}],"predecessor-version":[{"id":2217,"href":"https:\/\/www.michaellaitman.com\/pt\/wp-json\/wp\/v2\/pages\/1631\/revisions\/2217"}],"up":[{"embeddable":true,"href":"https:\/\/www.michaellaitman.com\/pt\/wp-json\/wp\/v2\/pages\/40"}],"wp:attachment":[{"href":"https:\/\/www.michaellaitman.com\/pt\/wp-json\/wp\/v2\/media?parent=1631"}],"curies":[{"name":"wp","href":"https:\/\/api.w.org\/{rel}","templated":true}]}}