{"id":1630,"date":"2017-10-31T01:15:23","date_gmt":"2017-10-31T04:15:23","guid":{"rendered":"https:\/\/www.michaellaitman.com\/?page_id=1630"},"modified":"2025-06-08T07:41:01","modified_gmt":"2025-06-08T10:41:01","slug":"completando-o-circulo","status":"publish","type":"page","link":"https:\/\/www.michaellaitman.com\/pt\/books\/completando-o-circulo\/","title":{"rendered":"Completando o C\u00edrculo"},"content":{"rendered":"<p><em><img loading=\"lazy\" decoding=\"async\" class=\"alignleft\" src=\"https:\/\/www.michaellaitman.com\/pt\/wp-content\/uploads\/2025\/06\/completando-o-circulo-eb-2.jpg\" alt=\"\" width=\"193\" height=\"250\">Completando o C\u00edrculo<\/em>&nbsp;apresenta um modo comprovado de melhorar nossos benef\u00edcios das nossas conex\u00f5es. Os formatos C\u00edrculo-de-Conex\u00e3o e Mesa-Redonda provaram-se a si mesmos como bem sucedidos em solucionar conflitos aparentemente insol\u00faveis, reunindo relacionamentos quebrados e aproximando fam\u00edlias alienadas. Estas discuss\u00f5es t\u00eam tomado lugar nos EUA, Europa e Israel, com sucesso sonante. Neste livro, Dr. Laitman explica a ci\u00eancia deste m\u00e9todo bem sucedido e oferece workshops de c\u00edrculo exemplares que podemos todos implementar. Enquanto os experimentamos, descobriremos nova profundidade nas nossas conex\u00f5es sociais e ideias novas para gerir nossas vidas com sucesso.&nbsp; <strong><a href=\"https:\/\/www.michaellaitman.com\/livros\/completando-o-circulo\/\">Ler<\/a>&nbsp;|&nbsp;<a href=\"https:\/\/drive.google.com\/file\/d\/0BxXpzSmVqb68cGRsZWpRLUZWMnM\/view\">Descarregar<\/a>&nbsp;|&nbsp;<a href=\"https:\/\/www.amazon.com\/Completando-C%C3%ADrculo-Portuguese-Michael-Laitman\/dp\/1517387876\">Comprar<\/a>&nbsp;<\/strong><\/p>\n","protected":false},"excerpt":{"rendered":"<p>Completando o C\u00edrculo&nbsp;apresenta um modo comprovado de melhorar nossos benef\u00edcios das nossas conex\u00f5es. Os formatos C\u00edrculo-de-Conex\u00e3o e Mesa-Redonda provaram-se a si mesmos como bem sucedidos em solucionar conflitos aparentemente insol\u00faveis, reunindo relacionamentos quebrados e aproximando fam\u00edlias alienadas. Estas discuss\u00f5es t\u00eam<span class=\"ellipsis\">&hellip;<\/span><\/p>\n<div class=\"read-more\"><a href=\"https:\/\/www.michaellaitman.com\/pt\/books\/completando-o-circulo\/\">Leia mais &#8250;<\/a><\/div>\n<p><!-- end of .read-more --><\/p>\n","protected":false},"author":11,"featured_media":0,"parent":40,"menu_order":0,"comment_status":"closed","ping_status":"closed","template":"sidebar-content-page.php","meta":{"ngg_post_thumbnail":0,"footnotes":""},"class_list":["post-1630","page","type-page","status-publish","hentry"],"_links":{"self":[{"href":"https:\/\/www.michaellaitman.com\/pt\/wp-json\/wp\/v2\/pages\/1630","targetHints":{"allow":["GET"]}}],"collection":[{"href":"https:\/\/www.michaellaitman.com\/pt\/wp-json\/wp\/v2\/pages"}],"about":[{"href":"https:\/\/www.michaellaitman.com\/pt\/wp-json\/wp\/v2\/types\/page"}],"author":[{"embeddable":true,"href":"https:\/\/www.michaellaitman.com\/pt\/wp-json\/wp\/v2\/users\/11"}],"replies":[{"embeddable":true,"href":"https:\/\/www.michaellaitman.com\/pt\/wp-json\/wp\/v2\/comments?post=1630"}],"version-history":[{"count":7,"href":"https:\/\/www.michaellaitman.com\/pt\/wp-json\/wp\/v2\/pages\/1630\/revisions"}],"predecessor-version":[{"id":2224,"href":"https:\/\/www.michaellaitman.com\/pt\/wp-json\/wp\/v2\/pages\/1630\/revisions\/2224"}],"up":[{"embeddable":true,"href":"https:\/\/www.michaellaitman.com\/pt\/wp-json\/wp\/v2\/pages\/40"}],"wp:attachment":[{"href":"https:\/\/www.michaellaitman.com\/pt\/wp-json\/wp\/v2\/media?parent=1630"}],"curies":[{"name":"wp","href":"https:\/\/api.w.org\/{rel}","templated":true}]}}