{"id":138,"date":"2012-09-26T08:04:27","date_gmt":"2012-09-26T08:04:27","guid":{"rendered":"http:\/\/dev.michaellaitman.kbb1.com\/?page_id=138"},"modified":"2012-12-20T13:27:20","modified_gmt":"2012-12-20T13:27:20","slug":"what-is-integral-education","status":"publish","type":"page","link":"https:\/\/www.michaellaitman.com\/pt\/integral-education-page\/what-is-integral-education\/","title":{"rendered":"O que \u00e9 Educa\u00e7\u00e3o Integral"},"content":{"rendered":"<p>O mundo em que vivemos \u00e9 um sistema vasto e maravilhoso, e intrincado. Cada parte \u00e9 ligada e dependente, todas as outras partes. Por muitas d\u00e9cadas, essa complexidade foi escondido de n\u00f3s. N\u00f3s vemos o mundo como um conjunto de elementos n\u00e3o necessariamente ligados uns aos outros, e certamente n\u00e3o t\u00e3o interdependentes como estamos descobrindo agora.<\/p>\n<p>Dentro dos sistemas de ensino, a percep\u00e7\u00e3o da realidade como elementos separados, divididos em t\u00f3picos distintos ainda \u00e9 o paradigma predominante. A vista, novo integrante, se relaciona com o mundo como um sistema interligado. Esta percep\u00e7\u00e3o \u00e9 a base da educa\u00e7\u00e3o integral e, portanto, define uma nova abordagem integrada ao ensino. Ao fazer isso, ele anuncia a abertura os alunos em uma percep\u00e7\u00e3o integrada da realidade, alinhando-os com a realidade integrada de hoje. No m\u00e9todo de educa\u00e7\u00e3o integral, o aluno n\u00e3o aprende t\u00f3picos separados de forma &#8220;linear&#8221;. Em vez disso, cada t\u00f3pico \u00e9 apresentado a partir da perspectiva de &#8220;circular&#8221;, ilustrando sua conex\u00e3o com todos os outros t\u00f3picos.<\/p>\n<hr \/>\n<p>A educa\u00e7\u00e3o integral \u00e9 baseado no aproveitamento de todos os canais de m\u00eddia para desenvolver o homem, para lhe mostrar o correto desenvolvimento humano, o desenvolvimento do homem, o desenvolvimento da sociedade, quanto mais redondo este processo se tornou.<\/p>\n<ul class=\"nav nav-tabs\">\n<li><a class=\"cu-icon-play\" href=\"#video\">Assista ao v\u00eddeo<\/a><\/li>\n<li><a class=\"cu-icon-listen\" href=\"#listen\">Ou\u00e7a o \u00e1udio<\/a><\/li>\n<\/ul>\n<div class=\"tab-content\">\n<div class=\"tab-pane fade\"><\/div>\n<div class=\"tab-pane fade\">\n<audio class=\"wp-audio-shortcode\" id=\"audio-138-1\" preload=\"none\" style=\"width: 100%;\" controls=\"controls\"><source type=\"audio\/mpeg\" src=\"http:\/\/files.kabbalahmedia.info\/audio\/eng_t_rav_2012-08-05_program_haim-hadashim_n49.mp3?_=1\" \/><a href=\"http:\/\/files.kabbalahmedia.info\/audio\/eng_t_rav_2012-08-05_program_haim-hadashim_n49.mp3\">http:\/\/files.kabbalahmedia.info\/audio\/eng_t_rav_2012-08-05_program_haim-hadashim_n49.mp3<\/a><\/audio>\n<\/div>\n<\/div>\n","protected":false},"excerpt":{"rendered":"<p>O mundo em que vivemos \u00e9 um sistema vasto e maravilhoso, e intrincado. Cada parte \u00e9 ligada e dependente, todas as outras partes. Por muitas d\u00e9cadas, essa complexidade foi escondido de n\u00f3s. N\u00f3s vemos o mundo como um conjunto de<span class=\"ellipsis\">&hellip;<\/span><\/p>\n<div class=\"read-more\"><a href=\"https:\/\/www.michaellaitman.com\/pt\/integral-education-page\/what-is-integral-education\/\">Leia mais &#8250;<\/a><\/div>\n<p><!-- end of .read-more --><\/p>\n","protected":false},"author":1,"featured_media":0,"parent":64,"menu_order":0,"comment_status":"open","ping_status":"open","template":"sidebar-content-page.php","meta":{"ngg_post_thumbnail":0,"footnotes":""},"class_list":["post-138","page","type-page","status-publish","hentry"],"_links":{"self":[{"href":"https:\/\/www.michaellaitman.com\/pt\/wp-json\/wp\/v2\/pages\/138","targetHints":{"allow":["GET"]}}],"collection":[{"href":"https:\/\/www.michaellaitman.com\/pt\/wp-json\/wp\/v2\/pages"}],"about":[{"href":"https:\/\/www.michaellaitman.com\/pt\/wp-json\/wp\/v2\/types\/page"}],"author":[{"embeddable":true,"href":"https:\/\/www.michaellaitman.com\/pt\/wp-json\/wp\/v2\/users\/1"}],"replies":[{"embeddable":true,"href":"https:\/\/www.michaellaitman.com\/pt\/wp-json\/wp\/v2\/comments?post=138"}],"version-history":[{"count":1,"href":"https:\/\/www.michaellaitman.com\/pt\/wp-json\/wp\/v2\/pages\/138\/revisions"}],"predecessor-version":[{"id":238,"href":"https:\/\/www.michaellaitman.com\/pt\/wp-json\/wp\/v2\/pages\/138\/revisions\/238"}],"up":[{"embeddable":true,"href":"https:\/\/www.michaellaitman.com\/pt\/wp-json\/wp\/v2\/pages\/64"}],"wp:attachment":[{"href":"https:\/\/www.michaellaitman.com\/pt\/wp-json\/wp\/v2\/media?parent=138"}],"curies":[{"name":"wp","href":"https:\/\/api.w.org\/{rel}","templated":true}]}}