{"id":123,"date":"2012-09-25T16:06:34","date_gmt":"2012-09-25T16:06:34","guid":{"rendered":"http:\/\/dev.michaellaitman.kbb1.com\/?page_id=123"},"modified":"2017-11-14T09:29:33","modified_gmt":"2017-11-14T12:29:33","slug":"the-psychology-of-the-integral-society","status":"publish","type":"page","link":"https:\/\/www.michaellaitman.com\/pt\/books\/the-psychology-of-the-integral-society\/","title":{"rendered":"A Psicologia da Sociedade Integral"},"content":{"rendered":"<p><img loading=\"lazy\" decoding=\"async\" class=\"alignleft\" src=\"https:\/\/cdn3.volusion.com\/9nc97.u3pjy\/v\/vspfiles\/photos\/Psicologia-da-Sociedade-eb-2.jpg?1362774536\" width=\"169\" height=\"258\"><\/p>\n<p>A Psicologia da Sociedade Integral apresenta uma abordagem revolucion\u00e1ria para a educa\u00e7\u00e3o. Em um mundo interconectado e interdependente, ensinar as crian\u00e7as a competir com seus pares \u00e9 t\u00e3o \u201cs\u00e1bio\u201d como ensinar uma m\u00e3o esquerda a enganar seus pares, a m\u00e3o direita. Uma sociedade integrante \u00e9 aquela em que todos os componentes contribuem para o bem-estar e sucesso da sociedade. A sociedade, por sua vez, \u00e9 respons\u00e1vel e se preocupa com o bem-estar e sucesso dos seus elementos, formando assim co-depend\u00eancia. Em um mundo globalizado e integrado, esta \u00e9 a \u00fanica forma sensata e sustent\u00e1vel de viver.<\/p>\n<p>Neste livro, uma s\u00e9rie de di\u00e1logos entre os professores Michael Laitman e Ulianov Anatoly lan\u00e7am luz sobre os princ\u00edpios de uma abordagem de abrir os olhos para a educa\u00e7\u00e3o. Aus\u00eancia de concorr\u00eancia, atrav\u00e9s da cria\u00e7\u00e3o de ambiente social, a igualdade de pares, premiando os doadores, e maquiagem din\u00e2mica de grupo e instrutores s\u00e3o apenas alguns dos novos conceitos introduzidos neste livro obrigat\u00f3rio deve ter para todos que desejam se tornar melhores pais, professores melhores, e pessoas tornarem-sse melhores na sociedade integrada do s\u00e9culo 21.<\/p>\n<p>&nbsp;<a href=\"https:\/\/www.michaellaitman.com\/artigos\/a-psicologia-da-sociedade-integral\/\">Ler<\/a> |&nbsp;<a href=\"https:\/\/www.kabbalahbooks.info\/A-Psicologia-da-Sociedade-Integral-Portuguese-p\">Comprar<\/a><\/p>\n<p>&nbsp;<\/p>\n<p>&nbsp;<\/p>\n","protected":false},"excerpt":{"rendered":"<p>A Psicologia da Sociedade Integral apresenta uma abordagem revolucion\u00e1ria para a educa\u00e7\u00e3o. Em um mundo interconectado e interdependente, ensinar as crian\u00e7as a competir com seus pares \u00e9 t\u00e3o \u201cs\u00e1bio\u201d como ensinar uma m\u00e3o esquerda a enganar seus pares, a m\u00e3o<span class=\"ellipsis\">&hellip;<\/span><\/p>\n<div class=\"read-more\"><a href=\"https:\/\/www.michaellaitman.com\/pt\/books\/the-psychology-of-the-integral-society\/\">Leia mais &#8250;<\/a><\/div>\n<p><!-- end of .read-more --><\/p>\n","protected":false},"author":1,"featured_media":7,"parent":40,"menu_order":4,"comment_status":"open","ping_status":"open","template":"sidebar-content-page.php","meta":{"ngg_post_thumbnail":0,"footnotes":""},"class_list":["post-123","page","type-page","status-publish","has-post-thumbnail","hentry"],"_links":{"self":[{"href":"https:\/\/www.michaellaitman.com\/pt\/wp-json\/wp\/v2\/pages\/123","targetHints":{"allow":["GET"]}}],"collection":[{"href":"https:\/\/www.michaellaitman.com\/pt\/wp-json\/wp\/v2\/pages"}],"about":[{"href":"https:\/\/www.michaellaitman.com\/pt\/wp-json\/wp\/v2\/types\/page"}],"author":[{"embeddable":true,"href":"https:\/\/www.michaellaitman.com\/pt\/wp-json\/wp\/v2\/users\/1"}],"replies":[{"embeddable":true,"href":"https:\/\/www.michaellaitman.com\/pt\/wp-json\/wp\/v2\/comments?post=123"}],"version-history":[{"count":0,"href":"https:\/\/www.michaellaitman.com\/pt\/wp-json\/wp\/v2\/pages\/123\/revisions"}],"up":[{"embeddable":true,"href":"https:\/\/www.michaellaitman.com\/pt\/wp-json\/wp\/v2\/pages\/40"}],"wp:featuredmedia":[{"embeddable":true,"href":"https:\/\/www.michaellaitman.com\/pt\/wp-json\/wp\/v2\/media\/7"}],"wp:attachment":[{"href":"https:\/\/www.michaellaitman.com\/pt\/wp-json\/wp\/v2\/media?parent=123"}],"curies":[{"name":"wp","href":"https:\/\/api.w.org\/{rel}","templated":true}]}}