{"id":115,"date":"2012-09-25T15:32:53","date_gmt":"2012-09-25T15:32:53","guid":{"rendered":"http:\/\/dev.michaellaitman.kbb1.com\/?page_id=115"},"modified":"2017-11-17T10:02:51","modified_gmt":"2017-11-17T13:02:51","slug":"children-of-tomorrow","status":"publish","type":"page","link":"https:\/\/www.michaellaitman.com\/pt\/books\/children-of-tomorrow\/","title":{"rendered":"Crian\u00e7as do Amanh\u00e3"},"content":{"rendered":"<p style=\"text-align: justify\"><img loading=\"lazy\" decoding=\"async\" class=\"alignleft wp-image-1747\" src=\"https:\/\/www.michaellaitman.com\/wp-content\/uploads\/2012\/09\/Criancas-do-Amanha-eb-2-1.jpg\" alt=\"\" width=\"175\" height=\"254\" srcset=\"https:\/\/www.michaellaitman.com\/pt\/wp-content\/uploads\/2012\/09\/Criancas-do-Amanha-eb-2-1.jpg 345w, https:\/\/www.michaellaitman.com\/pt\/wp-content\/uploads\/2012\/09\/Criancas-do-Amanha-eb-2-1-207x300.jpg 207w\" sizes=\"auto, (max-width: 175px) 100vw, 175px\" \/><em>Crian\u00e7as do Amanh\u00e3: Diretrizes para Educar Crian\u00e7as Felizes<\/em>&nbsp;no s\u00e9culo 21 \u00e9 um novo come\u00e7o para voc\u00ea e seus filhos. Imagine ser capaz de bater o bot\u00e3o de reiniciar e acertar desta vez. Sem complica\u00e7\u00f5es, sem estresse, e o melhor de tudo &#8211; sem adivinha\u00e7\u00e3o.<\/p>\n<p style=\"text-align: justify\">A grande revela\u00e7\u00e3o \u00e9 que criar filhos \u00e9 tudo sobre jogos e brincadeiras, relacionando-se a eles como adultos pequenos, e fazendo todas as principais decis\u00f5es em conjunto. Voc\u00ea vai surpreender-se ao descobrir como ensinar as crian\u00e7as sobre coisas positivas como a amizade e cuidar dos outros automaticamente transborda em outras \u00e1reas de nossa vida durante o dia.<\/p>\n<p style=\"text-align: justify\">Abra qualquer p\u00e1gina e voc\u00ea vai encontrar instigantes cita\u00e7\u00f5es sobre todos os aspectos da vida das crian\u00e7as: rela\u00e7\u00f5es pais e filhos, amizades e conflitos, e uma imagem clara de como as escolas devem ser concebidas e como devem funcionar . Este livro oferece uma nova perspectiva sobre como educar nossos filhos, com o objetivo de ser a felicidade de todas as crian\u00e7as em toda parte.<\/p>\n<p style=\"text-align: justify\"><a href=\"https:\/\/www.michaellaitman.com\/artigos\/criancas-do-amanha\/\">Ler<\/a> |&nbsp;<a href=\"https:\/\/www.amazon.com\/Crian%C3%A7as-do-Amanh%C3%A3-Michael-Laitman\/dp\/1511537523\">Comprar<\/a><\/p>\n","protected":false},"excerpt":{"rendered":"<p>Crian\u00e7as do Amanh\u00e3: Diretrizes para Educar Crian\u00e7as Felizes&nbsp;no s\u00e9culo 21 \u00e9 um novo come\u00e7o para voc\u00ea e seus filhos. Imagine ser capaz de bater o bot\u00e3o de reiniciar e acertar desta vez. Sem complica\u00e7\u00f5es, sem estresse, e o melhor de<span class=\"ellipsis\">&hellip;<\/span><\/p>\n<div class=\"read-more\"><a href=\"https:\/\/www.michaellaitman.com\/pt\/books\/children-of-tomorrow\/\">Leia mais &#8250;<\/a><\/div>\n<p><!-- end of .read-more --><\/p>\n","protected":false},"author":1,"featured_media":7,"parent":40,"menu_order":3,"comment_status":"open","ping_status":"open","template":"sidebar-content-page.php","meta":{"ngg_post_thumbnail":0,"footnotes":""},"class_list":["post-115","page","type-page","status-publish","has-post-thumbnail","hentry"],"_links":{"self":[{"href":"https:\/\/www.michaellaitman.com\/pt\/wp-json\/wp\/v2\/pages\/115","targetHints":{"allow":["GET"]}}],"collection":[{"href":"https:\/\/www.michaellaitman.com\/pt\/wp-json\/wp\/v2\/pages"}],"about":[{"href":"https:\/\/www.michaellaitman.com\/pt\/wp-json\/wp\/v2\/types\/page"}],"author":[{"embeddable":true,"href":"https:\/\/www.michaellaitman.com\/pt\/wp-json\/wp\/v2\/users\/1"}],"replies":[{"embeddable":true,"href":"https:\/\/www.michaellaitman.com\/pt\/wp-json\/wp\/v2\/comments?post=115"}],"version-history":[{"count":1,"href":"https:\/\/www.michaellaitman.com\/pt\/wp-json\/wp\/v2\/pages\/115\/revisions"}],"predecessor-version":[{"id":350,"href":"https:\/\/www.michaellaitman.com\/pt\/wp-json\/wp\/v2\/pages\/115\/revisions\/350"}],"up":[{"embeddable":true,"href":"https:\/\/www.michaellaitman.com\/pt\/wp-json\/wp\/v2\/pages\/40"}],"wp:featuredmedia":[{"embeddable":true,"href":"https:\/\/www.michaellaitman.com\/pt\/wp-json\/wp\/v2\/media\/7"}],"wp:attachment":[{"href":"https:\/\/www.michaellaitman.com\/pt\/wp-json\/wp\/v2\/media?parent=115"}],"curies":[{"name":"wp","href":"https:\/\/api.w.org\/{rel}","templated":true}]}}