{"id":11,"date":"2012-09-19T11:29:42","date_gmt":"2012-09-19T11:29:42","guid":{"rendered":"http:\/\/dev.michaellaitman.kbb1.com\/?page_id=11"},"modified":"2015-04-03T20:06:21","modified_gmt":"2015-04-03T23:06:21","slug":"education-provider","status":"publish","type":"page","link":"https:\/\/www.michaellaitman.com\/pt\/person\/education-provider\/","title":{"rendered":"Educador"},"content":{"rendered":"<div id=\"attachment_130\" style=\"width: 310px\" class=\"wp-caption alignnone\"><a href=\"https:\/\/www.michaellaitman.com\/wp-content\/uploads\/2012\/09\/IMG_8985.jpg\"><img loading=\"lazy\" decoding=\"async\" aria-describedby=\"caption-attachment-130\" class=\"size-medium wp-image-130\" src=\"https:\/\/www.michaellaitman.com\/wp-content\/uploads\/2012\/09\/IMG_8985-300x199.jpg\" alt=\"Key-note Speaker at Florida International University (FIU), Miami, Florida.\" width=\"300\" height=\"199\" srcset=\"https:\/\/www.michaellaitman.com\/pt\/wp-content\/uploads\/2012\/09\/IMG_8985-300x199.jpg 300w, https:\/\/www.michaellaitman.com\/pt\/wp-content\/uploads\/2012\/09\/IMG_8985.jpg 500w\" sizes=\"auto, (max-width: 300px) 100vw, 300px\" \/><\/a><p id=\"caption-attachment-130\" class=\"wp-caption-text\">Key-note Speaker at Florida International University (FIU), Miami, Florida.<\/p><\/div>\n<p>Dr. Laitman \u00e9 o presidente do Instituto ARI, um oganization sem fins lucrativos dedicada a melhorar a humanidade por meio de pesquisa e educa\u00e7\u00e3o, com filiais em todo o mundo.<\/p>\n<p>Michael Laitman fornece orienta\u00e7\u00f5es espec\u00edficas ou de vida no mundo cada vez mais interconectado de hoje. Sua nova perspectiva para enfrentar os desafios do s\u00e9culo 21 toca todos os aspectos da vida humana: social, econ\u00f4mico e ambiental, com uma \u00eanfase particular na educa\u00e7\u00e3o. Ele desenvolveu um m\u00e9todo de educa\u00e7\u00e3o global novo abrangendo princ\u00edpios, aplica\u00e7\u00f5es e valores universais para a cria\u00e7\u00e3o de uma sociedade coesa em nosso mundo emergente, fortemente interdependentes.<\/p>\n","protected":false},"excerpt":{"rendered":"<p>Dr. Laitman \u00e9 o presidente do Instituto ARI, um oganization sem fins lucrativos dedicada a melhorar a humanidade por meio de pesquisa e educa\u00e7\u00e3o, com filiais em todo o mundo. Michael Laitman fornece orienta\u00e7\u00f5es espec\u00edficas ou de vida no mundo<span class=\"ellipsis\">&hellip;<\/span><\/p>\n<div class=\"read-more\"><a href=\"https:\/\/www.michaellaitman.com\/pt\/person\/education-provider\/\">Leia mais &#8250;<\/a><\/div>\n<p><!-- end of .read-more --><\/p>\n","protected":false},"author":1,"featured_media":0,"parent":56,"menu_order":3,"comment_status":"open","ping_status":"open","template":"sidebar-content-page.php","meta":{"ngg_post_thumbnail":0,"footnotes":""},"class_list":["post-11","page","type-page","status-publish","hentry"],"_links":{"self":[{"href":"https:\/\/www.michaellaitman.com\/pt\/wp-json\/wp\/v2\/pages\/11","targetHints":{"allow":["GET"]}}],"collection":[{"href":"https:\/\/www.michaellaitman.com\/pt\/wp-json\/wp\/v2\/pages"}],"about":[{"href":"https:\/\/www.michaellaitman.com\/pt\/wp-json\/wp\/v2\/types\/page"}],"author":[{"embeddable":true,"href":"https:\/\/www.michaellaitman.com\/pt\/wp-json\/wp\/v2\/users\/1"}],"replies":[{"embeddable":true,"href":"https:\/\/www.michaellaitman.com\/pt\/wp-json\/wp\/v2\/comments?post=11"}],"version-history":[{"count":0,"href":"https:\/\/www.michaellaitman.com\/pt\/wp-json\/wp\/v2\/pages\/11\/revisions"}],"up":[{"embeddable":true,"href":"https:\/\/www.michaellaitman.com\/pt\/wp-json\/wp\/v2\/pages\/56"}],"wp:attachment":[{"href":"https:\/\/www.michaellaitman.com\/pt\/wp-json\/wp\/v2\/media?parent=11"}],"curies":[{"name":"wp","href":"https:\/\/api.w.org\/{rel}","templated":true}]}}