{"id":105,"date":"2012-09-25T12:29:33","date_gmt":"2012-09-25T12:29:33","guid":{"rendered":"http:\/\/dev.michaellaitman.kbb1.com\/?page_id=105"},"modified":"2016-07-31T16:27:39","modified_gmt":"2016-07-31T19:27:39","slug":"about","status":"publish","type":"page","link":"https:\/\/www.michaellaitman.com\/pt\/about\/","title":{"rendered":"Michael Laitman, PhD"},"content":{"rendered":"<p style=\"text-align: justify\" align=\"center\"><strong><a href=\"https:\/\/www.michaellaitman.com\/about\/img_3070_abrener-2\/\" rel=\"attachment wp-att-110\"><img loading=\"lazy\" decoding=\"async\" class=\"size-full wp-image-110\" src=\"https:\/\/www.michaellaitman.com\/wp-content\/uploads\/2012\/09\/IMG_3070_abrener1.jpg\" alt=\"\" width=\"232\" height=\"224\" \/><\/a><\/strong><\/p>\n<p style=\"text-align: justify\" align=\"center\"><strong>Michael Laitman \u00e9 professor de Ontologia e Teoria do Conhecimento, PhD em Filosofia e Cabal\u00e1, e Mestrado em Medicina Bio-Cibern\u00e9tica.<br \/>\n<\/strong><\/p>\n<p style=\"text-align: justify\"><strong>Ele \u00e9 fundador e presidente do Instituto ARI e Bnei Baruch &#8211; Kabbalah, Educa\u00e7\u00e3o e Instituto de Pesquisa.<\/strong><\/p>\n<p style=\"text-align: justify\">Em seu site, <a href=\"http:\/\/www.kab.info\/\" target=\"_blank\">www.kab.info<\/a>, ele ensina ao vivo e de gra\u00e7a, li\u00e7\u00f5es di\u00e1rias para um p\u00fablico de aproximadamente dois milh\u00f5es de pessoas em todo o mundo, simultaneamente transmitido e interpretado em oito l\u00ednguas: Ingl\u00eas, espanhol, hebraico, italiano, russo, franc\u00eas, turco e alem\u00e3o.<\/p>\n<p style=\"text-align: justify\">Dr. Laitman recebeu seu PhD em Filosofia e Cabal\u00e1, do Instituto de Filosofia de Moscou da Academia de Ci\u00eancias da R\u00fassia, e seu Mestrado em Medicina Bio-Cibern\u00e9tica de St. Petersburg State Polytechnic University. Sua vasta experi\u00eancia docente levou a receber o t\u00edtulo de Professor em Ontologia e Teoria do Conhecimento, concedido pelo Certificado da Mais Alta Comiss\u00e3o Acad\u00eamica Interdisciplinar da Federa\u00e7\u00e3o Russa.<\/p>\n<p style=\"text-align: justify\">At\u00e9 \u00e0 data, Laitman j\u00e1 publicou mais de 40 livros, traduzidos em 17 l\u00ednguas. Publica\u00e7\u00f5es not\u00e1veis s\u00e3o os seguintes:<\/p>\n<ul style=\"font-size: 15px;padding-left: 10px;text-align: justify\">\n<li>Um Guia para o Novo Mundo: por garantia m\u00fatua \u00e9 a chave para a nossa recupera\u00e7\u00e3o da crise global, de que a revista pref\u00e1cio, escreveu: &#8220;N\u00e3o pode haver d\u00favida de que o livro \u00e9 provocador e refrescante na sua abordagem \u00e0 visualiza\u00e7\u00e3o da globaliza\u00e7\u00e3o como uma for\u00e7a potencial para o positivo bom &#8220;.<\/li>\n<li>O auto-interesse versus Altru\u00edsmo na Era Global: como a sociedade pode se transformar auto-interesses em benef\u00edcio m\u00fatuo, que Midwest Book Review elogiou com as seguintes palavras: &#8220;Afirmando que futuro da sociedade depende da coopera\u00e7\u00e3o das pessoas para trabalhar em conjunto com a sociedade, afirmando que muito da degrada\u00e7\u00e3o da sociedade nas \u00faltimas d\u00e9cadas tem sido o resultado do narcisismo e da gan\u00e2ncia, Interesse Pessoal versus Altru\u00edsmo \u00e9 uma leitura curiosa e recomendada.&#8221;<\/li>\n<li>A Psicologia da Sociedade Integral, tamb\u00e9m recomendado pela Revista pref\u00e1cio: &#8220;O que est\u00e1 expresso em A Psicologia da Sociedade Integral deve levar as pessoas a pensar.&#8221;<\/li>\n<\/ul>\n<p style=\"text-align: justify\">Dr. Laitman colabora estreitamente com numerosos institutos de pesquisa internacionais. Ele foi convidado a participar do Mundial de Sabedoria Conselho (WWC), um think-tank convocada pelo Clube de Budapeste e liderado pelo professor Ervin Laszlo, um Nobel candidato Prize em 2004 e 2005. Outras personalidades not\u00e1veis no WWC s\u00e3o o ex-presidente da Uni\u00e3o Sovi\u00e9tica, Michael Gorbachev, vencedor do Pr\u00eamio Nobel primatologista Jane Goodall, e compositor de renome e int\u00e9rprete, Peter Gabriel.<\/p>\n<p style=\"text-align: justify\">Nos \u00faltimos anos, tem participado em v\u00e1rios eventos internacionais com a WWC eo Goi Peace Foundation, em T\u00f3quio, Arosa (Su\u00ed\u00e7a), D\u00fcsseldorf (Alemanha), e do F\u00f3rum Universal das Culturas em Monterrey (M\u00e9xico), organizado com o apoio da UNESCO . O objetivo em todos estes eventos foi envolver-se em um di\u00e1logo produtivo sobre a crise global, e de iniciar uma mudan\u00e7a positiva na conscientiza\u00e7\u00e3o global. Como parte de seus esfor\u00e7os, ele se re\u00fane regularmente com os l\u00edderes mundiais, como a Sra. Irina Bokova, Diretora Geral da UNESCO que o chamou de &#8220;verdadeiro vision\u00e1rio&#8221;, e vice-secret\u00e1rio geral das Na\u00e7\u00f5es Unidas, Asha-Rose Migiro.<\/p>\n<p style=\"text-align: justify\">Artigos Laitman e entrevistas do Dr. Laitman apareceram em sa\u00eddas importantes de m\u00eddia, como TV Bloomberg, Fox News (R\u00e1dio), Chicago Tribune, Il Corriere della Sera, e The Miami Herald.<\/p>\n<p style=\"text-align: justify\">Ele \u00e9 casado, pai de tr\u00eas filhos e av\u00f4 de quatro.<\/p>\n","protected":false},"excerpt":{"rendered":"<p>Michael Laitman \u00e9 professor de Ontologia e Teoria do Conhecimento, PhD em Filosofia e Cabal\u00e1, e Mestrado em Medicina Bio-Cibern\u00e9tica. Ele \u00e9 fundador e presidente do Instituto ARI e Bnei Baruch &#8211; Kabbalah, Educa\u00e7\u00e3o e Instituto de Pesquisa. Em seu<span class=\"ellipsis\">&hellip;<\/span><\/p>\n<div class=\"read-more\"><a href=\"https:\/\/www.michaellaitman.com\/pt\/about\/\">Leia mais &#8250;<\/a><\/div>\n<p><!-- end of .read-more --><\/p>\n","protected":false},"author":1,"featured_media":0,"parent":0,"menu_order":0,"comment_status":"open","ping_status":"open","template":"","meta":{"ngg_post_thumbnail":0,"footnotes":""},"class_list":["post-105","page","type-page","status-publish","hentry"],"_links":{"self":[{"href":"https:\/\/www.michaellaitman.com\/pt\/wp-json\/wp\/v2\/pages\/105","targetHints":{"allow":["GET"]}}],"collection":[{"href":"https:\/\/www.michaellaitman.com\/pt\/wp-json\/wp\/v2\/pages"}],"about":[{"href":"https:\/\/www.michaellaitman.com\/pt\/wp-json\/wp\/v2\/types\/page"}],"author":[{"embeddable":true,"href":"https:\/\/www.michaellaitman.com\/pt\/wp-json\/wp\/v2\/users\/1"}],"replies":[{"embeddable":true,"href":"https:\/\/www.michaellaitman.com\/pt\/wp-json\/wp\/v2\/comments?post=105"}],"version-history":[{"count":1,"href":"https:\/\/www.michaellaitman.com\/pt\/wp-json\/wp\/v2\/pages\/105\/revisions"}],"predecessor-version":[{"id":446,"href":"https:\/\/www.michaellaitman.com\/pt\/wp-json\/wp\/v2\/pages\/105\/revisions\/446"}],"wp:attachment":[{"href":"https:\/\/www.michaellaitman.com\/pt\/wp-json\/wp\/v2\/media?parent=105"}],"curies":[{"name":"wp","href":"https:\/\/api.w.org\/{rel}","templated":true}]}}