{"id":1042,"date":"2016-01-14T09:43:47","date_gmt":"2016-01-14T12:43:47","guid":{"rendered":"https:\/\/www.michaellaitman.com\/?page_id=1042"},"modified":"2025-06-08T07:24:33","modified_gmt":"2025-06-08T10:24:33","slug":"conectados-pela-lei-da-natureza","status":"publish","type":"page","link":"https:\/\/www.michaellaitman.com\/pt\/books\/conectados-pela-lei-da-natureza\/","title":{"rendered":"Conectados Pela Lei Da Natureza"},"content":{"rendered":"<p style=\"text-align: justify\"><em>Conectados pela Lei da Natureza<\/em> \u00e9 um livro inovador sobre a consci\u00eancia social. Apresentando um quadro abrangente da realidade e o processo que a humanidade est\u00e1 passando, o livro oferece ferramentas para utilizar nas grandes mudan\u00e7as pessoais e sociais pelas quais estamos passando para o nosso benef\u00edcio.<\/p>\n<p style=\"text-align: justify\">O livro sugere um &#8220;programa de sa\u00fade para a humanidade&#8221; atrav\u00e9s da solidifica\u00e7\u00e3o dos la\u00e7os entre n\u00f3s em todos os n\u00edveis, fam\u00edlia, comunidade, nacional e internacional. Quanto mais r\u00e1pido implementemos o programa, mais r\u00e1pido nos encontraremos desfrutando uma vida tranquila, feliz e significativa.<\/p>\n<p style=\"text-align: justify\"><a href=\"https:\/\/www.michaellaitman.com\/artigos\/conectados-pela-lei-da-natureza\/\">Ler<\/a> |&nbsp;<a href=\"https:\/\/www.amazon.com\/Conectados-pela-Natureza-Michael-Laitman\/dp\/1511535407\">Comprar<\/a><\/p>\n<p>&nbsp;<\/p>\n","protected":false},"excerpt":{"rendered":"<p>Conectados pela Lei da Natureza \u00e9 um livro inovador sobre a consci\u00eancia social. Apresentando um quadro abrangente da realidade e o processo que a humanidade est\u00e1 passando, o livro oferece ferramentas para utilizar nas grandes mudan\u00e7as pessoais e sociais pelas<span class=\"ellipsis\">&hellip;<\/span><\/p>\n<div class=\"read-more\"><a href=\"https:\/\/www.michaellaitman.com\/pt\/books\/conectados-pela-lei-da-natureza\/\">Leia mais &#8250;<\/a><\/div>\n<p><!-- end of .read-more --><\/p>\n","protected":false},"author":11,"featured_media":2209,"parent":40,"menu_order":0,"comment_status":"open","ping_status":"open","template":"sidebar-content-page.php","meta":{"ngg_post_thumbnail":0,"footnotes":""},"class_list":["post-1042","page","type-page","status-publish","has-post-thumbnail","hentry"],"_links":{"self":[{"href":"https:\/\/www.michaellaitman.com\/pt\/wp-json\/wp\/v2\/pages\/1042","targetHints":{"allow":["GET"]}}],"collection":[{"href":"https:\/\/www.michaellaitman.com\/pt\/wp-json\/wp\/v2\/pages"}],"about":[{"href":"https:\/\/www.michaellaitman.com\/pt\/wp-json\/wp\/v2\/types\/page"}],"author":[{"embeddable":true,"href":"https:\/\/www.michaellaitman.com\/pt\/wp-json\/wp\/v2\/users\/11"}],"replies":[{"embeddable":true,"href":"https:\/\/www.michaellaitman.com\/pt\/wp-json\/wp\/v2\/comments?post=1042"}],"version-history":[{"count":2,"href":"https:\/\/www.michaellaitman.com\/pt\/wp-json\/wp\/v2\/pages\/1042\/revisions"}],"predecessor-version":[{"id":2212,"href":"https:\/\/www.michaellaitman.com\/pt\/wp-json\/wp\/v2\/pages\/1042\/revisions\/2212"}],"up":[{"embeddable":true,"href":"https:\/\/www.michaellaitman.com\/pt\/wp-json\/wp\/v2\/pages\/40"}],"wp:featuredmedia":[{"embeddable":true,"href":"https:\/\/www.michaellaitman.com\/pt\/wp-json\/wp\/v2\/media\/2209"}],"wp:attachment":[{"href":"https:\/\/www.michaellaitman.com\/pt\/wp-json\/wp\/v2\/media?parent=1042"}],"curies":[{"name":"wp","href":"https:\/\/api.w.org\/{rel}","templated":true}]}}