{"id":1041,"date":"2016-01-14T09:39:27","date_gmt":"2016-01-14T12:39:27","guid":{"rendered":"https:\/\/www.michaellaitman.com\/?page_id=1041"},"modified":"2025-06-08T07:21:07","modified_gmt":"2025-06-08T10:21:07","slug":"os-beneficios-da-nova-economia","status":"publish","type":"page","link":"https:\/\/www.michaellaitman.com\/pt\/books\/os-beneficios-da-nova-economia\/","title":{"rendered":"Os Benef\u00edcios Da Nova Economia"},"content":{"rendered":"<p style=\"text-align: justify\"><img loading=\"lazy\" decoding=\"async\" class=\"alignleft\" src=\"https:\/\/www.michaellaitman.com\/pt\/wp-content\/uploads\/2025\/06\/benefits-of-new-economy-pt-eb-2T.jpg\" alt=\"\" width=\"193\" height=\"250\">Voc\u00ea alguma vez se questionou por qu\u00ea, com todos os esfor\u00e7os dos melhores economistas no mundo, a crise econ\u00f4mica se recusa a esvaecer? A resposta para essa pergunta reside connosco, todos n\u00f3s. A economia \u00e9 um reflexo de nossos relacionamentos. Atrav\u00e9s de desenvolvimento natural, o mundo se tornou uma aldeia global integrada onde todos s\u00e3o interdependentes.<\/p>\n<p style=\"text-align: justify\">Interdepend\u00eancia e &#8220;globaliza\u00e7\u00e3o&#8221; significam que o que acontece numa parte do mundo afecta todas as outras partes dele. Como resultado, uma solu\u00e7\u00e3o para a crise global deve incluir o mundo inteiro, pois se somente se uma parte for curada, as outras, partes enfermas, ainda ficar\u00e3o doentes.<\/p>\n<p style=\"text-align: justify\"><em>Os Benef\u00edcios da Nova Economia: Como resolver a crise econ\u00f4mica atrav\u00e9s da responsabilidade m\u00fatua<\/em>&nbsp;foi escrito por preocupa\u00e7\u00e3o pelo nosso futuro comum. Seu prop\u00f3sito \u00e9 aumentar nosso entendimento do tumulto econ\u00f4mico de hoje, suas causas, como pode ser solucionado e seu antecipado resultado. A estrada para uma nova economia reside n\u00e3o em cobrar novos impostos, imprimir dinheiro ou qualquer rem\u00e9dio do passado. Em vez disso, a solu\u00e7\u00e3o reside numa sociedade onde todos se apoiam uns aos outros em garantia m\u00fatua. Isto cria o meio ambiente social de preocupa\u00e7\u00e3o e considera\u00e7\u00e3o e o entendimento de que nos elevaremos ou cairemos juntos, pois todos somos interdependentes.<\/p>\n<p style=\"text-align: justify\">Este livro cont\u00e9m treze ensaios &#8220;individuais&#8221; escritos em 2011 por v\u00e1rios economistas e financeiros de diferentes disciplinas. Cada ensaio responde a um problema espec\u00edfico e pode ser lido como uma unidade separada. Contudo, um tema os conecta: a aus\u00eancia de garantia m\u00fatua como a causa de nossos problemas no mundo global e integral.<\/p>\n<p style=\"text-align: justify\">Voc\u00ea pode ler estes ensaios numa ordem \u00e0 sua escolha. N\u00f3s, os autores, acreditamos que se ler pelo menos v\u00e1rios ensaios receber\u00e1 uma vis\u00e3o mais abrangente da transforma\u00e7\u00e3o necess\u00e1ria em prol de solucionar a crise global e criar uma economia mais sustent\u00e1vel e pr\u00f3spera.<\/p>\n<p style=\"text-align: justify\"><a href=\"https:\/\/www.michaellaitman.com\/artigos\/os-beneficios-da-nova-economia\/\">Ler<\/a> | <a href=\"https:\/\/www.amazon.com\/Benef%C3%ADcios-Nova-Economia-Resolvendo-Responsabilidade\/dp\/1508715009\">Comprar<\/a><\/p>\n","protected":false},"excerpt":{"rendered":"<p>Voc\u00ea alguma vez se questionou por qu\u00ea, com todos os esfor\u00e7os dos melhores economistas no mundo, a crise econ\u00f4mica se recusa a esvaecer? A resposta para essa pergunta reside connosco, todos n\u00f3s. A economia \u00e9 um reflexo de nossos relacionamentos.<span class=\"ellipsis\">&hellip;<\/span><\/p>\n<div class=\"read-more\"><a href=\"https:\/\/www.michaellaitman.com\/pt\/books\/os-beneficios-da-nova-economia\/\">Leia mais &#8250;<\/a><\/div>\n<p><!-- end of .read-more --><\/p>\n","protected":false},"author":11,"featured_media":0,"parent":40,"menu_order":0,"comment_status":"open","ping_status":"open","template":"sidebar-content-page.php","meta":{"ngg_post_thumbnail":0,"footnotes":""},"class_list":["post-1041","page","type-page","status-publish","hentry"],"_links":{"self":[{"href":"https:\/\/www.michaellaitman.com\/pt\/wp-json\/wp\/v2\/pages\/1041","targetHints":{"allow":["GET"]}}],"collection":[{"href":"https:\/\/www.michaellaitman.com\/pt\/wp-json\/wp\/v2\/pages"}],"about":[{"href":"https:\/\/www.michaellaitman.com\/pt\/wp-json\/wp\/v2\/types\/page"}],"author":[{"embeddable":true,"href":"https:\/\/www.michaellaitman.com\/pt\/wp-json\/wp\/v2\/users\/11"}],"replies":[{"embeddable":true,"href":"https:\/\/www.michaellaitman.com\/pt\/wp-json\/wp\/v2\/comments?post=1041"}],"version-history":[{"count":1,"href":"https:\/\/www.michaellaitman.com\/pt\/wp-json\/wp\/v2\/pages\/1041\/revisions"}],"predecessor-version":[{"id":2210,"href":"https:\/\/www.michaellaitman.com\/pt\/wp-json\/wp\/v2\/pages\/1041\/revisions\/2210"}],"up":[{"embeddable":true,"href":"https:\/\/www.michaellaitman.com\/pt\/wp-json\/wp\/v2\/pages\/40"}],"wp:attachment":[{"href":"https:\/\/www.michaellaitman.com\/pt\/wp-json\/wp\/v2\/media?parent=1041"}],"curies":[{"name":"wp","href":"https:\/\/api.w.org\/{rel}","templated":true}]}}