{"id":102,"date":"2012-09-25T09:39:17","date_gmt":"2012-09-25T09:39:17","guid":{"rendered":"http:\/\/dev.michaellaitman.kbb1.com\/?page_id=102"},"modified":"2018-09-20T16:31:25","modified_gmt":"2018-09-20T19:31:25","slug":"films-videos","status":"publish","type":"page","link":"https:\/\/www.michaellaitman.com\/pt\/films-videos\/","title":{"rendered":"Filmes &amp; V\u00eddeos"},"content":{"rendered":"<p>Do <a href=\"https:\/\/www.youtube.com\/c\/michaellaitmanportugu%C3%AAs\">Canal YouTube de Dr. Laitman<\/a><\/p>\n<p><iframe loading=\"lazy\" title=\"A morte do Sonho Americano\" width=\"550\" height=\"309\" src=\"https:\/\/www.youtube.com\/embed\/FfWWD0VMfXY?feature=oembed\" frameborder=\"0\" allow=\"accelerometer; autoplay; clipboard-write; encrypted-media; gyroscope; picture-in-picture; web-share\" referrerpolicy=\"strict-origin-when-cross-origin\" allowfullscreen><\/iframe><\/p>\n<p><iframe loading=\"lazy\" title=\"Ciber Ataque: Tudo Resulta do Ego\u00edsmo Humano\" width=\"550\" height=\"309\" src=\"https:\/\/www.youtube.com\/embed\/Dzm86dmlTpI?feature=oembed\" frameborder=\"0\" allow=\"accelerometer; autoplay; clipboard-write; encrypted-media; gyroscope; picture-in-picture; web-share\" referrerpolicy=\"strict-origin-when-cross-origin\" allowfullscreen><\/iframe><\/p>\n<p><iframe loading=\"lazy\" title=\"Atividades Internacionais de Dr  Michael Laitman\" width=\"550\" height=\"309\" src=\"https:\/\/www.youtube.com\/embed\/-WYoxoc0_80?feature=oembed\" frameborder=\"0\" allow=\"accelerometer; autoplay; clipboard-write; encrypted-media; gyroscope; picture-in-picture; web-share\" referrerpolicy=\"strict-origin-when-cross-origin\" allowfullscreen><\/iframe><\/p>\n<p><iframe loading=\"lazy\" title=\"2017: Transi\u00e7\u00e3o para uma Nova Ordem Socio-Econ\u00f3mica?\" width=\"550\" height=\"309\" src=\"https:\/\/www.youtube.com\/embed\/Wl5V3-HiNDQ?feature=oembed\" frameborder=\"0\" allow=\"accelerometer; autoplay; clipboard-write; encrypted-media; gyroscope; picture-in-picture; web-share\" referrerpolicy=\"strict-origin-when-cross-origin\" allowfullscreen><\/iframe><\/p>\n","protected":false},"excerpt":{"rendered":"<p>Do Canal YouTube de Dr. Laitman<\/p>\n","protected":false},"author":1,"featured_media":0,"parent":0,"menu_order":0,"comment_status":"open","ping_status":"open","template":"sidebar-content-page.php","meta":{"ngg_post_thumbnail":0,"footnotes":""},"class_list":["post-102","page","type-page","status-publish","hentry"],"_links":{"self":[{"href":"https:\/\/www.michaellaitman.com\/pt\/wp-json\/wp\/v2\/pages\/102","targetHints":{"allow":["GET"]}}],"collection":[{"href":"https:\/\/www.michaellaitman.com\/pt\/wp-json\/wp\/v2\/pages"}],"about":[{"href":"https:\/\/www.michaellaitman.com\/pt\/wp-json\/wp\/v2\/types\/page"}],"author":[{"embeddable":true,"href":"https:\/\/www.michaellaitman.com\/pt\/wp-json\/wp\/v2\/users\/1"}],"replies":[{"embeddable":true,"href":"https:\/\/www.michaellaitman.com\/pt\/wp-json\/wp\/v2\/comments?post=102"}],"version-history":[{"count":1,"href":"https:\/\/www.michaellaitman.com\/pt\/wp-json\/wp\/v2\/pages\/102\/revisions"}],"predecessor-version":[{"id":234,"href":"https:\/\/www.michaellaitman.com\/pt\/wp-json\/wp\/v2\/pages\/102\/revisions\/234"}],"wp:attachment":[{"href":"https:\/\/www.michaellaitman.com\/pt\/wp-json\/wp\/v2\/media?parent=102"}],"curies":[{"name":"wp","href":"https:\/\/api.w.org\/{rel}","templated":true}]}}