{"id":10,"date":"2012-09-19T11:29:28","date_gmt":"2012-09-19T11:29:28","guid":{"rendered":"http:\/\/dev.michaellaitman.kbb1.com\/?page_id=10"},"modified":"2014-08-24T15:13:23","modified_gmt":"2014-08-24T15:13:23","slug":"economic-outlook","status":"publish","type":"page","link":"https:\/\/www.michaellaitman.com\/pt\/person\/economic-outlook\/","title":{"rendered":"Vis\u00e3o Econ\u00f4mica"},"content":{"rendered":"<div id=\"attachment_128\" style=\"width: 210px\" class=\"wp-caption alignleft\"><a href=\"https:\/\/www.michaellaitman.com\/person\/economic-outlook\/index_img_5\/\" rel=\"attachment wp-att-128\"><img loading=\"lazy\" decoding=\"async\" aria-describedby=\"caption-attachment-128\" class=\"size-full wp-image-128\" alt=\"Interview with Mike Schneider, from &quot;Night Talk&quot;, on Bloomberg TV\" src=\"https:\/\/www.michaellaitman.com\/wp-content\/uploads\/2012\/09\/index_img_5.jpg\" width=\"200\" height=\"161\" \/><\/a><p id=\"caption-attachment-128\" class=\"wp-caption-text\">Entrevista com Mike Schneider, a partir de &#8220;Noite&#8221;, na Bloomberg TV<\/p><\/div>\n<p>Se entendermos o impacto cr\u00edtico que a natureza das rela\u00e7\u00f5es das pessoas tem sobre a economia, vamos entender o tipo de sistema econ\u00f4mico que devemos construir para que ele desempenhe as suas fun\u00e7\u00f5es de forma eficaz e manter sua estabilidade. Quando o sistema econ\u00f3mico e financeiro adaptar-se ao mundo global integral, em que os la\u00e7os econ\u00f4micos atravessar fronteiras e empresas, em pessoas whih dependem um do outro e se afetam mutuamente, vai garantir a estabilidade do sistema socioecon\u00f4mico. S\u00f3 ent\u00e3o \u00e9 que o sistema de evitar choques e crises freq\u00fcentes que levam um pesado tributo de n\u00f3s.<\/p>\n<p>No entanto, n\u00e3o s\u00f3 a mudan\u00e7a dever\u00e1 economia, j\u00e1 que as fo econ\u00f3micas e financeiras s\u00e3o reflexos de ELA\u00c7\u00d5ES humanos, toda a comunidade internacional \u00e9 obrigada a fornecer solu\u00e7\u00f5es para reestruturar o sistema de rela\u00e7\u00f5es humanas. Quando nossas rela\u00e7\u00f5es come\u00e7am a mudar em dire\u00e7\u00e3o a liga\u00e7\u00e3o, a unidade, a coes\u00e3o social, o cuidado com os outros, e preocupa\u00e7\u00e3o m\u00fatua, vamos saber como alterar o paradigma econ\u00f4mico em conformidade.<\/p>\n","protected":false},"excerpt":{"rendered":"<p>Se entendermos o impacto cr\u00edtico que a natureza das rela\u00e7\u00f5es das pessoas tem sobre a economia, vamos entender o tipo de sistema econ\u00f4mico que devemos construir para que ele desempenhe as suas fun\u00e7\u00f5es de forma eficaz e manter sua estabilidade.<span class=\"ellipsis\">&hellip;<\/span><\/p>\n<div class=\"read-more\"><a href=\"https:\/\/www.michaellaitman.com\/pt\/person\/economic-outlook\/\">Leia mais &#8250;<\/a><\/div>\n<p><!-- end of .read-more --><\/p>\n","protected":false},"author":1,"featured_media":0,"parent":56,"menu_order":2,"comment_status":"open","ping_status":"open","template":"sidebar-content-page.php","meta":{"ngg_post_thumbnail":0,"footnotes":""},"class_list":["post-10","page","type-page","status-publish","hentry"],"_links":{"self":[{"href":"https:\/\/www.michaellaitman.com\/pt\/wp-json\/wp\/v2\/pages\/10","targetHints":{"allow":["GET"]}}],"collection":[{"href":"https:\/\/www.michaellaitman.com\/pt\/wp-json\/wp\/v2\/pages"}],"about":[{"href":"https:\/\/www.michaellaitman.com\/pt\/wp-json\/wp\/v2\/types\/page"}],"author":[{"embeddable":true,"href":"https:\/\/www.michaellaitman.com\/pt\/wp-json\/wp\/v2\/users\/1"}],"replies":[{"embeddable":true,"href":"https:\/\/www.michaellaitman.com\/pt\/wp-json\/wp\/v2\/comments?post=10"}],"version-history":[{"count":0,"href":"https:\/\/www.michaellaitman.com\/pt\/wp-json\/wp\/v2\/pages\/10\/revisions"}],"up":[{"embeddable":true,"href":"https:\/\/www.michaellaitman.com\/pt\/wp-json\/wp\/v2\/pages\/56"}],"wp:attachment":[{"href":"https:\/\/www.michaellaitman.com\/pt\/wp-json\/wp\/v2\/media?parent=10"}],"curies":[{"name":"wp","href":"https:\/\/api.w.org\/{rel}","templated":true}]}}