{"id":70,"date":"2012-09-23T21:43:24","date_gmt":"2012-09-23T21:43:24","guid":{"rendered":"http:\/\/dev.michaellaitman.kbb1.com\/?page_id=70"},"modified":"2016-05-08T14:17:28","modified_gmt":"2016-05-08T12:17:28","slug":"self-interest-vs-altruism","status":"publish","type":"page","link":"https:\/\/www.michaellaitman.com\/no\/books\/self-interest-vs-altruism\/","title":{"rendered":"Self-Interest vs. Altruism"},"content":{"rendered":"<p><span style=\"font-weight: 400\">Self-Interest vs. Altruism in the Global Era presenterer et nytt perspektiv p\u00e5 de utfordringer vi i dag st\u00e5r overfor i verden. Dr. Laitman viser leserne at verdens problemer er konsekvenser av menneskehetens \u00f8kende egoisme. I denne \u00e5nd antyder boken m\u00e5ter \u00e5 bruke v\u00e5r egoisme til samfunnets nytte, istedenfor kun for v\u00e5r egeninteresse. <\/span><span style=\"font-weight: 400\"><br \/>\n<\/span><span style=\"font-weight: 400\"><br \/>\n<\/span><span style=\"font-weight: 400\">De f\u00f8rst kapittlene tilbyr en unik forst\u00e5else av menneskehetens eksistens p\u00e5 v\u00e5r planet, og hvordan v\u00e5r kollektive egoisme har p\u00e5virket utviklingen av samfunnet v\u00e5rt. Ved \u00e5 forst\u00e5 egoet og dens opprinnelse, vil leseren oppdage en ny forst\u00e5else for den globale integrerte eksistens, som ett botemiddel for samfunnets onder. De siste kapittlene tiltaler v\u00e5re n\u00e5v\u00e6rende sosiale og politiske utfordringer, og forklare hvordan vi kan bruke v\u00e5rt ego til \u00e5 l\u00f8se dem, istedenfor \u00e5 fortsette den nedadg\u00e5ende syklusen menneskeheten befinner seg i.<\/span><\/p>\n<p><a title=\"KabbalahBooks.info\" href=\"http:\/\/kabbalahbooks.info\" target=\"_blank\">kabbalahbooks.info<\/a><\/p>\n","protected":false},"excerpt":{"rendered":"<p>Self-Interest vs. Altruism in the Global Era presenterer et nytt perspektiv p\u00e5 de utfordringer vi i dag st\u00e5r overfor i verden. Dr. Laitman viser leserne at verdens problemer er konsekvenser av menneskehetens \u00f8kende egoisme. I denne \u00e5nd antyder boken m\u00e5ter<span class=\"ellipsis\">&hellip;<\/span><\/p>\n<div class=\"read-more\"><a href=\"https:\/\/www.michaellaitman.com\/no\/books\/self-interest-vs-altruism\/\">Read more &#8250;<\/a><\/div>\n<p><!-- end of .read-more --><\/p>\n","protected":false},"author":1,"featured_media":118,"parent":40,"menu_order":5,"comment_status":"open","ping_status":"open","template":"sidebar-content-page.php","meta":{"ngg_post_thumbnail":0,"footnotes":""},"class_list":["post-70","page","type-page","status-publish","has-post-thumbnail","hentry"],"_links":{"self":[{"href":"https:\/\/www.michaellaitman.com\/no\/wp-json\/wp\/v2\/pages\/70","targetHints":{"allow":["GET"]}}],"collection":[{"href":"https:\/\/www.michaellaitman.com\/no\/wp-json\/wp\/v2\/pages"}],"about":[{"href":"https:\/\/www.michaellaitman.com\/no\/wp-json\/wp\/v2\/types\/page"}],"author":[{"embeddable":true,"href":"https:\/\/www.michaellaitman.com\/no\/wp-json\/wp\/v2\/users\/1"}],"replies":[{"embeddable":true,"href":"https:\/\/www.michaellaitman.com\/no\/wp-json\/wp\/v2\/comments?post=70"}],"version-history":[{"count":1,"href":"https:\/\/www.michaellaitman.com\/no\/wp-json\/wp\/v2\/pages\/70\/revisions"}],"predecessor-version":[{"id":72,"href":"https:\/\/www.michaellaitman.com\/no\/wp-json\/wp\/v2\/pages\/70\/revisions\/72"}],"up":[{"embeddable":true,"href":"https:\/\/www.michaellaitman.com\/no\/wp-json\/wp\/v2\/pages\/40"}],"wp:featuredmedia":[{"embeddable":true,"href":"https:\/\/www.michaellaitman.com\/no\/wp-json\/wp\/v2\/media\/118"}],"wp:attachment":[{"href":"https:\/\/www.michaellaitman.com\/no\/wp-json\/wp\/v2\/media?parent=70"}],"curies":[{"name":"wp","href":"https:\/\/api.w.org\/{rel}","templated":true}]}}