{"id":66,"date":"2012-09-23T21:36:40","date_gmt":"2012-09-23T21:36:40","guid":{"rendered":"http:\/\/dev.michaellaitman.kbb1.com\/?page_id=66"},"modified":"2016-05-08T12:45:54","modified_gmt":"2016-05-08T10:45:54","slug":"a-guide-to-the-new-world","status":"publish","type":"page","link":"https:\/\/www.michaellaitman.com\/no\/books\/a-guide-to-the-new-world\/","title":{"rendered":"A Guide to the New World"},"content":{"rendered":"<p><span style=\"font-weight: 400\">Hvorfor eier 1% av verdens befolkning 40% av all rikdom i verden? Hvorfor produserer utdannings-systemer over hele verden ulykkelige og d\u00e5rlig utdannede barn? Hvorfor finnes det sult? Hvorfor stiger matvarepriser, \u00a0n\u00e5r det er mer enn nok mat til alle? Hvorfor finnes det fortsatt land der menneskeverd og sosial rettferdighet er ikke- eksisterende? N\u00e5r og hvordan vil denne urett gj\u00f8res rett?<\/span><\/p>\n<p><span style=\"font-weight: 400\">I 2011 r\u00f8rte disse sp\u00f8rsm\u00e5lene hjertene til millioner av mennesker verden rundt. Kallet etter sosial rettferd, har blitt en ettersp\u00f8rsel vi alle kan forenes rundt. Alle lengter etter et samfunn der vi kan f\u00f8le oss trygge, og stole p\u00e5 v\u00e5re naboer, og garantere v\u00e5re barns fremtid. I et slikt samfunn vil alle ta vare p\u00e5 hverandre, en gjensidig garanti &#8211; der vi alle garanterer for hverandre &#8211; vil blomstre.<\/span><\/p>\n<p><span style=\"font-weight: 400\">Til tross utfordringene tror vi at forandring er mulig, og at vi kan finne en m\u00e5te \u00e5 gjenomf\u00f8re det p\u00e5. Derfor er boken du holder i h\u00e5nden positiv og optimistisk.<\/span><\/p>\n<p><span style=\"font-weight: 400\">Vi har i dag en unik mulighet til \u00e5 oppn\u00e5 en global transformasjon p\u00e5 en fredelig og hyggelig m\u00e5te, og \u201c<\/span><i><span style=\"font-weight: 400\">A Guide to the New World: Why Mutual Guarantee Is the Key to Our Recovery From the Global Crisis\u00a0<\/span><\/i><span style=\"font-weight: 400\">pr\u00f8ver \u00e5 hjelpe oss bane vei mot dette m\u00e5let.<\/span><\/p>\n<p><span style=\"font-weight: 400\">Boken er delt inn i to deler, pluss indeks. Del <\/span><span style=\"font-weight: 400\">\u00e9n<\/span><span style=\"font-weight: 400\"> inneholder konseptet gjensidig garanti. Del to beskriver detaljert oppbygningen av v\u00e5rt nye samfunn, basert p\u00e5 gjendidig garanti prinsippet, som presenteres i del <\/span><span style=\"font-weight: 400\">\u00e9n<\/span><span style=\"font-weight: 400\">. Indeks inneholder tidligere publiksjoner av ARI Instituttet, som viser sin sosiale, pedagogiske og \u00f8konomiske ideologier. <\/span><\/p>\n<p><a title=\"KabbalahBooks.info\" href=\"http:\/\/kabbalahbooks.info\" target=\"_blank\">kabbalahbooks.info<\/a><\/p>\n","protected":false},"excerpt":{"rendered":"<p>Hvorfor eier 1% av verdens befolkning 40% av all rikdom i verden? Hvorfor produserer utdannings-systemer over hele verden ulykkelige og d\u00e5rlig utdannede barn? Hvorfor finnes det sult? Hvorfor stiger matvarepriser, \u00a0n\u00e5r det er mer enn nok mat til alle? Hvorfor<span class=\"ellipsis\">&hellip;<\/span><\/p>\n<div class=\"read-more\"><a href=\"https:\/\/www.michaellaitman.com\/no\/books\/a-guide-to-the-new-world\/\">Read more &#8250;<\/a><\/div>\n<p><!-- end of .read-more --><\/p>\n","protected":false},"author":1,"featured_media":119,"parent":40,"menu_order":2,"comment_status":"open","ping_status":"open","template":"sidebar-content-page.php","meta":{"ngg_post_thumbnail":0,"footnotes":""},"class_list":["post-66","page","type-page","status-publish","has-post-thumbnail","hentry"],"_links":{"self":[{"href":"https:\/\/www.michaellaitman.com\/no\/wp-json\/wp\/v2\/pages\/66","targetHints":{"allow":["GET"]}}],"collection":[{"href":"https:\/\/www.michaellaitman.com\/no\/wp-json\/wp\/v2\/pages"}],"about":[{"href":"https:\/\/www.michaellaitman.com\/no\/wp-json\/wp\/v2\/types\/page"}],"author":[{"embeddable":true,"href":"https:\/\/www.michaellaitman.com\/no\/wp-json\/wp\/v2\/users\/1"}],"replies":[{"embeddable":true,"href":"https:\/\/www.michaellaitman.com\/no\/wp-json\/wp\/v2\/comments?post=66"}],"version-history":[{"count":1,"href":"https:\/\/www.michaellaitman.com\/no\/wp-json\/wp\/v2\/pages\/66\/revisions"}],"predecessor-version":[{"id":114,"href":"https:\/\/www.michaellaitman.com\/no\/wp-json\/wp\/v2\/pages\/66\/revisions\/114"}],"up":[{"embeddable":true,"href":"https:\/\/www.michaellaitman.com\/no\/wp-json\/wp\/v2\/pages\/40"}],"wp:featuredmedia":[{"embeddable":true,"href":"https:\/\/www.michaellaitman.com\/no\/wp-json\/wp\/v2\/media\/119"}],"wp:attachment":[{"href":"https:\/\/www.michaellaitman.com\/no\/wp-json\/wp\/v2\/media?parent=66"}],"curies":[{"name":"wp","href":"https:\/\/api.w.org\/{rel}","templated":true}]}}